{"id":3382,"date":"2024-07-29T18:23:39","date_gmt":"2024-07-29T15:23:39","guid":{"rendered":"https:\/\/medinstrus.lt\/product\/beta\/"},"modified":"2024-07-29T18:23:39","modified_gmt":"2024-07-29T15:23:39","slug":"beta","status":"publish","type":"product","link":"https:\/\/medinstrus.lt\/de\/produkt\/beta\/","title":{"rendered":"BETA"},"content":{"rendered":"<p><strong>Wichtige Merkmale:<\/strong><\/p>\n<p><strong>Vielseitige Tischplattenoptionen:<\/strong><\/p>\n<ul>\n<li><strong>Modell MBO1T<\/strong> &#8211; Verf\u00fcgt \u00fcber eine anhebbare Tischplatte und einen Stuhl mit fester H\u00f6he, der f\u00fcr Stabilit\u00e4t und Benutzerfreundlichkeit sorgt.<\/li>\n<li><strong>Modell MBO1C<\/strong> &#8211; Ausgestattet mit einer Tischplatte mit fester H\u00f6he und einem h\u00f6henverstellbaren Stuhl, der Flexibilit\u00e4t bei der Patientenpositionierung bietet.<\/li>\n<li><strong>Modell MBO1CT<\/strong> &#8211; Beinhaltet sowohl einen h\u00f6henverstellbaren Stuhl als auch eine Tischplatte f\u00fcr maximale Verstellbarkeit.<\/li>\n<\/ul>\n<p><strong>Verschiebbare Tischplatte:<\/strong><\/p>\n<ul>\n<li>Der <strong>neu verst\u00e4rkte Gleitarm<\/strong> sorgt f\u00fcr noch mehr Stabilit\u00e4t und kann jetzt auch <strong>schwerere Instrumente<\/strong> tragen.<\/li>\n<li>Die <strong>Tischplatte ist nur 7 cm dick<\/strong> und damit <strong>ideal f\u00fcr Rollstuhlfahrer geeignet<\/strong>.<\/li>\n<\/ul>\n<p><strong>Integrierte Beleuchtung:<\/strong><\/p>\n<ol>\n<li>Verf\u00fcgt \u00fcber eine <strong>S\u00e4ule mit einer LED-Modullampe<\/strong>, die f\u00fcr eine helle und gleichm\u00e4\u00dfige Beleuchtung sorgt.<\/li>\n<li>Das <strong>Bedienfeld verf\u00fcgt \u00fcber eine Umgebungsbeleuchtung<\/strong>, die der Workstation einen professionellen und eleganten Touch verleiht.<\/li>\n<\/ol>\n<p><strong>Integrierte Leistung:<\/strong><\/p>\n<ol>\n<li>Entwickelt f\u00fcr die Stromversorgung von Instrumenten wie <strong>Autorefraktometer, OCT, etc.<\/strong><\/li>\n<li><strong>Einstellbare Spannungsversorgung von 3,5V bis 17V, AC oder DC<\/strong>, f\u00fcr die Kompatibilit\u00e4t mit einer Vielzahl von Diagnoseger\u00e4ten.<\/li>\n<\/ol>\n<p><strong>Neue Erweiterungen:<\/strong><\/p>\n<ul>\n<li><strong>Verst\u00e4rkter Gleitarm<\/strong> &#8211; Jetzt noch st\u00e4rker, um eine lange Haltbarkeit und Unterst\u00fctzung f\u00fcr schwere ophthalmologische Instrumente zu gew\u00e4hrleisten.<\/li>\n<li><strong>Bedienfeld mit Umgebungsbeleuchtung<\/strong>, die die Sichtbarkeit und die \u00c4sthetik des Arbeitsbereichs verbessert.<\/li>\n<li><strong>Mechanismus zum Zur\u00fccklehnen des Stuhls<\/strong> &#8211; Kann <strong>manuell oder elektrisch<\/strong> sein und bietet mehr Optionen f\u00fcr den Komfort des Patienten.<\/li>\n<li><strong>Einfacher Zugang von vorne<\/strong> zum <strong>Hauptsteuerblock<\/strong>, was eine schnelle und einfache Wartung erm\u00f6glicht.<\/li>\n<\/ul>\n<p><strong>Anpassungsm\u00f6glichkeiten:<\/strong><\/p>\n<ul>\n<li><strong>Metallteile &amp; Tischplatte Farben:<\/strong> Erh\u00e4ltlich in <strong>Wei\u00df, Schwarz, Dunkelgrau, Hellgrau und Aluminium RAL9007<\/strong>. \u00dcber <strong>200 Holzfarbmuster<\/strong> f\u00fcr Tischplatten verf\u00fcgbar. <\/li>\n<li><strong>Farben der Stuhlpolsterung:<\/strong> Mehrere M\u00f6glichkeiten zur Auswahl, um die \u00c4sthetik Ihrer Klinik zu unterstreichen.<\/li>\n<li><strong>Individuelle Gestaltung der Tischplatte:<\/strong> Sie k\u00f6nnen nicht nur die <strong>Farbe<\/strong>, sondern auch die <strong>Gr\u00f6\u00dfe und Form<\/strong> der Tischplatte ausw\u00e4hlen.<\/li>\n<li><strong>Linksh\u00e4ndige Version:<\/strong> Kann bestellt werden, <strong>muss<\/strong> aber <strong>vor dem Kauf angegeben werden<\/strong>, da sie <strong>nachtr\u00e4glich nicht ge\u00e4ndert werden kann<\/strong>.<\/li>\n<li><strong>Optionales Zubeh\u00f6r:<\/strong>\n<ul>\n<li><strong>Fu\u00dfst\u00fctzen und Armlehnen<\/strong> f\u00fcr zus\u00e4tzlichen Komfort.<\/li>\n<li><strong>Phoropterarm<\/strong> &#8211; Kann f\u00fcr eine m\u00fchelose Integration hinzugef\u00fcgt werden.<\/li>\n<li><strong>Monitorhalterung<\/strong> &#8211; Ideal f\u00fcr digitale Diagramme und Diagnosesoftware.<\/li>\n<li><strong>Sliding Chair Mechanismus<\/strong> &#8211; W\u00e4hlen Sie zwischen <strong>manueller oder motorisierter Bewegung<\/strong>.<\/li>\n<li><strong>Anpassbare Schubladenoptionen<\/strong> &#8211; Entwickelt, um sich nahtlos in die Workstation zu integrieren.<\/li>\n<li><strong>Rollstuhlgerechte Option<\/strong> &#8211; Vollst\u00e4ndig anpassbar f\u00fcr bessere Zug\u00e4nglichkeit f\u00fcr Patienten.<\/li>\n<li><strong>Ablage f\u00fcr Abzweigdose<\/strong> &#8211; Mit <strong>dekorativen Paneelen<\/strong> f\u00fcr einen sauberen und organisierten Arbeitsbereich.<\/li>\n<\/ul>\n<\/li>\n<\/ul>\n<p><strong>Technische Daten:<\/strong><\/p>\n<ul>\n<li><strong>Spannung:<\/strong> 115\/230V, 50\/60Hz<\/li>\n<li><strong>Maximale H\u00f6he:<\/strong> 200 cm<\/li>\n<li><strong>Tischh\u00f6he vom Boden:<\/strong> <strong>\u00b173 cm bis 98 cm<\/strong> (25 cm Hub)<\/li>\n<li><strong>Stuhlh\u00f6he vom Boden:<\/strong> <strong>\u00b148 cm bis 63 cm<\/strong> (15 cm Hub)*<\/li>\n<li><strong>Overhead-LED-Lampe:<\/strong> LED-Modul 20V, 700mA<\/li>\n<li><strong>Instrumente Stromversorgung:<\/strong> -115\/230V, <strong>programmierbar 3-17V AC oder DC<\/strong>, dimmbar oder permanent<\/li>\n<\/ul>\n<p><em>*Variiert je nach Optionen<\/em><\/p>\n<p><strong>Warum BETA Master w\u00e4hlen?<\/strong><\/p>\n<p>\u2714 <strong>Optimierter Arbeitsablauf<\/strong> &#8211; Intelligente ergonomische Funktionen und intuitive Bedienelemente verbessern den Untersuchungsprozess.<br \/>\u2714 <strong>Langlebigkeit &amp; Stabilit\u00e4t<\/strong> &#8211; Die verst\u00e4rkte Struktur sorgt f\u00fcr eine zuverl\u00e4ssige Langzeitleistung.<br \/>\u2714 <strong>Komfort &amp; Zug\u00e4nglichkeit<\/strong> &#8211; Entwickelt f\u00fcr eine nahtlose Interaktion mit den Patienten, einschlie\u00dflich der <strong>Zug\u00e4nglichkeit f\u00fcr Rollstuhlfahrer<\/strong>.<br \/>\u2714 <strong>Modernes Design<\/strong> &#8211; Hochwertige Oberfl\u00e4chen, stimmungsvolle Beleuchtung und stilvolle Aufbewahrungsl\u00f6sungen verbessern die \u00c4sthetik Ihrer Klinik.<\/p>\n<p><strong>BETA Master &#8211; Pr\u00e4zision, Komfort und Leistung in einem kompakten Ger\u00e4t.<\/strong><\/p>\n","protected":false},"excerpt":{"rendered":"<p><strong>Refraktionseinheit BETA Master<\/strong><\/p>\n<p>Das <strong>BETA Master<\/strong> Refraktionsger\u00e4t ist eine robuste und vielseitige L\u00f6sung, die f\u00fcr die vielf\u00e4ltigen Anforderungen moderner Augenarztpraxen entwickelt wurde. Mit seinen fortschrittlichen Funktionen und Anpassungsm\u00f6glichkeiten gew\u00e4hrleistet es sowohl Effizienz als auch Komfort bei Augenuntersuchungen. <\/p>\n","protected":false},"featured_media":4118,"comment_status":"closed","ping_status":"closed","template":"","meta":{"_acf_changed":false},"product_brand":[],"product_cat":[163],"product_tag":[277,279,278],"class_list":{"0":"post-3382","1":"product","2":"type-product","3":"status-publish","4":"has-post-thumbnail","6":"product_cat-refraktionseinheiten","7":"product_tag-beta-refraktionseinheit","8":"product_tag-einrichtung-der-augenuntersuchung","9":"product_tag-ophthalmologische-ausrustung","11":"first","12":"instock","13":"shipping-taxable","14":"product-type-simple"},"acf":[],"gallery_images":[2792,2788,2790],"yoast_head":"<!-- This site is optimized with the Yoast SEO Premium plugin v27.4 (Yoast SEO v27.4) - https:\/\/yoast.com\/product\/yoast-seo-premium-wordpress\/ -->\n<title>Refraktionsger\u00e4t BETA - Medinstrus<\/title>\n<meta name=\"description\" content=\"Entdecken Sie das BETA Refraktionsger\u00e4t, das f\u00fcr effiziente und pr\u00e4zise Augenuntersuchungen mit integrierter diagnostischer Instrumentenunterst\u00fctzung entwickelt wurde.\" \/>\n<meta name=\"robots\" content=\"index, follow, max-snippet:-1, max-image-preview:large, max-video-preview:-1\" \/>\n<link rel=\"canonical\" href=\"https:\/\/medinstrus.lt\/de\/produkt\/beta\/\" \/>\n<meta property=\"og:locale\" content=\"de_DE\" \/>\n<meta property=\"og:type\" content=\"article\" \/>\n<meta property=\"og:title\" content=\"BETA\" \/>\n<meta property=\"og:description\" content=\"Entdecken Sie das BETA Refraktionsger\u00e4t, das f\u00fcr effiziente und pr\u00e4zise Augenuntersuchungen mit integrierter diagnostischer Instrumentenunterst\u00fctzung entwickelt wurde.\" \/>\n<meta property=\"og:url\" content=\"https:\/\/medinstrus.lt\/de\/produkt\/beta\/\" \/>\n<meta property=\"og:site_name\" content=\"Medinstrus\" \/>\n<meta property=\"article:publisher\" content=\"https:\/\/www.facebook.com\/medinstrus\/\" \/>\n<meta property=\"og:image\" content=\"https:\/\/medinstrus.lt\/wp-content\/uploads\/2024\/07\/Dizainas-be-pavadinimo-1.png\" \/>\n\t<meta property=\"og:image:width\" content=\"1080\" \/>\n\t<meta property=\"og:image:height\" content=\"1350\" \/>\n\t<meta property=\"og:image:type\" content=\"image\/png\" \/>\n<meta name=\"twitter:card\" content=\"summary_large_image\" \/>\n<meta name=\"twitter:label1\" content=\"Gesch\u00e4tzte Lesezeit\" \/>\n\t<meta name=\"twitter:data1\" content=\"3\u00a0Minuten\" \/>\n<script type=\"application\/ld+json\" class=\"yoast-schema-graph\">{\"@context\":\"https:\\\/\\\/schema.org\",\"@graph\":[{\"@type\":\"WebPage\",\"@id\":\"https:\\\/\\\/medinstrus.lt\\\/de\\\/produkt\\\/beta\\\/\",\"url\":\"https:\\\/\\\/medinstrus.lt\\\/de\\\/produkt\\\/beta\\\/\",\"name\":\"Refraktionsger\u00e4t BETA - Medinstrus\",\"isPartOf\":{\"@id\":\"https:\\\/\\\/medinstrus.lt\\\/de\\\/#website\"},\"primaryImageOfPage\":{\"@id\":\"https:\\\/\\\/medinstrus.lt\\\/de\\\/produkt\\\/beta\\\/#primaryimage\"},\"image\":{\"@id\":\"https:\\\/\\\/medinstrus.lt\\\/de\\\/produkt\\\/beta\\\/#primaryimage\"},\"thumbnailUrl\":\"https:\\\/\\\/medinstrus.lt\\\/wp-content\\\/uploads\\\/2024\\\/07\\\/BETA-be-stalciaus.png\",\"datePublished\":\"2024-07-29T15:23:39+00:00\",\"description\":\"Entdecken Sie das BETA Refraktionsger\u00e4t, das f\u00fcr effiziente und pr\u00e4zise Augenuntersuchungen mit integrierter diagnostischer Instrumentenunterst\u00fctzung entwickelt wurde.\",\"breadcrumb\":{\"@id\":\"https:\\\/\\\/medinstrus.lt\\\/de\\\/produkt\\\/beta\\\/#breadcrumb\"},\"inLanguage\":\"de\",\"potentialAction\":[{\"@type\":\"ReadAction\",\"target\":[\"https:\\\/\\\/medinstrus.lt\\\/de\\\/produkt\\\/beta\\\/\"]}]},{\"@type\":\"ImageObject\",\"inLanguage\":\"de\",\"@id\":\"https:\\\/\\\/medinstrus.lt\\\/de\\\/produkt\\\/beta\\\/#primaryimage\",\"url\":\"https:\\\/\\\/medinstrus.lt\\\/wp-content\\\/uploads\\\/2024\\\/07\\\/BETA-be-stalciaus.png\",\"contentUrl\":\"https:\\\/\\\/medinstrus.lt\\\/wp-content\\\/uploads\\\/2024\\\/07\\\/BETA-be-stalciaus.png\",\"width\":1080,\"height\":1350},{\"@type\":\"BreadcrumbList\",\"@id\":\"https:\\\/\\\/medinstrus.lt\\\/de\\\/produkt\\\/beta\\\/#breadcrumb\",\"itemListElement\":[{\"@type\":\"ListItem\",\"position\":1,\"name\":\"Home\",\"item\":\"https:\\\/\\\/medinstrus.lt\\\/de\\\/homepage\\\/\"},{\"@type\":\"ListItem\",\"position\":2,\"name\":\"Shop\",\"item\":\"https:\\\/\\\/medinstrus.lt\\\/de\\\/shop\\\/\"},{\"@type\":\"ListItem\",\"position\":3,\"name\":\"BETA\"}]},{\"@type\":\"WebSite\",\"@id\":\"https:\\\/\\\/medinstrus.lt\\\/de\\\/#website\",\"url\":\"https:\\\/\\\/medinstrus.lt\\\/de\\\/\",\"name\":\"https:\\\/\\\/medinstrus.com\\\/\",\"description\":\"Simplicity combined with functionality.\",\"publisher\":{\"@id\":\"https:\\\/\\\/medinstrus.lt\\\/de\\\/#organization\"},\"potentialAction\":[{\"@type\":\"SearchAction\",\"target\":{\"@type\":\"EntryPoint\",\"urlTemplate\":\"https:\\\/\\\/medinstrus.lt\\\/de\\\/?s={search_term_string}\"},\"query-input\":{\"@type\":\"PropertyValueSpecification\",\"valueRequired\":true,\"valueName\":\"search_term_string\"}}],\"inLanguage\":\"de\"},{\"@type\":\"Organization\",\"@id\":\"https:\\\/\\\/medinstrus.lt\\\/de\\\/#organization\",\"name\":\"Medinstrus\",\"url\":\"https:\\\/\\\/medinstrus.lt\\\/de\\\/\",\"logo\":{\"@type\":\"ImageObject\",\"inLanguage\":\"de\",\"@id\":\"https:\\\/\\\/medinstrus.lt\\\/de\\\/#\\\/schema\\\/logo\\\/image\\\/\",\"url\":\"https:\\\/\\\/medinstrus.lt\\\/wp-content\\\/uploads\\\/2025\\\/02\\\/Medinstrus-v1.png\",\"contentUrl\":\"https:\\\/\\\/medinstrus.lt\\\/wp-content\\\/uploads\\\/2025\\\/02\\\/Medinstrus-v1.png\",\"width\":723,\"height\":96,\"caption\":\"Medinstrus\"},\"image\":{\"@id\":\"https:\\\/\\\/medinstrus.lt\\\/de\\\/#\\\/schema\\\/logo\\\/image\\\/\"},\"sameAs\":[\"https:\\\/\\\/www.facebook.com\\\/medinstrus\\\/\",\"https:\\\/\\\/www.instagram.com\\\/Medinstrus\"]}]}<\/script>\n<!-- \/ Yoast SEO Premium plugin. -->","yoast_head_json":{"title":"Refraktionsger\u00e4t BETA - Medinstrus","description":"Entdecken Sie das BETA Refraktionsger\u00e4t, das f\u00fcr effiziente und pr\u00e4zise Augenuntersuchungen mit integrierter diagnostischer Instrumentenunterst\u00fctzung entwickelt wurde.","robots":{"index":"index","follow":"follow","max-snippet":"max-snippet:-1","max-image-preview":"max-image-preview:large","max-video-preview":"max-video-preview:-1"},"canonical":"https:\/\/medinstrus.lt\/de\/produkt\/beta\/","og_locale":"de_DE","og_type":"article","og_title":"BETA","og_description":"Entdecken Sie das BETA Refraktionsger\u00e4t, das f\u00fcr effiziente und pr\u00e4zise Augenuntersuchungen mit integrierter diagnostischer Instrumentenunterst\u00fctzung entwickelt wurde.","og_url":"https:\/\/medinstrus.lt\/de\/produkt\/beta\/","og_site_name":"Medinstrus","article_publisher":"https:\/\/www.facebook.com\/medinstrus\/","og_image":[{"width":1080,"height":1350,"url":"https:\/\/medinstrus.lt\/wp-content\/uploads\/2024\/07\/Dizainas-be-pavadinimo-1.png","type":"image\/png"}],"twitter_card":"summary_large_image","twitter_misc":{"Gesch\u00e4tzte Lesezeit":"3\u00a0Minuten"},"schema":{"@context":"https:\/\/schema.org","@graph":[{"@type":"WebPage","@id":"https:\/\/medinstrus.lt\/de\/produkt\/beta\/","url":"https:\/\/medinstrus.lt\/de\/produkt\/beta\/","name":"Refraktionsger\u00e4t BETA - Medinstrus","isPartOf":{"@id":"https:\/\/medinstrus.lt\/de\/#website"},"primaryImageOfPage":{"@id":"https:\/\/medinstrus.lt\/de\/produkt\/beta\/#primaryimage"},"image":{"@id":"https:\/\/medinstrus.lt\/de\/produkt\/beta\/#primaryimage"},"thumbnailUrl":"https:\/\/medinstrus.lt\/wp-content\/uploads\/2024\/07\/BETA-be-stalciaus.png","datePublished":"2024-07-29T15:23:39+00:00","description":"Entdecken Sie das BETA Refraktionsger\u00e4t, das f\u00fcr effiziente und pr\u00e4zise Augenuntersuchungen mit integrierter diagnostischer Instrumentenunterst\u00fctzung entwickelt wurde.","breadcrumb":{"@id":"https:\/\/medinstrus.lt\/de\/produkt\/beta\/#breadcrumb"},"inLanguage":"de","potentialAction":[{"@type":"ReadAction","target":["https:\/\/medinstrus.lt\/de\/produkt\/beta\/"]}]},{"@type":"ImageObject","inLanguage":"de","@id":"https:\/\/medinstrus.lt\/de\/produkt\/beta\/#primaryimage","url":"https:\/\/medinstrus.lt\/wp-content\/uploads\/2024\/07\/BETA-be-stalciaus.png","contentUrl":"https:\/\/medinstrus.lt\/wp-content\/uploads\/2024\/07\/BETA-be-stalciaus.png","width":1080,"height":1350},{"@type":"BreadcrumbList","@id":"https:\/\/medinstrus.lt\/de\/produkt\/beta\/#breadcrumb","itemListElement":[{"@type":"ListItem","position":1,"name":"Home","item":"https:\/\/medinstrus.lt\/de\/homepage\/"},{"@type":"ListItem","position":2,"name":"Shop","item":"https:\/\/medinstrus.lt\/de\/shop\/"},{"@type":"ListItem","position":3,"name":"BETA"}]},{"@type":"WebSite","@id":"https:\/\/medinstrus.lt\/de\/#website","url":"https:\/\/medinstrus.lt\/de\/","name":"https:\/\/medinstrus.com\/","description":"Simplicity combined with functionality.","publisher":{"@id":"https:\/\/medinstrus.lt\/de\/#organization"},"potentialAction":[{"@type":"SearchAction","target":{"@type":"EntryPoint","urlTemplate":"https:\/\/medinstrus.lt\/de\/?s={search_term_string}"},"query-input":{"@type":"PropertyValueSpecification","valueRequired":true,"valueName":"search_term_string"}}],"inLanguage":"de"},{"@type":"Organization","@id":"https:\/\/medinstrus.lt\/de\/#organization","name":"Medinstrus","url":"https:\/\/medinstrus.lt\/de\/","logo":{"@type":"ImageObject","inLanguage":"de","@id":"https:\/\/medinstrus.lt\/de\/#\/schema\/logo\/image\/","url":"https:\/\/medinstrus.lt\/wp-content\/uploads\/2025\/02\/Medinstrus-v1.png","contentUrl":"https:\/\/medinstrus.lt\/wp-content\/uploads\/2025\/02\/Medinstrus-v1.png","width":723,"height":96,"caption":"Medinstrus"},"image":{"@id":"https:\/\/medinstrus.lt\/de\/#\/schema\/logo\/image\/"},"sameAs":["https:\/\/www.facebook.com\/medinstrus\/","https:\/\/www.instagram.com\/Medinstrus"]}]}},"_links":{"self":[{"href":"https:\/\/medinstrus.lt\/de\/wp-json\/wp\/v2\/product\/3382","targetHints":{"allow":["GET"]}}],"collection":[{"href":"https:\/\/medinstrus.lt\/de\/wp-json\/wp\/v2\/product"}],"about":[{"href":"https:\/\/medinstrus.lt\/de\/wp-json\/wp\/v2\/types\/product"}],"replies":[{"embeddable":true,"href":"https:\/\/medinstrus.lt\/de\/wp-json\/wp\/v2\/comments?post=3382"}],"wp:featuredmedia":[{"embeddable":true,"href":"https:\/\/medinstrus.lt\/de\/wp-json\/wp\/v2\/media\/4118"}],"wp:attachment":[{"href":"https:\/\/medinstrus.lt\/de\/wp-json\/wp\/v2\/media?parent=3382"}],"wp:term":[{"taxonomy":"product_brand","embeddable":true,"href":"https:\/\/medinstrus.lt\/de\/wp-json\/wp\/v2\/product_brand?post=3382"},{"taxonomy":"product_cat","embeddable":true,"href":"https:\/\/medinstrus.lt\/de\/wp-json\/wp\/v2\/product_cat?post=3382"},{"taxonomy":"product_tag","embeddable":true,"href":"https:\/\/medinstrus.lt\/de\/wp-json\/wp\/v2\/product_tag?post=3382"}],"curies":[{"name":"wp","href":"https:\/\/api.w.org\/{rel}","templated":true}]}}