{"id":3378,"date":"2024-07-29T20:23:53","date_gmt":"2024-07-29T17:23:53","guid":{"rendered":"https:\/\/medinstrus.lt\/product\/gama\/"},"modified":"2024-07-29T20:23:53","modified_gmt":"2024-07-29T17:23:53","slug":"gama","status":"publish","type":"product","link":"https:\/\/medinstrus.lt\/de\/produkt\/gama\/","title":{"rendered":"GAMA"},"content":{"rendered":"<p><strong>Wichtige Merkmale:<\/strong><\/p>\n<ul>\n<li><strong>Erh\u00f6hter Patientenstuhl: <\/strong>Der Stuhl l\u00e4sst sich um 15 cm anheben, um den Komfort des Patienten und eine optimale Positionierung w\u00e4hrend der Untersuchung zu gew\u00e4hrleisten.<\/li>\n<li><strong>Option mit verstellbarer R\u00fcckenlehne:<\/strong> Erh\u00e4ltlich mit einer verstellbaren R\u00fcckenlehne f\u00fcr zus\u00e4tzlichen Patientenkomfort bei l\u00e4ngeren Untersuchungen.<\/li>\n<li><strong>Integrierte Beleuchtung: <\/strong>Ausgestattet mit einer S\u00e4ule mit einer LED-Kopfleuchte mit einstellbarer Beleuchtung f\u00fcr pr\u00e4zise Untersuchungsbedingungen.<\/li>\n<li><strong>Platte f\u00fcr Diagrammprojektor:<\/strong> Ausgestattet mit einer Platte f\u00fcr einen Diagrammprojektor, der umfassende Sehtests erm\u00f6glicht.<\/li>\n<li><strong>Bequemer Arbeitsbereich: <\/strong>Eine Ablage f\u00fcr einen Laptop oder das Bedienfeld eines digitalen Refraktors sorgt daf\u00fcr, dass alle wichtigen Werkzeuge in Reichweite sind.<\/li>\n<li><strong>Phoropter-Arm<\/strong>: Ein optionaler Phoropterarm kann hinzugef\u00fcgt werden, um den Untersuchungsprozess zu optimieren.<\/li>\n<\/ul>\n<p><strong>Anpassungsm\u00f6glichkeiten:<\/strong><\/p>\n<ul>\n<li><strong>Farbauswahl:<\/strong> Der GAMA Master ist in verschiedenen Farben f\u00fcr die Metallteile und die Tischplatten erh\u00e4ltlich. So k\u00f6nnen Sie das Ger\u00e4t individuell an die \u00c4sthetik Ihrer Praxis anpassen.<\/li>\n<li><strong>Linksh\u00e4ndige Version:<\/strong> Leicht umwandelbar in eine Linksh\u00e4nderversion, um den Bed\u00fcrfnissen verschiedener Praktiker gerecht zu werden.<\/li>\n<\/ul>\n<p><strong>Optionale Funktionen:<\/strong><\/p>\n<ul>\n<li><strong>Montage f\u00fcr Stuhlrotation:<\/strong> Erleichtert die Positionierung und Bewegung des Patienten w\u00e4hrend der Untersuchung.<\/li>\n<li><strong>Steuerung per Fu\u00dfschalter:<\/strong> F\u00fcr eine bequeme Auf- und Abw\u00e4rtsbewegung des Stuhls, die die Ergonomie und Effizienz des Arbeitsablaufs verbessert.<\/li>\n<\/ul>\n<p><strong>  Warum GAMA Master w\u00e4hlen?<\/strong><\/p>\n<ul>\n<li><strong>Verbesserter Arbeitsablauf:<\/strong> Das ergonomische Design und die vielseitigen Konfigurationsm\u00f6glichkeiten des GAMA Master verbessern die Effizienz des Arbeitsablaufs und erm\u00f6glichen es dem Arzt, Untersuchungen effektiver durchzuf\u00fchren.<\/li>\n<li><strong>Patientenkomfort:<\/strong> Der verstellbare Stuhl und die gut gestalteten Arbeitsfl\u00e4chen gew\u00e4hrleisten maximalen Komfort f\u00fcr die Patienten w\u00e4hrend ihres Besuchs.<\/li>\n<li><strong>Personalisierung:<\/strong> Die M\u00f6glichkeit, das Ger\u00e4t an spezifische Bed\u00fcrfnisse anzupassen, macht den GAMA Master zu einer vielseitigen Erg\u00e4nzung f\u00fcr jede Augenarztpraxis.<\/li>\n<li><strong>Professionelles Aussehen:<\/strong> Das schlanke und moderne Design des GAMA Master tr\u00e4gt zu einer professionellen und einladenden Praxisumgebung bei.<\/li>\n<\/ul>\n","protected":false},"excerpt":{"rendered":"<p><strong>Refraktionseinheit GAMA Master<\/strong><\/p>\n<p>Das GAMA Master Refraktionsger\u00e4t ist f\u00fcr Voruntersuchungen von Augen, Retinoskopie, Sehtests und Kontaktologie konzipiert. Es vereint Effizienz, Komfort und moderne \u00c4sthetik und ist damit eine ausgezeichnete Wahl f\u00fcr jede Augenarztpraxis. <\/p>\n<p>Verbessern Sie Ihre Patientenversorgung und Ihre betriebliche Effizienz mit dem GAMA Master, der fortschrittliche Funktionen und individuelle Designoptionen bietet, um die einzigartigen Anforderungen Ihrer Augenarztpraxis zu erf\u00fcllen.<\/p>\n","protected":false},"featured_media":2940,"comment_status":"closed","ping_status":"closed","template":"","meta":{"_acf_changed":false},"product_brand":[],"product_cat":[163],"product_tag":[267,266,265],"class_list":{"0":"post-3378","1":"product","2":"type-product","3":"status-publish","4":"has-post-thumbnail","6":"product_cat-refraktionseinheiten","7":"product_tag-gama-refraktionseinheit","8":"product_tag-umfassende-augenpflege","9":"product_tag-vielseitige-ophthalmologische-ausrustung","11":"first","12":"instock","13":"shipping-taxable","14":"product-type-simple"},"acf":[],"gallery_images":[],"yoast_head":"<!-- This site is optimized with the Yoast SEO Premium plugin v27.4 (Yoast SEO v27.4) - https:\/\/yoast.com\/product\/yoast-seo-premium-wordpress\/ -->\n<title>Refraktionseinheit Gama - Medinstrus<\/title>\n<meta name=\"description\" content=\"Das GAMA Refraktionsger\u00e4t bietet anpassbare Konfigurationen, um die einzigartigen Bed\u00fcrfnisse moderner Augenarztpraxen zu erf\u00fcllen.\" \/>\n<meta name=\"robots\" content=\"index, follow, max-snippet:-1, max-image-preview:large, max-video-preview:-1\" \/>\n<link rel=\"canonical\" href=\"https:\/\/medinstrus.lt\/de\/produkt\/gama\/\" \/>\n<meta property=\"og:locale\" content=\"de_DE\" \/>\n<meta property=\"og:type\" content=\"article\" \/>\n<meta property=\"og:title\" content=\"GAMA\" \/>\n<meta property=\"og:description\" content=\"Das GAMA Refraktionsger\u00e4t bietet anpassbare Konfigurationen, um die einzigartigen Bed\u00fcrfnisse moderner Augenarztpraxen zu erf\u00fcllen.\" \/>\n<meta property=\"og:url\" content=\"https:\/\/medinstrus.lt\/de\/produkt\/gama\/\" \/>\n<meta property=\"og:site_name\" content=\"Medinstrus\" \/>\n<meta property=\"article:publisher\" content=\"https:\/\/www.facebook.com\/medinstrus\/\" \/>\n<meta property=\"og:image\" content=\"https:\/\/medinstrus.lt\/wp-content\/uploads\/2024\/07\/GAMA-svetainei-1.png\" \/>\n\t<meta property=\"og:image:width\" content=\"1080\" \/>\n\t<meta property=\"og:image:height\" content=\"1350\" \/>\n\t<meta property=\"og:image:type\" content=\"image\/png\" \/>\n<meta name=\"twitter:card\" content=\"summary_large_image\" \/>\n<meta name=\"twitter:label1\" content=\"Gesch\u00e4tzte Lesezeit\" \/>\n\t<meta name=\"twitter:data1\" content=\"2\u00a0Minuten\" \/>\n<script type=\"application\/ld+json\" class=\"yoast-schema-graph\">{\"@context\":\"https:\\\/\\\/schema.org\",\"@graph\":[{\"@type\":\"WebPage\",\"@id\":\"https:\\\/\\\/medinstrus.lt\\\/de\\\/produkt\\\/gama\\\/\",\"url\":\"https:\\\/\\\/medinstrus.lt\\\/de\\\/produkt\\\/gama\\\/\",\"name\":\"Refraktionseinheit Gama - Medinstrus\",\"isPartOf\":{\"@id\":\"https:\\\/\\\/medinstrus.lt\\\/de\\\/#website\"},\"primaryImageOfPage\":{\"@id\":\"https:\\\/\\\/medinstrus.lt\\\/de\\\/produkt\\\/gama\\\/#primaryimage\"},\"image\":{\"@id\":\"https:\\\/\\\/medinstrus.lt\\\/de\\\/produkt\\\/gama\\\/#primaryimage\"},\"thumbnailUrl\":\"https:\\\/\\\/medinstrus.lt\\\/wp-content\\\/uploads\\\/2024\\\/07\\\/GAMA-svetainei-1.png\",\"datePublished\":\"2024-07-29T17:23:53+00:00\",\"description\":\"Das GAMA Refraktionsger\u00e4t bietet anpassbare Konfigurationen, um die einzigartigen Bed\u00fcrfnisse moderner Augenarztpraxen zu erf\u00fcllen.\",\"breadcrumb\":{\"@id\":\"https:\\\/\\\/medinstrus.lt\\\/de\\\/produkt\\\/gama\\\/#breadcrumb\"},\"inLanguage\":\"de\",\"potentialAction\":[{\"@type\":\"ReadAction\",\"target\":[\"https:\\\/\\\/medinstrus.lt\\\/de\\\/produkt\\\/gama\\\/\"]}]},{\"@type\":\"ImageObject\",\"inLanguage\":\"de\",\"@id\":\"https:\\\/\\\/medinstrus.lt\\\/de\\\/produkt\\\/gama\\\/#primaryimage\",\"url\":\"https:\\\/\\\/medinstrus.lt\\\/wp-content\\\/uploads\\\/2024\\\/07\\\/GAMA-svetainei-1.png\",\"contentUrl\":\"https:\\\/\\\/medinstrus.lt\\\/wp-content\\\/uploads\\\/2024\\\/07\\\/GAMA-svetainei-1.png\",\"width\":1080,\"height\":1350,\"caption\":\"GAMA refraction unit versatile for comprehensive eye care\"},{\"@type\":\"BreadcrumbList\",\"@id\":\"https:\\\/\\\/medinstrus.lt\\\/de\\\/produkt\\\/gama\\\/#breadcrumb\",\"itemListElement\":[{\"@type\":\"ListItem\",\"position\":1,\"name\":\"Home\",\"item\":\"https:\\\/\\\/medinstrus.lt\\\/de\\\/homepage\\\/\"},{\"@type\":\"ListItem\",\"position\":2,\"name\":\"Shop\",\"item\":\"https:\\\/\\\/medinstrus.lt\\\/de\\\/shop\\\/\"},{\"@type\":\"ListItem\",\"position\":3,\"name\":\"GAMA\"}]},{\"@type\":\"WebSite\",\"@id\":\"https:\\\/\\\/medinstrus.lt\\\/de\\\/#website\",\"url\":\"https:\\\/\\\/medinstrus.lt\\\/de\\\/\",\"name\":\"https:\\\/\\\/medinstrus.com\\\/\",\"description\":\"Simplicity combined with functionality.\",\"publisher\":{\"@id\":\"https:\\\/\\\/medinstrus.lt\\\/de\\\/#organization\"},\"potentialAction\":[{\"@type\":\"SearchAction\",\"target\":{\"@type\":\"EntryPoint\",\"urlTemplate\":\"https:\\\/\\\/medinstrus.lt\\\/de\\\/?s={search_term_string}\"},\"query-input\":{\"@type\":\"PropertyValueSpecification\",\"valueRequired\":true,\"valueName\":\"search_term_string\"}}],\"inLanguage\":\"de\"},{\"@type\":\"Organization\",\"@id\":\"https:\\\/\\\/medinstrus.lt\\\/de\\\/#organization\",\"name\":\"Medinstrus\",\"url\":\"https:\\\/\\\/medinstrus.lt\\\/de\\\/\",\"logo\":{\"@type\":\"ImageObject\",\"inLanguage\":\"de\",\"@id\":\"https:\\\/\\\/medinstrus.lt\\\/de\\\/#\\\/schema\\\/logo\\\/image\\\/\",\"url\":\"https:\\\/\\\/medinstrus.lt\\\/wp-content\\\/uploads\\\/2025\\\/02\\\/Medinstrus-v1.png\",\"contentUrl\":\"https:\\\/\\\/medinstrus.lt\\\/wp-content\\\/uploads\\\/2025\\\/02\\\/Medinstrus-v1.png\",\"width\":723,\"height\":96,\"caption\":\"Medinstrus\"},\"image\":{\"@id\":\"https:\\\/\\\/medinstrus.lt\\\/de\\\/#\\\/schema\\\/logo\\\/image\\\/\"},\"sameAs\":[\"https:\\\/\\\/www.facebook.com\\\/medinstrus\\\/\",\"https:\\\/\\\/www.instagram.com\\\/Medinstrus\"]}]}<\/script>\n<!-- \/ Yoast SEO Premium plugin. -->","yoast_head_json":{"title":"Refraktionseinheit Gama - Medinstrus","description":"Das GAMA Refraktionsger\u00e4t bietet anpassbare Konfigurationen, um die einzigartigen Bed\u00fcrfnisse moderner Augenarztpraxen zu erf\u00fcllen.","robots":{"index":"index","follow":"follow","max-snippet":"max-snippet:-1","max-image-preview":"max-image-preview:large","max-video-preview":"max-video-preview:-1"},"canonical":"https:\/\/medinstrus.lt\/de\/produkt\/gama\/","og_locale":"de_DE","og_type":"article","og_title":"GAMA","og_description":"Das GAMA Refraktionsger\u00e4t bietet anpassbare Konfigurationen, um die einzigartigen Bed\u00fcrfnisse moderner Augenarztpraxen zu erf\u00fcllen.","og_url":"https:\/\/medinstrus.lt\/de\/produkt\/gama\/","og_site_name":"Medinstrus","article_publisher":"https:\/\/www.facebook.com\/medinstrus\/","og_image":[{"width":1080,"height":1350,"url":"https:\/\/medinstrus.lt\/wp-content\/uploads\/2024\/07\/GAMA-svetainei-1.png","type":"image\/png"}],"twitter_card":"summary_large_image","twitter_misc":{"Gesch\u00e4tzte Lesezeit":"2\u00a0Minuten"},"schema":{"@context":"https:\/\/schema.org","@graph":[{"@type":"WebPage","@id":"https:\/\/medinstrus.lt\/de\/produkt\/gama\/","url":"https:\/\/medinstrus.lt\/de\/produkt\/gama\/","name":"Refraktionseinheit Gama - Medinstrus","isPartOf":{"@id":"https:\/\/medinstrus.lt\/de\/#website"},"primaryImageOfPage":{"@id":"https:\/\/medinstrus.lt\/de\/produkt\/gama\/#primaryimage"},"image":{"@id":"https:\/\/medinstrus.lt\/de\/produkt\/gama\/#primaryimage"},"thumbnailUrl":"https:\/\/medinstrus.lt\/wp-content\/uploads\/2024\/07\/GAMA-svetainei-1.png","datePublished":"2024-07-29T17:23:53+00:00","description":"Das GAMA Refraktionsger\u00e4t bietet anpassbare Konfigurationen, um die einzigartigen Bed\u00fcrfnisse moderner Augenarztpraxen zu erf\u00fcllen.","breadcrumb":{"@id":"https:\/\/medinstrus.lt\/de\/produkt\/gama\/#breadcrumb"},"inLanguage":"de","potentialAction":[{"@type":"ReadAction","target":["https:\/\/medinstrus.lt\/de\/produkt\/gama\/"]}]},{"@type":"ImageObject","inLanguage":"de","@id":"https:\/\/medinstrus.lt\/de\/produkt\/gama\/#primaryimage","url":"https:\/\/medinstrus.lt\/wp-content\/uploads\/2024\/07\/GAMA-svetainei-1.png","contentUrl":"https:\/\/medinstrus.lt\/wp-content\/uploads\/2024\/07\/GAMA-svetainei-1.png","width":1080,"height":1350,"caption":"GAMA refraction unit versatile for comprehensive eye care"},{"@type":"BreadcrumbList","@id":"https:\/\/medinstrus.lt\/de\/produkt\/gama\/#breadcrumb","itemListElement":[{"@type":"ListItem","position":1,"name":"Home","item":"https:\/\/medinstrus.lt\/de\/homepage\/"},{"@type":"ListItem","position":2,"name":"Shop","item":"https:\/\/medinstrus.lt\/de\/shop\/"},{"@type":"ListItem","position":3,"name":"GAMA"}]},{"@type":"WebSite","@id":"https:\/\/medinstrus.lt\/de\/#website","url":"https:\/\/medinstrus.lt\/de\/","name":"https:\/\/medinstrus.com\/","description":"Simplicity combined with functionality.","publisher":{"@id":"https:\/\/medinstrus.lt\/de\/#organization"},"potentialAction":[{"@type":"SearchAction","target":{"@type":"EntryPoint","urlTemplate":"https:\/\/medinstrus.lt\/de\/?s={search_term_string}"},"query-input":{"@type":"PropertyValueSpecification","valueRequired":true,"valueName":"search_term_string"}}],"inLanguage":"de"},{"@type":"Organization","@id":"https:\/\/medinstrus.lt\/de\/#organization","name":"Medinstrus","url":"https:\/\/medinstrus.lt\/de\/","logo":{"@type":"ImageObject","inLanguage":"de","@id":"https:\/\/medinstrus.lt\/de\/#\/schema\/logo\/image\/","url":"https:\/\/medinstrus.lt\/wp-content\/uploads\/2025\/02\/Medinstrus-v1.png","contentUrl":"https:\/\/medinstrus.lt\/wp-content\/uploads\/2025\/02\/Medinstrus-v1.png","width":723,"height":96,"caption":"Medinstrus"},"image":{"@id":"https:\/\/medinstrus.lt\/de\/#\/schema\/logo\/image\/"},"sameAs":["https:\/\/www.facebook.com\/medinstrus\/","https:\/\/www.instagram.com\/Medinstrus"]}]}},"_links":{"self":[{"href":"https:\/\/medinstrus.lt\/de\/wp-json\/wp\/v2\/product\/3378","targetHints":{"allow":["GET"]}}],"collection":[{"href":"https:\/\/medinstrus.lt\/de\/wp-json\/wp\/v2\/product"}],"about":[{"href":"https:\/\/medinstrus.lt\/de\/wp-json\/wp\/v2\/types\/product"}],"replies":[{"embeddable":true,"href":"https:\/\/medinstrus.lt\/de\/wp-json\/wp\/v2\/comments?post=3378"}],"wp:featuredmedia":[{"embeddable":true,"href":"https:\/\/medinstrus.lt\/de\/wp-json\/wp\/v2\/media\/2940"}],"wp:attachment":[{"href":"https:\/\/medinstrus.lt\/de\/wp-json\/wp\/v2\/media?parent=3378"}],"wp:term":[{"taxonomy":"product_brand","embeddable":true,"href":"https:\/\/medinstrus.lt\/de\/wp-json\/wp\/v2\/product_brand?post=3378"},{"taxonomy":"product_cat","embeddable":true,"href":"https:\/\/medinstrus.lt\/de\/wp-json\/wp\/v2\/product_cat?post=3378"},{"taxonomy":"product_tag","embeddable":true,"href":"https:\/\/medinstrus.lt\/de\/wp-json\/wp\/v2\/product_tag?post=3378"}],"curies":[{"name":"wp","href":"https:\/\/api.w.org\/{rel}","templated":true}]}}