{"id":3372,"date":"2024-09-24T11:57:16","date_gmt":"2024-09-24T08:57:16","guid":{"rendered":"https:\/\/medinstrus.lt\/product\/x2s\/"},"modified":"2024-09-24T11:57:16","modified_gmt":"2024-09-24T08:57:16","slug":"x2s","status":"publish","type":"product","link":"https:\/\/medinstrus.lt\/de\/produkt\/x2s\/","title":{"rendered":"X2s"},"content":{"rendered":"<p><strong>Wichtige Merkmale:<\/strong><\/p>\n<p><strong>Schiebetisch f\u00fcr zwei Instrumente:<\/strong><\/p>\n<ul>\n<li>Der Schiebetisch bietet Platz f\u00fcr zwei Instrumente und ist nur 7 cm dick. Damit ist er ideal f\u00fcr Praxen, die Rollstuhlfahrern einen leichten Zugang und Flexibilit\u00e4t bei Untersuchungen bieten.<\/li>\n<\/ul>\n<p>  <strong>Phoropterarm und Projektorhalterung:<\/strong><\/p>\n<ul>\n<li>  Kann mit einem Phoropterarm und einer Kartenprojektorhalterung ausgestattet werden, um eine umfassende und nahtlose Refraktionseinrichtung zu gew\u00e4hrleisten.<\/li>\n<\/ul>\n<p><strong>Ergonomisches Design:<\/strong><\/p>\n<ul>\n<li>Sowohl der Tisch als auch der Stuhl k\u00f6nnen in der H\u00f6he verstellt werden und erm\u00f6glichen so einen ergonomischen Arbeitsablauf, der den Komfort des Arztes und die Zug\u00e4nglichkeit zum Patienten verbessert.<\/li>\n<\/ul>\n<p><strong>Eingebautes Bedienfeld mit Umgebungslicht:<\/strong><\/p>\n<ul>\n<li>Das Bedienfeld ist intuitiv gestaltet und l\u00e4sst sich leicht bedienen, so dass der Arzt die Funktionen des Ger\u00e4ts m\u00fchelos steuern kann. Es verf\u00fcgt au\u00dferdem \u00fcber eine Umgebungsbeleuchtung, die eine beruhigende Atmosph\u00e4re im Untersuchungsraum schafft. <\/li>\n<\/ul>\n<p><strong>Drehbare Aufbewahrungsschublade:<\/strong><\/p>\n<ul>\n<li>Die eingebaute Schublade kann zum Patienten hin gedreht werden, so dass Sie w\u00e4hrend der Untersuchung leicht auf ein Probelinsen-Set und anderes notwendiges Zubeh\u00f6r zugreifen k\u00f6nnen, was den Arbeitsablauf und die Zug\u00e4nglichkeit sowohl f\u00fcr den Arzt als auch f\u00fcr den Patienten verbessert.<\/li>\n<\/ul>\n<p><strong>Anpassungsm\u00f6glichkeiten:<\/strong><\/p>\n<p><strong>Farbauswahl:<\/strong><\/p>\n<ul>\n<li>Die X2S-Einheit ist in einer breiten Palette von Farben f\u00fcr die Metallteile, Tischplatten und Stuhlpolster erh\u00e4ltlich, die eine individuelle Anpassung an die \u00c4sthetik Ihrer Klinik erm\u00f6glichen und f\u00fcr einen stilvollen und professionellen Look sorgen.<\/li>\n<\/ul>\n<p><strong>Anpassung der Tischplatte:<\/strong><\/p>\n<ul>\n<li>Nicht nur die Farben k\u00f6nnen angepasst werden, sondern auch die Gr\u00f6\u00dfe und Form der Tischplatten kann auf die spezifischen Bed\u00fcrfnisse und Vorlieben Ihrer Praxis zugeschnitten werden, was mehr Flexibilit\u00e4t bei der Platzierung der Instrumente bietet.<\/li>\n<\/ul>\n<p><strong>Optionales Zubeh\u00f6r:<\/strong><\/p>\n<ul>\n<li>Fu\u00dfst\u00fctzen &amp; Armst\u00fctzen: F\u00fcr zus\u00e4tzlichen Komfort bei l\u00e4ngeren Untersuchungen.<\/li>\n<li>Phoropter-Arme: K\u00f6nnen f\u00fcr eine umfassende Einrichtung ausgestattet werden.<\/li>\n<li>Monitor-Halterung: F\u00fcr die bequeme Anzeige und Positionierung von Monitoren w\u00e4hrend der Patientenkonsultation.<\/li>\n<li>Fu\u00dfschalter-Steuerung: Zur bequemen Einstellung der Tisch- und Stuhlh\u00f6he w\u00e4hrend der Untersuchung.<\/li>\n<li>Werkseitig installierte Datenkabel: F\u00fcr die nahtlose Integration von Ger\u00e4ten mit FireWire-, USB- oder RS232-Anschluss.<\/li>\n<\/ul>\n<p><strong>Technische Daten:<\/strong><\/p>\n<ul>\n<li>Stromversorgung: 230V, 50\/60Hz.<\/li>\n<li>Tischh\u00f6he vom Boden aus: Einstellbar zwischen 70 cm und 100 cm.<\/li>\n<li>Maximale Gewichtskapazit\u00e4t: Tischplatte: 60 kg, Stuhl: 150 kg.<\/li>\n<li>Stromversorgung f\u00fcr Instrumente: Im Bereich von 3,5V bis 24V, anpassbar an die verschiedenen Anforderungen der Instrumente.<\/li>\n<\/ul>\n<p><strong>Warum X2S w\u00e4hlen?<\/strong><\/p>\n<ul>\n<li>Effizientes Arbeiten: Das ergonomische Layout, der verstellbare Tisch und Stuhl und die intuitiven Bedienelemente rationalisieren den Untersuchungsprozess und erm\u00f6glichen einen einfachen Wechsel zwischen den Instrumenten.<\/li>\n<li>Zug\u00e4nglichkeit f\u00fcr alle Patienten: Mit seiner ultrad\u00fcnnen Tischplatte und den verstellbaren Funktionen ist der X2S f\u00fcr Praxen konzipiert, die Patienten mit Behinderungen oder Rollstuhlfahrern gerecht werden m\u00fcssen.<\/li>\n<li>Elegantes Design: Mit seiner modernen \u00c4sthetik und den anpassbaren Farboptionen f\u00fcr die Metallteile, die Tischplatte und die Stuhlpolsterung wertet der X2S den professionellen Look jeder Klinik auf.<\/li>\n<li>Patientenkomfort: Die vollst\u00e4ndig einstellbare Stuhl- und Tischh\u00f6he sowie die optionalen Fu\u00dfst\u00fctzen und Armlehnen sorgen f\u00fcr eine bequeme Erfahrung f\u00fcr alle Patienten und verbessern die Patientenversorgung.<\/li>\n<li>Personalisierung: Das X2S-Ger\u00e4t kann durch zus\u00e4tzliches Zubeh\u00f6r, Farbauswahl und sogar durch ma\u00dfgeschneiderte Tischplattengr\u00f6\u00dfen und -formen an Ihre Bed\u00fcrfnisse angepasst werden, so dass es f\u00fcr verschiedene klinische Umgebungen geeignet ist.<\/li>\n<\/ul>\n<p>Verbessern Sie die Effizienz und \u00c4sthetik Ihrer Augenarztpraxis mit dem X2S Refraktionsger\u00e4t. Seine fortschrittlichen Funktionen, anpassbaren Optionen und sein modernes Design sorgen f\u00fcr ein verbessertes Patienten- und Praxiserlebnis. <\/p>\n","protected":false},"excerpt":{"rendered":"<p><strong>Refraktionseinheit X2s<\/strong><\/p>\n<p>Das X2S Refraktionsger\u00e4t ist eine elegante und hochfunktionelle L\u00f6sung, die Komfort und Effizienz in die Augenarztpraxis bringt. Sein schlankes Design, die Integration moderner Technologien und seine Vielseitigkeit machen ihn zu einer ausgezeichneten Wahl f\u00fcr \u00c4rzte, die ein hochwertiges Refraktionsger\u00e4t suchen, insbesondere f\u00fcr diejenigen, die Flexibilit\u00e4t f\u00fcr den Zugang mit dem Rollstuhl ben\u00f6tigen. <\/p>\n","protected":false},"featured_media":2866,"comment_status":"closed","ping_status":"closed","template":"","meta":{"_acf_changed":false},"product_brand":[],"product_cat":[163],"product_tag":[327,183],"class_list":{"0":"post-3372","1":"product","2":"type-product","3":"status-publish","4":"has-post-thumbnail","6":"product_cat-refraktionseinheiten","7":"product_tag-arbeitsplatz-fur-ophthalmologen","8":"product_tag-ergonomisches-design","10":"first","11":"instock","12":"shipping-taxable","13":"product-type-simple"},"acf":[],"gallery_images":[2868,2870,2872,2874,2876,2878,2880,2882,2884,2886,2888,2890,2892],"yoast_head":"<!-- This site is optimized with the Yoast SEO Premium plugin v27.4 (Yoast SEO v27.4) - https:\/\/yoast.com\/product\/yoast-seo-premium-wordpress\/ -->\n<title>X2s - Medinstrus<\/title>\n<meta name=\"robots\" content=\"index, follow, max-snippet:-1, max-image-preview:large, max-video-preview:-1\" \/>\n<link rel=\"canonical\" href=\"https:\/\/medinstrus.lt\/de\/produkt\/x2s\/\" \/>\n<meta property=\"og:locale\" content=\"de_DE\" \/>\n<meta property=\"og:type\" content=\"article\" \/>\n<meta property=\"og:title\" content=\"X2s\" \/>\n<meta property=\"og:description\" content=\"Refraktionseinheit X2s Das X2S Refraktionsger\u00e4t ist eine elegante und hochfunktionelle L\u00f6sung, die Komfort und Effizienz in die Augenarztpraxis bringt. Sein schlankes Design, die Integration moderner Technologien und seine Vielseitigkeit machen ihn zu einer ausgezeichneten Wahl f\u00fcr \u00c4rzte, die ein hochwertiges Refraktionsger\u00e4t suchen, insbesondere f\u00fcr diejenigen, die Flexibilit\u00e4t f\u00fcr den Zugang mit dem Rollstuhl ben\u00f6tigen.\" \/>\n<meta property=\"og:url\" content=\"https:\/\/medinstrus.lt\/de\/produkt\/x2s\/\" \/>\n<meta property=\"og:site_name\" content=\"Medinstrus\" \/>\n<meta property=\"article:publisher\" content=\"https:\/\/www.facebook.com\/medinstrus\/\" \/>\n<meta property=\"og:image\" content=\"https:\/\/medinstrus.lt\/wp-content\/uploads\/2024\/09\/1-4.png\" \/>\n\t<meta property=\"og:image:width\" content=\"1080\" \/>\n\t<meta property=\"og:image:height\" content=\"1350\" \/>\n\t<meta property=\"og:image:type\" content=\"image\/png\" \/>\n<meta name=\"twitter:card\" content=\"summary_large_image\" \/>\n<meta name=\"twitter:label1\" content=\"Gesch\u00e4tzte Lesezeit\" \/>\n\t<meta name=\"twitter:data1\" content=\"3\u00a0Minuten\" \/>\n<script type=\"application\/ld+json\" class=\"yoast-schema-graph\">{\"@context\":\"https:\\\/\\\/schema.org\",\"@graph\":[{\"@type\":\"WebPage\",\"@id\":\"https:\\\/\\\/medinstrus.lt\\\/de\\\/produkt\\\/x2s\\\/\",\"url\":\"https:\\\/\\\/medinstrus.lt\\\/de\\\/produkt\\\/x2s\\\/\",\"name\":\"X2s - Medinstrus\",\"isPartOf\":{\"@id\":\"https:\\\/\\\/medinstrus.lt\\\/de\\\/#website\"},\"primaryImageOfPage\":{\"@id\":\"https:\\\/\\\/medinstrus.lt\\\/de\\\/produkt\\\/x2s\\\/#primaryimage\"},\"image\":{\"@id\":\"https:\\\/\\\/medinstrus.lt\\\/de\\\/produkt\\\/x2s\\\/#primaryimage\"},\"thumbnailUrl\":\"https:\\\/\\\/medinstrus.lt\\\/wp-content\\\/uploads\\\/2024\\\/09\\\/1-4.png\",\"datePublished\":\"2024-09-24T08:57:16+00:00\",\"breadcrumb\":{\"@id\":\"https:\\\/\\\/medinstrus.lt\\\/de\\\/produkt\\\/x2s\\\/#breadcrumb\"},\"inLanguage\":\"de\",\"potentialAction\":[{\"@type\":\"ReadAction\",\"target\":[\"https:\\\/\\\/medinstrus.lt\\\/de\\\/produkt\\\/x2s\\\/\"]}]},{\"@type\":\"ImageObject\",\"inLanguage\":\"de\",\"@id\":\"https:\\\/\\\/medinstrus.lt\\\/de\\\/produkt\\\/x2s\\\/#primaryimage\",\"url\":\"https:\\\/\\\/medinstrus.lt\\\/wp-content\\\/uploads\\\/2024\\\/09\\\/1-4.png\",\"contentUrl\":\"https:\\\/\\\/medinstrus.lt\\\/wp-content\\\/uploads\\\/2024\\\/09\\\/1-4.png\",\"width\":1080,\"height\":1350,\"caption\":\"X2S unit combines slim design, ergonomic layout and ambient lighting\u2014ideal for clinics with tight spaces.\"},{\"@type\":\"BreadcrumbList\",\"@id\":\"https:\\\/\\\/medinstrus.lt\\\/de\\\/produkt\\\/x2s\\\/#breadcrumb\",\"itemListElement\":[{\"@type\":\"ListItem\",\"position\":1,\"name\":\"Home\",\"item\":\"https:\\\/\\\/medinstrus.lt\\\/de\\\/homepage\\\/\"},{\"@type\":\"ListItem\",\"position\":2,\"name\":\"Shop\",\"item\":\"https:\\\/\\\/medinstrus.lt\\\/de\\\/shop\\\/\"},{\"@type\":\"ListItem\",\"position\":3,\"name\":\"X2s\"}]},{\"@type\":\"WebSite\",\"@id\":\"https:\\\/\\\/medinstrus.lt\\\/de\\\/#website\",\"url\":\"https:\\\/\\\/medinstrus.lt\\\/de\\\/\",\"name\":\"https:\\\/\\\/medinstrus.com\\\/\",\"description\":\"Simplicity combined with functionality.\",\"publisher\":{\"@id\":\"https:\\\/\\\/medinstrus.lt\\\/de\\\/#organization\"},\"potentialAction\":[{\"@type\":\"SearchAction\",\"target\":{\"@type\":\"EntryPoint\",\"urlTemplate\":\"https:\\\/\\\/medinstrus.lt\\\/de\\\/?s={search_term_string}\"},\"query-input\":{\"@type\":\"PropertyValueSpecification\",\"valueRequired\":true,\"valueName\":\"search_term_string\"}}],\"inLanguage\":\"de\"},{\"@type\":\"Organization\",\"@id\":\"https:\\\/\\\/medinstrus.lt\\\/de\\\/#organization\",\"name\":\"Medinstrus\",\"url\":\"https:\\\/\\\/medinstrus.lt\\\/de\\\/\",\"logo\":{\"@type\":\"ImageObject\",\"inLanguage\":\"de\",\"@id\":\"https:\\\/\\\/medinstrus.lt\\\/de\\\/#\\\/schema\\\/logo\\\/image\\\/\",\"url\":\"https:\\\/\\\/medinstrus.lt\\\/wp-content\\\/uploads\\\/2025\\\/02\\\/Medinstrus-v1.png\",\"contentUrl\":\"https:\\\/\\\/medinstrus.lt\\\/wp-content\\\/uploads\\\/2025\\\/02\\\/Medinstrus-v1.png\",\"width\":723,\"height\":96,\"caption\":\"Medinstrus\"},\"image\":{\"@id\":\"https:\\\/\\\/medinstrus.lt\\\/de\\\/#\\\/schema\\\/logo\\\/image\\\/\"},\"sameAs\":[\"https:\\\/\\\/www.facebook.com\\\/medinstrus\\\/\",\"https:\\\/\\\/www.instagram.com\\\/Medinstrus\"]}]}<\/script>\n<!-- \/ Yoast SEO Premium plugin. -->","yoast_head_json":{"title":"X2s - Medinstrus","robots":{"index":"index","follow":"follow","max-snippet":"max-snippet:-1","max-image-preview":"max-image-preview:large","max-video-preview":"max-video-preview:-1"},"canonical":"https:\/\/medinstrus.lt\/de\/produkt\/x2s\/","og_locale":"de_DE","og_type":"article","og_title":"X2s","og_description":"Refraktionseinheit X2s Das X2S Refraktionsger\u00e4t ist eine elegante und hochfunktionelle L\u00f6sung, die Komfort und Effizienz in die Augenarztpraxis bringt. Sein schlankes Design, die Integration moderner Technologien und seine Vielseitigkeit machen ihn zu einer ausgezeichneten Wahl f\u00fcr \u00c4rzte, die ein hochwertiges Refraktionsger\u00e4t suchen, insbesondere f\u00fcr diejenigen, die Flexibilit\u00e4t f\u00fcr den Zugang mit dem Rollstuhl ben\u00f6tigen.","og_url":"https:\/\/medinstrus.lt\/de\/produkt\/x2s\/","og_site_name":"Medinstrus","article_publisher":"https:\/\/www.facebook.com\/medinstrus\/","og_image":[{"width":1080,"height":1350,"url":"https:\/\/medinstrus.lt\/wp-content\/uploads\/2024\/09\/1-4.png","type":"image\/png"}],"twitter_card":"summary_large_image","twitter_misc":{"Gesch\u00e4tzte Lesezeit":"3\u00a0Minuten"},"schema":{"@context":"https:\/\/schema.org","@graph":[{"@type":"WebPage","@id":"https:\/\/medinstrus.lt\/de\/produkt\/x2s\/","url":"https:\/\/medinstrus.lt\/de\/produkt\/x2s\/","name":"X2s - Medinstrus","isPartOf":{"@id":"https:\/\/medinstrus.lt\/de\/#website"},"primaryImageOfPage":{"@id":"https:\/\/medinstrus.lt\/de\/produkt\/x2s\/#primaryimage"},"image":{"@id":"https:\/\/medinstrus.lt\/de\/produkt\/x2s\/#primaryimage"},"thumbnailUrl":"https:\/\/medinstrus.lt\/wp-content\/uploads\/2024\/09\/1-4.png","datePublished":"2024-09-24T08:57:16+00:00","breadcrumb":{"@id":"https:\/\/medinstrus.lt\/de\/produkt\/x2s\/#breadcrumb"},"inLanguage":"de","potentialAction":[{"@type":"ReadAction","target":["https:\/\/medinstrus.lt\/de\/produkt\/x2s\/"]}]},{"@type":"ImageObject","inLanguage":"de","@id":"https:\/\/medinstrus.lt\/de\/produkt\/x2s\/#primaryimage","url":"https:\/\/medinstrus.lt\/wp-content\/uploads\/2024\/09\/1-4.png","contentUrl":"https:\/\/medinstrus.lt\/wp-content\/uploads\/2024\/09\/1-4.png","width":1080,"height":1350,"caption":"X2S unit combines slim design, ergonomic layout and ambient lighting\u2014ideal for clinics with tight spaces."},{"@type":"BreadcrumbList","@id":"https:\/\/medinstrus.lt\/de\/produkt\/x2s\/#breadcrumb","itemListElement":[{"@type":"ListItem","position":1,"name":"Home","item":"https:\/\/medinstrus.lt\/de\/homepage\/"},{"@type":"ListItem","position":2,"name":"Shop","item":"https:\/\/medinstrus.lt\/de\/shop\/"},{"@type":"ListItem","position":3,"name":"X2s"}]},{"@type":"WebSite","@id":"https:\/\/medinstrus.lt\/de\/#website","url":"https:\/\/medinstrus.lt\/de\/","name":"https:\/\/medinstrus.com\/","description":"Simplicity combined with functionality.","publisher":{"@id":"https:\/\/medinstrus.lt\/de\/#organization"},"potentialAction":[{"@type":"SearchAction","target":{"@type":"EntryPoint","urlTemplate":"https:\/\/medinstrus.lt\/de\/?s={search_term_string}"},"query-input":{"@type":"PropertyValueSpecification","valueRequired":true,"valueName":"search_term_string"}}],"inLanguage":"de"},{"@type":"Organization","@id":"https:\/\/medinstrus.lt\/de\/#organization","name":"Medinstrus","url":"https:\/\/medinstrus.lt\/de\/","logo":{"@type":"ImageObject","inLanguage":"de","@id":"https:\/\/medinstrus.lt\/de\/#\/schema\/logo\/image\/","url":"https:\/\/medinstrus.lt\/wp-content\/uploads\/2025\/02\/Medinstrus-v1.png","contentUrl":"https:\/\/medinstrus.lt\/wp-content\/uploads\/2025\/02\/Medinstrus-v1.png","width":723,"height":96,"caption":"Medinstrus"},"image":{"@id":"https:\/\/medinstrus.lt\/de\/#\/schema\/logo\/image\/"},"sameAs":["https:\/\/www.facebook.com\/medinstrus\/","https:\/\/www.instagram.com\/Medinstrus"]}]}},"_links":{"self":[{"href":"https:\/\/medinstrus.lt\/de\/wp-json\/wp\/v2\/product\/3372","targetHints":{"allow":["GET"]}}],"collection":[{"href":"https:\/\/medinstrus.lt\/de\/wp-json\/wp\/v2\/product"}],"about":[{"href":"https:\/\/medinstrus.lt\/de\/wp-json\/wp\/v2\/types\/product"}],"replies":[{"embeddable":true,"href":"https:\/\/medinstrus.lt\/de\/wp-json\/wp\/v2\/comments?post=3372"}],"wp:featuredmedia":[{"embeddable":true,"href":"https:\/\/medinstrus.lt\/de\/wp-json\/wp\/v2\/media\/2866"}],"wp:attachment":[{"href":"https:\/\/medinstrus.lt\/de\/wp-json\/wp\/v2\/media?parent=3372"}],"wp:term":[{"taxonomy":"product_brand","embeddable":true,"href":"https:\/\/medinstrus.lt\/de\/wp-json\/wp\/v2\/product_brand?post=3372"},{"taxonomy":"product_cat","embeddable":true,"href":"https:\/\/medinstrus.lt\/de\/wp-json\/wp\/v2\/product_cat?post=3372"},{"taxonomy":"product_tag","embeddable":true,"href":"https:\/\/medinstrus.lt\/de\/wp-json\/wp\/v2\/product_tag?post=3372"}],"curies":[{"name":"wp","href":"https:\/\/api.w.org\/{rel}","templated":true}]}}