{"id":3371,"date":"2024-09-24T17:19:04","date_gmt":"2024-09-24T14:19:04","guid":{"rendered":"https:\/\/medinstrus.lt\/product\/et01\/"},"modified":"2024-09-24T17:19:04","modified_gmt":"2024-09-24T14:19:04","slug":"et01","status":"publish","type":"product","link":"https:\/\/medinstrus.lt\/de\/produkt\/et01\/","title":{"rendered":"ET01"},"content":{"rendered":"<p><strong>Anpassungsm\u00f6glichkeiten:<\/strong><\/p>\n<p><strong>Basis-Optionen:<\/strong><\/p>\n<ul>\n<li>Grundplatte auf Rollen mit Bremsen f\u00fcr einfache Mobilit\u00e4t und Stabilit\u00e4t.<\/li>\n<\/ul>\n<p><strong>Tischplatten:<\/strong><\/p>\n<ul>\n<li><strong>WT:<\/strong> Laminierte Tischplatte f\u00fcr ein Instrument (640x400x25mm).<\/li>\n<li><strong>PT1:<\/strong> Supramat oder gl\u00e4nzende Tischplatte f\u00fcr ein Instrument (640x400x25mm).<\/li>\n<li><strong>WTV:<\/strong> Laminierte V-f\u00f6rmige Tischplatte f\u00fcr zwei Instrumente (1080x550x25mm).<\/li>\n<li><strong>WTS:<\/strong> Laminierte gerade Tischplatte f\u00fcr zwei Instrumente (910x420x25mm).<\/li>\n<li><strong>WTS2:<\/strong> Laminierte gerade Tischplatte f\u00fcr zwei Instrumente (1080x550x25mm).<\/li>\n<li><strong>PTV:<\/strong> Supramat oder gl\u00e4nzende V-f\u00f6rmige Tischplatte f\u00fcr zwei Instrumente (1080x550x25mm).<\/li>\n<li><strong>PTS:<\/strong> Supramat oder gl\u00e4nzende gerade Tischplatte f\u00fcr zwei Instrumente (910x420x25mm).<\/li>\n<li><strong>PTS2:<\/strong> Lackierte gerade Tischplatte f\u00fcr zwei Instrumente (1080x550x25mm).<\/li>\n<\/ul>\n<p><strong>Kontrollm\u00f6glichkeiten:<\/strong><\/p>\n<ul>\n<li><strong>H:<\/strong> Handbedienungsset f\u00fcr einfache Einstellungen.<\/li>\n<li><strong>F:<\/strong> Fu\u00dfschalter f\u00fcr freih\u00e4ndige Bedienung.<\/li>\n<\/ul>\n<p><strong>Zus\u00e4tzliche Merkmale:<\/strong><\/p>\n<ul>\n<li><strong>CRA:<\/strong> Kinnhalter-Adapter f\u00fcr zus\u00e4tzlichen Komfort.<\/li>\n<li><strong>IT:<\/strong> Trenntransformator 600W f\u00fcr mehr Sicherheit.<\/li>\n<li><strong>IT1kV:<\/strong> Trenntransformator 1000W f\u00fcr h\u00f6heren Leistungsbedarf.<\/li>\n<li><strong>HSA:<\/strong> Adapter f\u00fcr HS-Kinnst\u00fctze 1 Set f\u00fcr besondere Anforderungen an die Kinnst\u00fctze.<\/li>\n<\/ul>\n<p>Der ET01 Tisch ist f\u00fcr eine Vielzahl von klinischen Instrumenten ausgelegt und bietet eine stabile und verstellbare Plattform f\u00fcr verschiedene Verfahren.<\/p>\n","protected":false},"excerpt":{"rendered":"<p><strong>ET01 Motorisierter Instrumententisch<\/strong><\/p>\n<p>Der elektrische Tisch ET01 wurde f\u00fcr Flexibilit\u00e4t und Effizienz im klinischen Umfeld entwickelt. Er ist mit einer Vielzahl von Optionen ausgestattet, um unterschiedlichen Bed\u00fcrfnissen gerecht zu werden, so dass er auf spezifische Anforderungen zugeschnitten werden kann. <\/p>\n","protected":false},"featured_media":2357,"comment_status":"closed","ping_status":"closed","template":"","meta":{"_acf_changed":false},"product_brand":[],"product_cat":[198],"product_tag":[199,260,261],"class_list":{"0":"post-3371","1":"product","2":"type-product","3":"status-publish","4":"has-post-thumbnail","6":"product_cat-tische","7":"product_tag-elektrischer-hebetisch","8":"product_tag-et01-tabelle","9":"product_tag-tisch-fur-ophthalmologische-instrumente","11":"first","12":"instock","13":"shipping-taxable","14":"product-type-simple"},"acf":[],"gallery_images":[2357,2355,2353,2351,2349,2347,2345,2343],"yoast_head":"<!-- This site is optimized with the Yoast SEO Premium plugin v27.1 (Yoast SEO v27.4) - https:\/\/yoast.com\/product\/yoast-seo-premium-wordpress\/ -->\n<title>Elektrischer Tisch f\u00fcr ophthalmologische Instrumente ET01 - Medinstrus<\/title>\n<meta name=\"description\" content=\"Entdecken Sie den ET01, einen elektrischen Hubtisch, der die Positionierung von diagnostischen Instrumenten in Augenarztpraxen verbessert.\" \/>\n<meta name=\"robots\" content=\"index, follow, max-snippet:-1, max-image-preview:large, max-video-preview:-1\" \/>\n<link rel=\"canonical\" href=\"https:\/\/medinstrus.lt\/de\/produkt\/et01\/\" \/>\n<meta property=\"og:locale\" content=\"de_DE\" \/>\n<meta property=\"og:type\" content=\"article\" \/>\n<meta property=\"og:title\" content=\"ET01\" \/>\n<meta property=\"og:description\" content=\"Entdecken Sie den ET01, einen elektrischen Hubtisch, der die Positionierung von diagnostischen Instrumenten in Augenarztpraxen verbessert.\" \/>\n<meta property=\"og:url\" content=\"https:\/\/medinstrus.lt\/de\/produkt\/et01\/\" \/>\n<meta property=\"og:site_name\" content=\"Medinstrus\" \/>\n<meta property=\"article:publisher\" content=\"https:\/\/www.facebook.com\/medinstrus\/\" \/>\n<meta property=\"og:image\" content=\"https:\/\/medinstrus.lt\/wp-content\/uploads\/2024\/09\/ET-01.jpg\" \/>\n\t<meta property=\"og:image:width\" content=\"1181\" \/>\n\t<meta property=\"og:image:height\" content=\"1201\" \/>\n\t<meta property=\"og:image:type\" content=\"image\/jpeg\" \/>\n<meta name=\"twitter:card\" content=\"summary_large_image\" \/>\n<meta name=\"twitter:label1\" content=\"Gesch\u00e4tzte Lesezeit\" \/>\n\t<meta name=\"twitter:data1\" content=\"1\u00a0Minute\" \/>\n<script type=\"application\/ld+json\" class=\"yoast-schema-graph\">{\"@context\":\"https:\\\/\\\/schema.org\",\"@graph\":[{\"@type\":\"WebPage\",\"@id\":\"https:\\\/\\\/medinstrus.lt\\\/de\\\/produkt\\\/et01\\\/\",\"url\":\"https:\\\/\\\/medinstrus.lt\\\/de\\\/produkt\\\/et01\\\/\",\"name\":\"Elektrischer Tisch f\u00fcr ophthalmologische Instrumente ET01 - Medinstrus\",\"isPartOf\":{\"@id\":\"https:\\\/\\\/medinstrus.lt\\\/de\\\/#website\"},\"primaryImageOfPage\":{\"@id\":\"https:\\\/\\\/medinstrus.lt\\\/de\\\/produkt\\\/et01\\\/#primaryimage\"},\"image\":{\"@id\":\"https:\\\/\\\/medinstrus.lt\\\/de\\\/produkt\\\/et01\\\/#primaryimage\"},\"thumbnailUrl\":\"https:\\\/\\\/medinstrus.lt\\\/wp-content\\\/uploads\\\/2024\\\/09\\\/ET-01.jpg\",\"datePublished\":\"2024-09-24T14:19:04+00:00\",\"description\":\"Entdecken Sie den ET01, einen elektrischen Hubtisch, der die Positionierung von diagnostischen Instrumenten in Augenarztpraxen verbessert.\",\"breadcrumb\":{\"@id\":\"https:\\\/\\\/medinstrus.lt\\\/de\\\/produkt\\\/et01\\\/#breadcrumb\"},\"inLanguage\":\"de\",\"potentialAction\":[{\"@type\":\"ReadAction\",\"target\":[\"https:\\\/\\\/medinstrus.lt\\\/de\\\/produkt\\\/et01\\\/\"]}]},{\"@type\":\"ImageObject\",\"inLanguage\":\"de\",\"@id\":\"https:\\\/\\\/medinstrus.lt\\\/de\\\/produkt\\\/et01\\\/#primaryimage\",\"url\":\"https:\\\/\\\/medinstrus.lt\\\/wp-content\\\/uploads\\\/2024\\\/09\\\/ET-01.jpg\",\"contentUrl\":\"https:\\\/\\\/medinstrus.lt\\\/wp-content\\\/uploads\\\/2024\\\/09\\\/ET-01.jpg\",\"width\":1181,\"height\":1201,\"caption\":\"ET01 table designed for optimal instrument positioning\"},{\"@type\":\"BreadcrumbList\",\"@id\":\"https:\\\/\\\/medinstrus.lt\\\/de\\\/produkt\\\/et01\\\/#breadcrumb\",\"itemListElement\":[{\"@type\":\"ListItem\",\"position\":1,\"name\":\"Home\",\"item\":\"https:\\\/\\\/medinstrus.lt\\\/de\\\/homepage\\\/\"},{\"@type\":\"ListItem\",\"position\":2,\"name\":\"Shop\",\"item\":\"https:\\\/\\\/medinstrus.lt\\\/de\\\/shop\\\/\"},{\"@type\":\"ListItem\",\"position\":3,\"name\":\"ET01\"}]},{\"@type\":\"WebSite\",\"@id\":\"https:\\\/\\\/medinstrus.lt\\\/de\\\/#website\",\"url\":\"https:\\\/\\\/medinstrus.lt\\\/de\\\/\",\"name\":\"https:\\\/\\\/medinstrus.com\\\/\",\"description\":\"Simplicity combined with functionality.\",\"publisher\":{\"@id\":\"https:\\\/\\\/medinstrus.lt\\\/de\\\/#organization\"},\"potentialAction\":[{\"@type\":\"SearchAction\",\"target\":{\"@type\":\"EntryPoint\",\"urlTemplate\":\"https:\\\/\\\/medinstrus.lt\\\/de\\\/?s={search_term_string}\"},\"query-input\":{\"@type\":\"PropertyValueSpecification\",\"valueRequired\":true,\"valueName\":\"search_term_string\"}}],\"inLanguage\":\"de\"},{\"@type\":\"Organization\",\"@id\":\"https:\\\/\\\/medinstrus.lt\\\/de\\\/#organization\",\"name\":\"Medinstrus\",\"url\":\"https:\\\/\\\/medinstrus.lt\\\/de\\\/\",\"logo\":{\"@type\":\"ImageObject\",\"inLanguage\":\"de\",\"@id\":\"https:\\\/\\\/medinstrus.lt\\\/de\\\/#\\\/schema\\\/logo\\\/image\\\/\",\"url\":\"https:\\\/\\\/medinstrus.lt\\\/wp-content\\\/uploads\\\/2025\\\/02\\\/Medinstrus-v1.png\",\"contentUrl\":\"https:\\\/\\\/medinstrus.lt\\\/wp-content\\\/uploads\\\/2025\\\/02\\\/Medinstrus-v1.png\",\"width\":723,\"height\":96,\"caption\":\"Medinstrus\"},\"image\":{\"@id\":\"https:\\\/\\\/medinstrus.lt\\\/de\\\/#\\\/schema\\\/logo\\\/image\\\/\"},\"sameAs\":[\"https:\\\/\\\/www.facebook.com\\\/medinstrus\\\/\",\"https:\\\/\\\/www.instagram.com\\\/Medinstrus\"]}]}<\/script>\n<!-- \/ Yoast SEO Premium plugin. -->","yoast_head_json":{"title":"Elektrischer Tisch f\u00fcr ophthalmologische Instrumente ET01 - Medinstrus","description":"Entdecken Sie den ET01, einen elektrischen Hubtisch, der die Positionierung von diagnostischen Instrumenten in Augenarztpraxen verbessert.","robots":{"index":"index","follow":"follow","max-snippet":"max-snippet:-1","max-image-preview":"max-image-preview:large","max-video-preview":"max-video-preview:-1"},"canonical":"https:\/\/medinstrus.lt\/de\/produkt\/et01\/","og_locale":"de_DE","og_type":"article","og_title":"ET01","og_description":"Entdecken Sie den ET01, einen elektrischen Hubtisch, der die Positionierung von diagnostischen Instrumenten in Augenarztpraxen verbessert.","og_url":"https:\/\/medinstrus.lt\/de\/produkt\/et01\/","og_site_name":"Medinstrus","article_publisher":"https:\/\/www.facebook.com\/medinstrus\/","og_image":[{"width":1181,"height":1201,"url":"https:\/\/medinstrus.lt\/wp-content\/uploads\/2024\/09\/ET-01.jpg","type":"image\/jpeg"}],"twitter_card":"summary_large_image","twitter_misc":{"Gesch\u00e4tzte Lesezeit":"1\u00a0Minute"},"schema":{"@context":"https:\/\/schema.org","@graph":[{"@type":"WebPage","@id":"https:\/\/medinstrus.lt\/de\/produkt\/et01\/","url":"https:\/\/medinstrus.lt\/de\/produkt\/et01\/","name":"Elektrischer Tisch f\u00fcr ophthalmologische Instrumente ET01 - Medinstrus","isPartOf":{"@id":"https:\/\/medinstrus.lt\/de\/#website"},"primaryImageOfPage":{"@id":"https:\/\/medinstrus.lt\/de\/produkt\/et01\/#primaryimage"},"image":{"@id":"https:\/\/medinstrus.lt\/de\/produkt\/et01\/#primaryimage"},"thumbnailUrl":"https:\/\/medinstrus.lt\/wp-content\/uploads\/2024\/09\/ET-01.jpg","datePublished":"2024-09-24T14:19:04+00:00","description":"Entdecken Sie den ET01, einen elektrischen Hubtisch, der die Positionierung von diagnostischen Instrumenten in Augenarztpraxen verbessert.","breadcrumb":{"@id":"https:\/\/medinstrus.lt\/de\/produkt\/et01\/#breadcrumb"},"inLanguage":"de","potentialAction":[{"@type":"ReadAction","target":["https:\/\/medinstrus.lt\/de\/produkt\/et01\/"]}]},{"@type":"ImageObject","inLanguage":"de","@id":"https:\/\/medinstrus.lt\/de\/produkt\/et01\/#primaryimage","url":"https:\/\/medinstrus.lt\/wp-content\/uploads\/2024\/09\/ET-01.jpg","contentUrl":"https:\/\/medinstrus.lt\/wp-content\/uploads\/2024\/09\/ET-01.jpg","width":1181,"height":1201,"caption":"ET01 table designed for optimal instrument positioning"},{"@type":"BreadcrumbList","@id":"https:\/\/medinstrus.lt\/de\/produkt\/et01\/#breadcrumb","itemListElement":[{"@type":"ListItem","position":1,"name":"Home","item":"https:\/\/medinstrus.lt\/de\/homepage\/"},{"@type":"ListItem","position":2,"name":"Shop","item":"https:\/\/medinstrus.lt\/de\/shop\/"},{"@type":"ListItem","position":3,"name":"ET01"}]},{"@type":"WebSite","@id":"https:\/\/medinstrus.lt\/de\/#website","url":"https:\/\/medinstrus.lt\/de\/","name":"https:\/\/medinstrus.com\/","description":"Simplicity combined with functionality.","publisher":{"@id":"https:\/\/medinstrus.lt\/de\/#organization"},"potentialAction":[{"@type":"SearchAction","target":{"@type":"EntryPoint","urlTemplate":"https:\/\/medinstrus.lt\/de\/?s={search_term_string}"},"query-input":{"@type":"PropertyValueSpecification","valueRequired":true,"valueName":"search_term_string"}}],"inLanguage":"de"},{"@type":"Organization","@id":"https:\/\/medinstrus.lt\/de\/#organization","name":"Medinstrus","url":"https:\/\/medinstrus.lt\/de\/","logo":{"@type":"ImageObject","inLanguage":"de","@id":"https:\/\/medinstrus.lt\/de\/#\/schema\/logo\/image\/","url":"https:\/\/medinstrus.lt\/wp-content\/uploads\/2025\/02\/Medinstrus-v1.png","contentUrl":"https:\/\/medinstrus.lt\/wp-content\/uploads\/2025\/02\/Medinstrus-v1.png","width":723,"height":96,"caption":"Medinstrus"},"image":{"@id":"https:\/\/medinstrus.lt\/de\/#\/schema\/logo\/image\/"},"sameAs":["https:\/\/www.facebook.com\/medinstrus\/","https:\/\/www.instagram.com\/Medinstrus"]}]}},"_links":{"self":[{"href":"https:\/\/medinstrus.lt\/de\/wp-json\/wp\/v2\/product\/3371","targetHints":{"allow":["GET"]}}],"collection":[{"href":"https:\/\/medinstrus.lt\/de\/wp-json\/wp\/v2\/product"}],"about":[{"href":"https:\/\/medinstrus.lt\/de\/wp-json\/wp\/v2\/types\/product"}],"replies":[{"embeddable":true,"href":"https:\/\/medinstrus.lt\/de\/wp-json\/wp\/v2\/comments?post=3371"}],"wp:featuredmedia":[{"embeddable":true,"href":"https:\/\/medinstrus.lt\/de\/wp-json\/wp\/v2\/media\/2357"}],"wp:attachment":[{"href":"https:\/\/medinstrus.lt\/de\/wp-json\/wp\/v2\/media?parent=3371"}],"wp:term":[{"taxonomy":"product_brand","embeddable":true,"href":"https:\/\/medinstrus.lt\/de\/wp-json\/wp\/v2\/product_brand?post=3371"},{"taxonomy":"product_cat","embeddable":true,"href":"https:\/\/medinstrus.lt\/de\/wp-json\/wp\/v2\/product_cat?post=3371"},{"taxonomy":"product_tag","embeddable":true,"href":"https:\/\/medinstrus.lt\/de\/wp-json\/wp\/v2\/product_tag?post=3371"}],"curies":[{"name":"wp","href":"https:\/\/api.w.org\/{rel}","templated":true}]}}