{"id":3366,"date":"2024-09-24T18:24:41","date_gmt":"2024-09-24T15:24:41","guid":{"rendered":"https:\/\/medinstrus.lt\/product\/et01-oct\/"},"modified":"2024-09-24T18:24:41","modified_gmt":"2024-09-24T15:24:41","slug":"et01-oct","status":"publish","type":"product","link":"https:\/\/medinstrus.lt\/de\/produkt\/et01-oct\/","title":{"rendered":"ET01 OCT"},"content":{"rendered":"<p><strong>Anpassungsm\u00f6glichkeiten:<\/strong><\/p>\n<p><strong>Wichtige Merkmale:<\/strong><\/p>\n<ul>\n<li><strong>Kompaktes Design:<\/strong> Platzsparend und passt leicht in die meisten Raumaufteilungen.<\/li>\n<li><strong>Flexibles Design:<\/strong> Erm\u00f6glicht die Verwendung verschiedener Instrumente.<\/li>\n<li><strong>\u00c4sthetische Verkabelung:<\/strong> Die Instrumentenverkabelung kann sicher und \u00e4sthetisch gef\u00fchrt werden.<\/li>\n<li><strong>Mobilit\u00e4t:<\/strong> Der Sockel ist mit R\u00e4dern ausgestattet, die eine einfache Bewegung und sichere Positionierung erm\u00f6glichen.<\/li>\n<\/ul>\n<p><strong>Spezifische Anpassungen:<\/strong><\/p>\n<ul>\n<li><strong>Kabinett f\u00fcr PC:<\/strong> Ausgestattet mit einem kleinen Schrank f\u00fcr einen PC, der eine nahtlose Bedienung und Aufbewahrung erm\u00f6glicht.<\/li>\n<li><strong>Ausziehbare Ablage:<\/strong> Eine ausziehbare Ablage f\u00fcr eine Tastatur, die den Benutzerkomfort erh\u00f6ht.<\/li>\n<li><strong>Einlegeb\u00f6den f\u00fcr Drucker und NAS:<\/strong> Die mitgelieferten Einlegeb\u00f6den bieten Platz f\u00fcr einen Drucker und einen NAS (Network-Attached Storage).<\/li>\n<li><strong>Medizinischer Isolationstransformator (optional):<\/strong> Erh\u00e4ltlich f\u00fcr erh\u00f6hte elektrische Sicherheit.<\/li>\n<\/ul>\n<p><strong>Technische Daten:<\/strong><\/p>\n<p><strong>H\u00f6henverstellung:<\/strong><\/p>\n<ul>\n<li><strong>Min. H\u00f6he:<\/strong> 70,5 cm<\/li>\n<li><strong>Maximale H\u00f6he:<\/strong> 95,5 cm<\/li>\n<li><strong>Hub:<\/strong> 25 cm<\/li>\n<\/ul>\n<p><strong>Abmessungen:<\/strong><\/p>\n<ul>\n<li><strong>Breite mit Druckerablage:<\/strong> 122 cm<\/li>\n<li><strong>Breite ohne Druckerablage:<\/strong> 110 cm<\/li>\n<li><strong>Tiefe:<\/strong> 62 cm<\/li>\n<\/ul>\n<p><strong>Gewicht:<\/strong><\/p>\n<ul>\n<li><strong>Tisch Gewicht:<\/strong> 62 kg<\/li>\n<li> <strong> Maximale Tragf\u00e4higkeit:<\/strong> 80 kg<\/li>\n<\/ul>\n<p>Dieser spezielle Tisch steigert die Effizienz von OCT-Instrumenten und gew\u00e4hrleistet optimale Funktionalit\u00e4t und ergonomische Nutzung. Sein durchdachtes Design und seine zus\u00e4tzlichen Funktionen machen ihn zu einer wertvollen Bereicherung in der klinischen Umgebung und f\u00f6rdern sowohl die betriebliche Effizienz als auch den Patientenkomfort. <\/p>\n","protected":false},"excerpt":{"rendered":"<p><strong>ET01-OCT Elektrischer Tisch f\u00fcr OCT<\/strong><\/p>\n<p>Der elektrische Tisch von Medinstrus wurde speziell f\u00fcr die optische Koh\u00e4renztomographie (OCT) entwickelt. Dieser Tisch bietet robuste Funktionalit\u00e4t, Benutzerfreundlichkeit und \u00fcberragende Stabilit\u00e4t, was ihn zu einer idealen Erg\u00e4nzung f\u00fcr jede klinische Umgebung macht. <\/p>\n","protected":false},"featured_media":2956,"comment_status":"closed","ping_status":"closed","template":"","meta":{"_acf_changed":false},"product_brand":[],"product_cat":[198],"product_tag":[199,250,251,253,252],"class_list":{"0":"post-3366","1":"product","2":"type-product","3":"status-publish","4":"has-post-thumbnail","6":"product_cat-tische","7":"product_tag-elektrischer-hebetisch","8":"product_tag-et01-oct-tabelle","9":"product_tag-motorisch-hohenverstellbarer-tisch","10":"product_tag-oct-instrumententisch","11":"product_tag-tabelle-der-diagnoseinstrumente","13":"first","14":"instock","15":"shipping-taxable","16":"product-type-simple"},"acf":[],"gallery_images":[2361,2363,2365,2367,2369,2371,2373],"yoast_head":"<!-- This site is optimized with the Yoast SEO Premium plugin v27.4 (Yoast SEO v27.4) - https:\/\/yoast.com\/product\/yoast-seo-premium-wordpress\/ -->\n<title>Elektrischer Tisch f\u00fcr ophthalmologische Instrumente ET01 OCT - Medinstrus<\/title>\n<meta name=\"description\" content=\"Entdecken Sie den ET01 OCT, einen elektrischen Hubtisch, der speziell zur Unterst\u00fctzung von optischen Koh\u00e4renztomographieger\u00e4ten in Augenkliniken entwickelt wurde.\" \/>\n<meta name=\"robots\" content=\"index, follow, max-snippet:-1, max-image-preview:large, max-video-preview:-1\" \/>\n<link rel=\"canonical\" href=\"https:\/\/medinstrus.lt\/de\/produkt\/et01-oct\/\" \/>\n<meta property=\"og:locale\" content=\"de_DE\" \/>\n<meta property=\"og:type\" content=\"article\" \/>\n<meta property=\"og:title\" content=\"ET01 OCT\" \/>\n<meta property=\"og:description\" content=\"Entdecken Sie den ET01 OCT, einen elektrischen Hubtisch, der speziell zur Unterst\u00fctzung von optischen Koh\u00e4renztomographieger\u00e4ten in Augenkliniken entwickelt wurde.\" \/>\n<meta property=\"og:url\" content=\"https:\/\/medinstrus.lt\/de\/produkt\/et01-oct\/\" \/>\n<meta property=\"og:site_name\" content=\"Medinstrus\" \/>\n<meta property=\"article:publisher\" content=\"https:\/\/www.facebook.com\/medinstrus\/\" \/>\n<meta property=\"og:image\" content=\"https:\/\/medinstrus.lt\/wp-content\/uploads\/2024\/09\/ET01-OCT.png\" \/>\n\t<meta property=\"og:image:width\" content=\"1080\" \/>\n\t<meta property=\"og:image:height\" content=\"1350\" \/>\n\t<meta property=\"og:image:type\" content=\"image\/png\" \/>\n<meta name=\"twitter:card\" content=\"summary_large_image\" \/>\n<meta name=\"twitter:label1\" content=\"Gesch\u00e4tzte Lesezeit\" \/>\n\t<meta name=\"twitter:data1\" content=\"1\u00a0Minute\" \/>\n<script type=\"application\/ld+json\" class=\"yoast-schema-graph\">{\"@context\":\"https:\\\/\\\/schema.org\",\"@graph\":[{\"@type\":\"WebPage\",\"@id\":\"https:\\\/\\\/medinstrus.lt\\\/de\\\/produkt\\\/et01-oct\\\/\",\"url\":\"https:\\\/\\\/medinstrus.lt\\\/de\\\/produkt\\\/et01-oct\\\/\",\"name\":\"Elektrischer Tisch f\u00fcr ophthalmologische Instrumente ET01 OCT - Medinstrus\",\"isPartOf\":{\"@id\":\"https:\\\/\\\/medinstrus.lt\\\/de\\\/#website\"},\"primaryImageOfPage\":{\"@id\":\"https:\\\/\\\/medinstrus.lt\\\/de\\\/produkt\\\/et01-oct\\\/#primaryimage\"},\"image\":{\"@id\":\"https:\\\/\\\/medinstrus.lt\\\/de\\\/produkt\\\/et01-oct\\\/#primaryimage\"},\"thumbnailUrl\":\"https:\\\/\\\/medinstrus.lt\\\/wp-content\\\/uploads\\\/2024\\\/09\\\/ET01-OCT.png\",\"datePublished\":\"2024-09-24T15:24:41+00:00\",\"description\":\"Entdecken Sie den ET01 OCT, einen elektrischen Hubtisch, der speziell zur Unterst\u00fctzung von optischen Koh\u00e4renztomographieger\u00e4ten in Augenkliniken entwickelt wurde.\",\"breadcrumb\":{\"@id\":\"https:\\\/\\\/medinstrus.lt\\\/de\\\/produkt\\\/et01-oct\\\/#breadcrumb\"},\"inLanguage\":\"de\",\"potentialAction\":[{\"@type\":\"ReadAction\",\"target\":[\"https:\\\/\\\/medinstrus.lt\\\/de\\\/produkt\\\/et01-oct\\\/\"]}]},{\"@type\":\"ImageObject\",\"inLanguage\":\"de\",\"@id\":\"https:\\\/\\\/medinstrus.lt\\\/de\\\/produkt\\\/et01-oct\\\/#primaryimage\",\"url\":\"https:\\\/\\\/medinstrus.lt\\\/wp-content\\\/uploads\\\/2024\\\/09\\\/ET01-OCT.png\",\"contentUrl\":\"https:\\\/\\\/medinstrus.lt\\\/wp-content\\\/uploads\\\/2024\\\/09\\\/ET01-OCT.png\",\"width\":1080,\"height\":1350,\"caption\":\"ET01 OCT table designed for OCT device support\"},{\"@type\":\"BreadcrumbList\",\"@id\":\"https:\\\/\\\/medinstrus.lt\\\/de\\\/produkt\\\/et01-oct\\\/#breadcrumb\",\"itemListElement\":[{\"@type\":\"ListItem\",\"position\":1,\"name\":\"Home\",\"item\":\"https:\\\/\\\/medinstrus.lt\\\/de\\\/homepage\\\/\"},{\"@type\":\"ListItem\",\"position\":2,\"name\":\"Shop\",\"item\":\"https:\\\/\\\/medinstrus.lt\\\/de\\\/shop\\\/\"},{\"@type\":\"ListItem\",\"position\":3,\"name\":\"ET01 OCT\"}]},{\"@type\":\"WebSite\",\"@id\":\"https:\\\/\\\/medinstrus.lt\\\/de\\\/#website\",\"url\":\"https:\\\/\\\/medinstrus.lt\\\/de\\\/\",\"name\":\"https:\\\/\\\/medinstrus.com\\\/\",\"description\":\"Simplicity combined with functionality.\",\"publisher\":{\"@id\":\"https:\\\/\\\/medinstrus.lt\\\/de\\\/#organization\"},\"potentialAction\":[{\"@type\":\"SearchAction\",\"target\":{\"@type\":\"EntryPoint\",\"urlTemplate\":\"https:\\\/\\\/medinstrus.lt\\\/de\\\/?s={search_term_string}\"},\"query-input\":{\"@type\":\"PropertyValueSpecification\",\"valueRequired\":true,\"valueName\":\"search_term_string\"}}],\"inLanguage\":\"de\"},{\"@type\":\"Organization\",\"@id\":\"https:\\\/\\\/medinstrus.lt\\\/de\\\/#organization\",\"name\":\"Medinstrus\",\"url\":\"https:\\\/\\\/medinstrus.lt\\\/de\\\/\",\"logo\":{\"@type\":\"ImageObject\",\"inLanguage\":\"de\",\"@id\":\"https:\\\/\\\/medinstrus.lt\\\/de\\\/#\\\/schema\\\/logo\\\/image\\\/\",\"url\":\"https:\\\/\\\/medinstrus.lt\\\/wp-content\\\/uploads\\\/2025\\\/02\\\/Medinstrus-v1.png\",\"contentUrl\":\"https:\\\/\\\/medinstrus.lt\\\/wp-content\\\/uploads\\\/2025\\\/02\\\/Medinstrus-v1.png\",\"width\":723,\"height\":96,\"caption\":\"Medinstrus\"},\"image\":{\"@id\":\"https:\\\/\\\/medinstrus.lt\\\/de\\\/#\\\/schema\\\/logo\\\/image\\\/\"},\"sameAs\":[\"https:\\\/\\\/www.facebook.com\\\/medinstrus\\\/\",\"https:\\\/\\\/www.instagram.com\\\/Medinstrus\"]}]}<\/script>\n<!-- \/ Yoast SEO Premium plugin. -->","yoast_head_json":{"title":"Elektrischer Tisch f\u00fcr ophthalmologische Instrumente ET01 OCT - Medinstrus","description":"Entdecken Sie den ET01 OCT, einen elektrischen Hubtisch, der speziell zur Unterst\u00fctzung von optischen Koh\u00e4renztomographieger\u00e4ten in Augenkliniken entwickelt wurde.","robots":{"index":"index","follow":"follow","max-snippet":"max-snippet:-1","max-image-preview":"max-image-preview:large","max-video-preview":"max-video-preview:-1"},"canonical":"https:\/\/medinstrus.lt\/de\/produkt\/et01-oct\/","og_locale":"de_DE","og_type":"article","og_title":"ET01 OCT","og_description":"Entdecken Sie den ET01 OCT, einen elektrischen Hubtisch, der speziell zur Unterst\u00fctzung von optischen Koh\u00e4renztomographieger\u00e4ten in Augenkliniken entwickelt wurde.","og_url":"https:\/\/medinstrus.lt\/de\/produkt\/et01-oct\/","og_site_name":"Medinstrus","article_publisher":"https:\/\/www.facebook.com\/medinstrus\/","og_image":[{"width":1080,"height":1350,"url":"https:\/\/medinstrus.lt\/wp-content\/uploads\/2024\/09\/ET01-OCT.png","type":"image\/png"}],"twitter_card":"summary_large_image","twitter_misc":{"Gesch\u00e4tzte Lesezeit":"1\u00a0Minute"},"schema":{"@context":"https:\/\/schema.org","@graph":[{"@type":"WebPage","@id":"https:\/\/medinstrus.lt\/de\/produkt\/et01-oct\/","url":"https:\/\/medinstrus.lt\/de\/produkt\/et01-oct\/","name":"Elektrischer Tisch f\u00fcr ophthalmologische Instrumente ET01 OCT - Medinstrus","isPartOf":{"@id":"https:\/\/medinstrus.lt\/de\/#website"},"primaryImageOfPage":{"@id":"https:\/\/medinstrus.lt\/de\/produkt\/et01-oct\/#primaryimage"},"image":{"@id":"https:\/\/medinstrus.lt\/de\/produkt\/et01-oct\/#primaryimage"},"thumbnailUrl":"https:\/\/medinstrus.lt\/wp-content\/uploads\/2024\/09\/ET01-OCT.png","datePublished":"2024-09-24T15:24:41+00:00","description":"Entdecken Sie den ET01 OCT, einen elektrischen Hubtisch, der speziell zur Unterst\u00fctzung von optischen Koh\u00e4renztomographieger\u00e4ten in Augenkliniken entwickelt wurde.","breadcrumb":{"@id":"https:\/\/medinstrus.lt\/de\/produkt\/et01-oct\/#breadcrumb"},"inLanguage":"de","potentialAction":[{"@type":"ReadAction","target":["https:\/\/medinstrus.lt\/de\/produkt\/et01-oct\/"]}]},{"@type":"ImageObject","inLanguage":"de","@id":"https:\/\/medinstrus.lt\/de\/produkt\/et01-oct\/#primaryimage","url":"https:\/\/medinstrus.lt\/wp-content\/uploads\/2024\/09\/ET01-OCT.png","contentUrl":"https:\/\/medinstrus.lt\/wp-content\/uploads\/2024\/09\/ET01-OCT.png","width":1080,"height":1350,"caption":"ET01 OCT table designed for OCT device support"},{"@type":"BreadcrumbList","@id":"https:\/\/medinstrus.lt\/de\/produkt\/et01-oct\/#breadcrumb","itemListElement":[{"@type":"ListItem","position":1,"name":"Home","item":"https:\/\/medinstrus.lt\/de\/homepage\/"},{"@type":"ListItem","position":2,"name":"Shop","item":"https:\/\/medinstrus.lt\/de\/shop\/"},{"@type":"ListItem","position":3,"name":"ET01 OCT"}]},{"@type":"WebSite","@id":"https:\/\/medinstrus.lt\/de\/#website","url":"https:\/\/medinstrus.lt\/de\/","name":"https:\/\/medinstrus.com\/","description":"Simplicity combined with functionality.","publisher":{"@id":"https:\/\/medinstrus.lt\/de\/#organization"},"potentialAction":[{"@type":"SearchAction","target":{"@type":"EntryPoint","urlTemplate":"https:\/\/medinstrus.lt\/de\/?s={search_term_string}"},"query-input":{"@type":"PropertyValueSpecification","valueRequired":true,"valueName":"search_term_string"}}],"inLanguage":"de"},{"@type":"Organization","@id":"https:\/\/medinstrus.lt\/de\/#organization","name":"Medinstrus","url":"https:\/\/medinstrus.lt\/de\/","logo":{"@type":"ImageObject","inLanguage":"de","@id":"https:\/\/medinstrus.lt\/de\/#\/schema\/logo\/image\/","url":"https:\/\/medinstrus.lt\/wp-content\/uploads\/2025\/02\/Medinstrus-v1.png","contentUrl":"https:\/\/medinstrus.lt\/wp-content\/uploads\/2025\/02\/Medinstrus-v1.png","width":723,"height":96,"caption":"Medinstrus"},"image":{"@id":"https:\/\/medinstrus.lt\/de\/#\/schema\/logo\/image\/"},"sameAs":["https:\/\/www.facebook.com\/medinstrus\/","https:\/\/www.instagram.com\/Medinstrus"]}]}},"_links":{"self":[{"href":"https:\/\/medinstrus.lt\/de\/wp-json\/wp\/v2\/product\/3366","targetHints":{"allow":["GET"]}}],"collection":[{"href":"https:\/\/medinstrus.lt\/de\/wp-json\/wp\/v2\/product"}],"about":[{"href":"https:\/\/medinstrus.lt\/de\/wp-json\/wp\/v2\/types\/product"}],"replies":[{"embeddable":true,"href":"https:\/\/medinstrus.lt\/de\/wp-json\/wp\/v2\/comments?post=3366"}],"wp:featuredmedia":[{"embeddable":true,"href":"https:\/\/medinstrus.lt\/de\/wp-json\/wp\/v2\/media\/2956"}],"wp:attachment":[{"href":"https:\/\/medinstrus.lt\/de\/wp-json\/wp\/v2\/media?parent=3366"}],"wp:term":[{"taxonomy":"product_brand","embeddable":true,"href":"https:\/\/medinstrus.lt\/de\/wp-json\/wp\/v2\/product_brand?post=3366"},{"taxonomy":"product_cat","embeddable":true,"href":"https:\/\/medinstrus.lt\/de\/wp-json\/wp\/v2\/product_cat?post=3366"},{"taxonomy":"product_tag","embeddable":true,"href":"https:\/\/medinstrus.lt\/de\/wp-json\/wp\/v2\/product_tag?post=3366"}],"curies":[{"name":"wp","href":"https:\/\/api.w.org\/{rel}","templated":true}]}}