{"id":3364,"date":"2024-09-24T18:36:59","date_gmt":"2024-09-24T15:36:59","guid":{"rendered":"https:\/\/medinstrus.lt\/product\/et02\/"},"modified":"2024-09-24T18:36:59","modified_gmt":"2024-09-24T15:36:59","slug":"et02","status":"publish","type":"product","link":"https:\/\/medinstrus.lt\/de\/produkt\/et02\/","title":{"rendered":"ET02"},"content":{"rendered":"<p><strong>Wichtige Merkmale:<\/strong><\/p>\n<p><strong>Design &amp; Konstruktion:<\/strong><\/p>\n<ul>\n<li>Die robuste Konstruktion von Sockel und S\u00e4ule sorgt f\u00fcr Stabilit\u00e4t und Langlebigkeit.<\/li>\n<li>Der Schiebe-Mechanismus der Tischplatte erm\u00f6glicht eine einfache Einstellung und Positionierung der Instrumente.<\/li>\n<li>Geeignet f\u00fcr die gleichzeitige Unterbringung von zwei Instrumenten, um die Effizienz des Arbeitsbereichs zu optimieren.<\/li>\n<\/ul>\n<p><strong>H\u00f6henverstellung:<\/strong><\/p>\n<ul>\n<li>Elektrisch verstellbare H\u00f6he, die eine m\u00fchelose Anpassung an die Bed\u00fcrfnisse der verschiedenen Benutzer und Anwendungen erm\u00f6glicht.<\/li>\n<li>Kann \u00fcber ein praktisches Handbedienungsset (H) oder ein Fu\u00dfbedienungsset (F) f\u00fcr freih\u00e4ndiges Arbeiten gesteuert werden.<\/li>\n<\/ul>\n<p><strong>Zus\u00e4tzliche Merkmale:<\/strong><\/p>\n<ul>\n<li>CRA: Kinnst\u00fctzen-Adapter f\u00fcr spezielle Anforderungen.<\/li>\n<li>IT: Trenntransformator 600W f\u00fcr verbesserte Sicherheit und elektrische Isolierung.<\/li>\n<li>IT1kV:F\u00fcr anspruchsvollere Anwendungen ist ein Trenntransformator mit 1000 W Leistung erh\u00e4ltlich.<\/li>\n<li>HSA: Adapter f\u00fcr das HS-Kinnst\u00fctzen-Set, der die Kompatibilit\u00e4t mit verschiedenen Kinnst\u00fctzenmodellen gew\u00e4hrleistet.<\/li>\n<\/ul>\n<p><strong>Vorteile:<\/strong><\/p>\n<ul>\n<li><strong>Vielseitigkeit:<\/strong> Kompatibel mit verschiedenen Instrumentenkonfigurationen, was es zu einer vielseitigen Erg\u00e4nzung f\u00fcr jede klinische Praxis macht.<\/li>\n<li><strong>Benutzerfreundlichkeit:<\/strong> Die elektrische H\u00f6henverstellung und die verschiebbare Tischplatte vereinfachen das Aufstellen und Einstellen des Tisches und erh\u00f6hen den Benutzerkomfort und die Ergonomie.<\/li>\n<li><strong>Optimierter Arbeitsbereich:<\/strong> F\u00fcr die gleichzeitige Unterbringung von zwei Instrumenten konzipiert, was den Platzbedarf optimiert und die Effizienz des Arbeitsablaufs verbessert.<\/li>\n<\/ul>\n<p><strong>Anwendungen:<\/strong><\/p>\n<p>Der elektrische Tisch ET02 mit verschiebbarer Tischplatte ist ideal f\u00fcr den Einsatz in Augenkliniken und -praxen und bietet eine stabile und verstellbare Plattform f\u00fcr zwei Instrumente. Seine robuste Konstruktion, die einfache Verstellbarkeit und die flexible Konfiguration machen ihn zu einem unverzichtbaren Instrument zur Steigerung der klinischen Effizienz und des Patientenkomforts. <\/p>\n<p>Dieser Spezialtisch sorgt daf\u00fcr, dass sich die \u00c4rzte auf eine qualitativ hochwertige Pflege konzentrieren k\u00f6nnen, da sie wissen, dass ihre Ger\u00e4te sicher und optimal positioniert sind.<\/p>\n","protected":false},"excerpt":{"rendered":"<p><strong>ET02 Elektrischer Tisch mit verschiebbarer Tischplatte f\u00fcr zwei Instrumente<\/strong><\/p>\n<p>Der elektrische Tisch ET02 wurde als vielseitige und effiziente L\u00f6sung f\u00fcr die Unterbringung von zwei Instrumenten entwickelt. Mit seiner verschiebbaren Tischplatte und seiner robusten Bauweise gew\u00e4hrleistet er Benutzerfreundlichkeit und Anpassungsf\u00e4higkeit in verschiedenen klinischen Umgebungen. <\/p>\n","protected":false},"featured_media":2954,"comment_status":"closed","ping_status":"closed","template":"","meta":{"_acf_changed":false},"product_brand":[],"product_cat":[198],"product_tag":[243,244,245],"class_list":{"0":"post-3364","1":"product","2":"type-product","3":"status-publish","4":"has-post-thumbnail","6":"product_cat-tische","7":"product_tag-et02-tabelle","8":"product_tag-fortschrittlicher-hubtisch","9":"product_tag-stabiler-tisch-fur-ophthalmologische-instrumente","11":"first","12":"instock","13":"shipping-taxable","14":"product-type-simple"},"acf":[],"gallery_images":[],"yoast_head":"<!-- This site is optimized with the Yoast SEO Premium plugin v27.4 (Yoast SEO v27.4) - https:\/\/yoast.com\/product\/yoast-seo-premium-wordpress\/ -->\n<title>Elektrischer Tisch f\u00fcr ophthalmologische Ger\u00e4te ET02 - Medinstrus<\/title>\n<meta name=\"description\" content=\"Entdecken Sie den ET02, einen fortschrittlichen elektrischen Hubtisch mit verbesserter Stabilit\u00e4t und Einstellbarkeit f\u00fcr verschiedene diagnostische Instrumente.\" \/>\n<meta name=\"robots\" content=\"index, follow, max-snippet:-1, max-image-preview:large, max-video-preview:-1\" \/>\n<link rel=\"canonical\" href=\"https:\/\/medinstrus.lt\/de\/produkt\/et02\/\" \/>\n<meta property=\"og:locale\" content=\"de_DE\" \/>\n<meta property=\"og:type\" content=\"article\" \/>\n<meta property=\"og:title\" content=\"ET02\" \/>\n<meta property=\"og:description\" content=\"Entdecken Sie den ET02, einen fortschrittlichen elektrischen Hubtisch mit verbesserter Stabilit\u00e4t und Einstellbarkeit f\u00fcr verschiedene diagnostische Instrumente.\" \/>\n<meta property=\"og:url\" content=\"https:\/\/medinstrus.lt\/de\/produkt\/et02\/\" \/>\n<meta property=\"og:site_name\" content=\"Medinstrus\" \/>\n<meta property=\"article:publisher\" content=\"https:\/\/www.facebook.com\/medinstrus\/\" \/>\n<meta property=\"og:image\" content=\"https:\/\/medinstrus.lt\/wp-content\/uploads\/2024\/09\/ET02.png\" \/>\n\t<meta property=\"og:image:width\" content=\"1080\" \/>\n\t<meta property=\"og:image:height\" content=\"1350\" \/>\n\t<meta property=\"og:image:type\" content=\"image\/png\" \/>\n<meta name=\"twitter:card\" content=\"summary_large_image\" \/>\n<meta name=\"twitter:label1\" content=\"Gesch\u00e4tzte Lesezeit\" \/>\n\t<meta name=\"twitter:data1\" content=\"1\u00a0Minute\" \/>\n<script type=\"application\/ld+json\" class=\"yoast-schema-graph\">{\"@context\":\"https:\\\/\\\/schema.org\",\"@graph\":[{\"@type\":\"WebPage\",\"@id\":\"https:\\\/\\\/medinstrus.lt\\\/de\\\/produkt\\\/et02\\\/\",\"url\":\"https:\\\/\\\/medinstrus.lt\\\/de\\\/produkt\\\/et02\\\/\",\"name\":\"Elektrischer Tisch f\u00fcr ophthalmologische Ger\u00e4te ET02 - Medinstrus\",\"isPartOf\":{\"@id\":\"https:\\\/\\\/medinstrus.lt\\\/de\\\/#website\"},\"primaryImageOfPage\":{\"@id\":\"https:\\\/\\\/medinstrus.lt\\\/de\\\/produkt\\\/et02\\\/#primaryimage\"},\"image\":{\"@id\":\"https:\\\/\\\/medinstrus.lt\\\/de\\\/produkt\\\/et02\\\/#primaryimage\"},\"thumbnailUrl\":\"https:\\\/\\\/medinstrus.lt\\\/wp-content\\\/uploads\\\/2024\\\/09\\\/ET02.png\",\"datePublished\":\"2024-09-24T15:36:59+00:00\",\"description\":\"Entdecken Sie den ET02, einen fortschrittlichen elektrischen Hubtisch mit verbesserter Stabilit\u00e4t und Einstellbarkeit f\u00fcr verschiedene diagnostische Instrumente.\",\"breadcrumb\":{\"@id\":\"https:\\\/\\\/medinstrus.lt\\\/de\\\/produkt\\\/et02\\\/#breadcrumb\"},\"inLanguage\":\"de\",\"potentialAction\":[{\"@type\":\"ReadAction\",\"target\":[\"https:\\\/\\\/medinstrus.lt\\\/de\\\/produkt\\\/et02\\\/\"]}]},{\"@type\":\"ImageObject\",\"inLanguage\":\"de\",\"@id\":\"https:\\\/\\\/medinstrus.lt\\\/de\\\/produkt\\\/et02\\\/#primaryimage\",\"url\":\"https:\\\/\\\/medinstrus.lt\\\/wp-content\\\/uploads\\\/2024\\\/09\\\/ET02.png\",\"contentUrl\":\"https:\\\/\\\/medinstrus.lt\\\/wp-content\\\/uploads\\\/2024\\\/09\\\/ET02.png\",\"width\":1080,\"height\":1350,\"caption\":\"ET02 table providing superior stability for diagnostic instruments\"},{\"@type\":\"BreadcrumbList\",\"@id\":\"https:\\\/\\\/medinstrus.lt\\\/de\\\/produkt\\\/et02\\\/#breadcrumb\",\"itemListElement\":[{\"@type\":\"ListItem\",\"position\":1,\"name\":\"Home\",\"item\":\"https:\\\/\\\/medinstrus.lt\\\/de\\\/homepage\\\/\"},{\"@type\":\"ListItem\",\"position\":2,\"name\":\"Shop\",\"item\":\"https:\\\/\\\/medinstrus.lt\\\/de\\\/shop\\\/\"},{\"@type\":\"ListItem\",\"position\":3,\"name\":\"ET02\"}]},{\"@type\":\"WebSite\",\"@id\":\"https:\\\/\\\/medinstrus.lt\\\/de\\\/#website\",\"url\":\"https:\\\/\\\/medinstrus.lt\\\/de\\\/\",\"name\":\"https:\\\/\\\/medinstrus.com\\\/\",\"description\":\"Simplicity combined with functionality.\",\"publisher\":{\"@id\":\"https:\\\/\\\/medinstrus.lt\\\/de\\\/#organization\"},\"potentialAction\":[{\"@type\":\"SearchAction\",\"target\":{\"@type\":\"EntryPoint\",\"urlTemplate\":\"https:\\\/\\\/medinstrus.lt\\\/de\\\/?s={search_term_string}\"},\"query-input\":{\"@type\":\"PropertyValueSpecification\",\"valueRequired\":true,\"valueName\":\"search_term_string\"}}],\"inLanguage\":\"de\"},{\"@type\":\"Organization\",\"@id\":\"https:\\\/\\\/medinstrus.lt\\\/de\\\/#organization\",\"name\":\"Medinstrus\",\"url\":\"https:\\\/\\\/medinstrus.lt\\\/de\\\/\",\"logo\":{\"@type\":\"ImageObject\",\"inLanguage\":\"de\",\"@id\":\"https:\\\/\\\/medinstrus.lt\\\/de\\\/#\\\/schema\\\/logo\\\/image\\\/\",\"url\":\"https:\\\/\\\/medinstrus.lt\\\/wp-content\\\/uploads\\\/2025\\\/02\\\/Medinstrus-v1.png\",\"contentUrl\":\"https:\\\/\\\/medinstrus.lt\\\/wp-content\\\/uploads\\\/2025\\\/02\\\/Medinstrus-v1.png\",\"width\":723,\"height\":96,\"caption\":\"Medinstrus\"},\"image\":{\"@id\":\"https:\\\/\\\/medinstrus.lt\\\/de\\\/#\\\/schema\\\/logo\\\/image\\\/\"},\"sameAs\":[\"https:\\\/\\\/www.facebook.com\\\/medinstrus\\\/\",\"https:\\\/\\\/www.instagram.com\\\/Medinstrus\"]}]}<\/script>\n<!-- \/ Yoast SEO Premium plugin. -->","yoast_head_json":{"title":"Elektrischer Tisch f\u00fcr ophthalmologische Ger\u00e4te ET02 - Medinstrus","description":"Entdecken Sie den ET02, einen fortschrittlichen elektrischen Hubtisch mit verbesserter Stabilit\u00e4t und Einstellbarkeit f\u00fcr verschiedene diagnostische Instrumente.","robots":{"index":"index","follow":"follow","max-snippet":"max-snippet:-1","max-image-preview":"max-image-preview:large","max-video-preview":"max-video-preview:-1"},"canonical":"https:\/\/medinstrus.lt\/de\/produkt\/et02\/","og_locale":"de_DE","og_type":"article","og_title":"ET02","og_description":"Entdecken Sie den ET02, einen fortschrittlichen elektrischen Hubtisch mit verbesserter Stabilit\u00e4t und Einstellbarkeit f\u00fcr verschiedene diagnostische Instrumente.","og_url":"https:\/\/medinstrus.lt\/de\/produkt\/et02\/","og_site_name":"Medinstrus","article_publisher":"https:\/\/www.facebook.com\/medinstrus\/","og_image":[{"width":1080,"height":1350,"url":"https:\/\/medinstrus.lt\/wp-content\/uploads\/2024\/09\/ET02.png","type":"image\/png"}],"twitter_card":"summary_large_image","twitter_misc":{"Gesch\u00e4tzte Lesezeit":"1\u00a0Minute"},"schema":{"@context":"https:\/\/schema.org","@graph":[{"@type":"WebPage","@id":"https:\/\/medinstrus.lt\/de\/produkt\/et02\/","url":"https:\/\/medinstrus.lt\/de\/produkt\/et02\/","name":"Elektrischer Tisch f\u00fcr ophthalmologische Ger\u00e4te ET02 - Medinstrus","isPartOf":{"@id":"https:\/\/medinstrus.lt\/de\/#website"},"primaryImageOfPage":{"@id":"https:\/\/medinstrus.lt\/de\/produkt\/et02\/#primaryimage"},"image":{"@id":"https:\/\/medinstrus.lt\/de\/produkt\/et02\/#primaryimage"},"thumbnailUrl":"https:\/\/medinstrus.lt\/wp-content\/uploads\/2024\/09\/ET02.png","datePublished":"2024-09-24T15:36:59+00:00","description":"Entdecken Sie den ET02, einen fortschrittlichen elektrischen Hubtisch mit verbesserter Stabilit\u00e4t und Einstellbarkeit f\u00fcr verschiedene diagnostische Instrumente.","breadcrumb":{"@id":"https:\/\/medinstrus.lt\/de\/produkt\/et02\/#breadcrumb"},"inLanguage":"de","potentialAction":[{"@type":"ReadAction","target":["https:\/\/medinstrus.lt\/de\/produkt\/et02\/"]}]},{"@type":"ImageObject","inLanguage":"de","@id":"https:\/\/medinstrus.lt\/de\/produkt\/et02\/#primaryimage","url":"https:\/\/medinstrus.lt\/wp-content\/uploads\/2024\/09\/ET02.png","contentUrl":"https:\/\/medinstrus.lt\/wp-content\/uploads\/2024\/09\/ET02.png","width":1080,"height":1350,"caption":"ET02 table providing superior stability for diagnostic instruments"},{"@type":"BreadcrumbList","@id":"https:\/\/medinstrus.lt\/de\/produkt\/et02\/#breadcrumb","itemListElement":[{"@type":"ListItem","position":1,"name":"Home","item":"https:\/\/medinstrus.lt\/de\/homepage\/"},{"@type":"ListItem","position":2,"name":"Shop","item":"https:\/\/medinstrus.lt\/de\/shop\/"},{"@type":"ListItem","position":3,"name":"ET02"}]},{"@type":"WebSite","@id":"https:\/\/medinstrus.lt\/de\/#website","url":"https:\/\/medinstrus.lt\/de\/","name":"https:\/\/medinstrus.com\/","description":"Simplicity combined with functionality.","publisher":{"@id":"https:\/\/medinstrus.lt\/de\/#organization"},"potentialAction":[{"@type":"SearchAction","target":{"@type":"EntryPoint","urlTemplate":"https:\/\/medinstrus.lt\/de\/?s={search_term_string}"},"query-input":{"@type":"PropertyValueSpecification","valueRequired":true,"valueName":"search_term_string"}}],"inLanguage":"de"},{"@type":"Organization","@id":"https:\/\/medinstrus.lt\/de\/#organization","name":"Medinstrus","url":"https:\/\/medinstrus.lt\/de\/","logo":{"@type":"ImageObject","inLanguage":"de","@id":"https:\/\/medinstrus.lt\/de\/#\/schema\/logo\/image\/","url":"https:\/\/medinstrus.lt\/wp-content\/uploads\/2025\/02\/Medinstrus-v1.png","contentUrl":"https:\/\/medinstrus.lt\/wp-content\/uploads\/2025\/02\/Medinstrus-v1.png","width":723,"height":96,"caption":"Medinstrus"},"image":{"@id":"https:\/\/medinstrus.lt\/de\/#\/schema\/logo\/image\/"},"sameAs":["https:\/\/www.facebook.com\/medinstrus\/","https:\/\/www.instagram.com\/Medinstrus"]}]}},"_links":{"self":[{"href":"https:\/\/medinstrus.lt\/de\/wp-json\/wp\/v2\/product\/3364","targetHints":{"allow":["GET"]}}],"collection":[{"href":"https:\/\/medinstrus.lt\/de\/wp-json\/wp\/v2\/product"}],"about":[{"href":"https:\/\/medinstrus.lt\/de\/wp-json\/wp\/v2\/types\/product"}],"replies":[{"embeddable":true,"href":"https:\/\/medinstrus.lt\/de\/wp-json\/wp\/v2\/comments?post=3364"}],"wp:featuredmedia":[{"embeddable":true,"href":"https:\/\/medinstrus.lt\/de\/wp-json\/wp\/v2\/media\/2954"}],"wp:attachment":[{"href":"https:\/\/medinstrus.lt\/de\/wp-json\/wp\/v2\/media?parent=3364"}],"wp:term":[{"taxonomy":"product_brand","embeddable":true,"href":"https:\/\/medinstrus.lt\/de\/wp-json\/wp\/v2\/product_brand?post=3364"},{"taxonomy":"product_cat","embeddable":true,"href":"https:\/\/medinstrus.lt\/de\/wp-json\/wp\/v2\/product_cat?post=3364"},{"taxonomy":"product_tag","embeddable":true,"href":"https:\/\/medinstrus.lt\/de\/wp-json\/wp\/v2\/product_tag?post=3364"}],"curies":[{"name":"wp","href":"https:\/\/api.w.org\/{rel}","templated":true}]}}