{"id":3361,"date":"2024-09-24T18:44:56","date_gmt":"2024-09-24T15:44:56","guid":{"rendered":"https:\/\/medinstrus.lt\/product\/mt02\/"},"modified":"2024-09-24T18:44:56","modified_gmt":"2024-09-24T15:44:56","slug":"mt02","status":"publish","type":"product","link":"https:\/\/medinstrus.lt\/de\/produkt\/mt02\/","title":{"rendered":"MT02"},"content":{"rendered":"<p><strong>Technische Daten:<\/strong><\/p>\n<ul>\n<li><strong>H\u00f6henbereich:<\/strong> Min 65 cm, Max 105 cm<\/li>\n<li><strong>Erh\u00f6hte Reichweite:<\/strong> 40 cm<\/li>\n<li><strong>Hebegeschwindigkeit:<\/strong> 25 mm\/s<\/li>\n<li> <strong>Kapazit\u00e4t:<\/strong> 100 kg<\/li>\n<li><strong>Gewicht:<\/strong> 38 kg<\/li>\n<li><strong>Mechanismus zur H\u00f6henverstellung:<\/strong> Elektrisch<\/li>\n<li><strong>Steuerung der H\u00f6henverstellung:<\/strong> UP\/DOWN-Schalter<\/li>\n<li><strong>Stromversorgung:<\/strong> ~115\/230V 50\/60Hz<\/li>\n<li><strong>Zugang f\u00fcr Rollst\u00fchle:<\/strong> F\u00fcr den einfachen Zugang von Patienten im Rollstuhl konzipiert<\/li>\n<\/ul>\n<p>Der MT02 wurde unter dem Aspekt der Inklusion entwickelt, um sicherzustellen, dass Patienten mit Mobilit\u00e4tsproblemen bequem untergebracht werden k\u00f6nnen. Dank seiner hohen Tragkraft und seiner robusten Konstruktion ist er ideal f\u00fcr eine Vielzahl von ophthalmologischen Instrumenten geeignet und bietet sowohl Flexibilit\u00e4t als auch Zuverl\u00e4ssigkeit im klinischen Umfeld. <\/p>\n","protected":false},"excerpt":{"rendered":"<p><strong>MT02 Motorisierter Instrumententisch<\/strong><\/p>\n<p>Der motorisierte Instrumententisch MT02 wurde entwickelt, um schwerere ophthalmologische Instrumente zu tragen und bietet gleichzeitig robuste Stabilit\u00e4t und einfache H\u00f6henverstellung. Dieser Tisch zeichnet sich besonders durch seine Rollstuhltauglichkeit aus, die allen Patienten Komfort und Benutzerfreundlichkeit garantiert. <\/p>\n","protected":false},"featured_media":2385,"comment_status":"closed","ping_status":"closed","template":"","meta":{"_acf_changed":false},"product_brand":[],"product_cat":[198],"product_tag":[235,236,237],"class_list":{"0":"post-3361","1":"product","2":"type-product","3":"status-publish","4":"has-post-thumbnail","6":"product_cat-tische","7":"product_tag-mt02-tabelle","8":"product_tag-robuster-motorisierter-kipptisch","9":"product_tag-verstellbarer-instrumententisch","11":"first","12":"instock","13":"shipping-taxable","14":"product-type-simple"},"acf":[],"gallery_images":[2377,2387,2385,2383,2381,2379],"yoast_head":"<!-- This site is optimized with the Yoast SEO Premium plugin v27.4 (Yoast SEO v27.4) - https:\/\/yoast.com\/product\/yoast-seo-premium-wordpress\/ -->\n<title>Elektrischer Tisch f\u00fcr ophthalmologische Ger\u00e4te MT02 - Medinstrus<\/title>\n<meta name=\"description\" content=\"Entdecken Sie den MT02, einen motorisierten Kipptisch mit robustem Design und einstellbaren Funktionen f\u00fcr eine optimale Positionierung der Instrumente.\" \/>\n<meta name=\"robots\" content=\"index, follow, max-snippet:-1, max-image-preview:large, max-video-preview:-1\" \/>\n<link rel=\"canonical\" href=\"https:\/\/medinstrus.lt\/de\/produkt\/mt02\/\" \/>\n<meta property=\"og:locale\" content=\"de_DE\" \/>\n<meta property=\"og:type\" content=\"article\" \/>\n<meta property=\"og:title\" content=\"MT02\" \/>\n<meta property=\"og:description\" content=\"Entdecken Sie den MT02, einen motorisierten Kipptisch mit robustem Design und einstellbaren Funktionen f\u00fcr eine optimale Positionierung der Instrumente.\" \/>\n<meta property=\"og:url\" content=\"https:\/\/medinstrus.lt\/de\/produkt\/mt02\/\" \/>\n<meta property=\"og:site_name\" content=\"Medinstrus\" \/>\n<meta property=\"article:publisher\" content=\"https:\/\/www.facebook.com\/medinstrus\/\" \/>\n<meta property=\"og:image\" content=\"https:\/\/medinstrus.lt\/wp-content\/uploads\/2024\/09\/MT-02.jpg\" \/>\n\t<meta property=\"og:image:width\" content=\"1000\" \/>\n\t<meta property=\"og:image:height\" content=\"1500\" \/>\n\t<meta property=\"og:image:type\" content=\"image\/jpeg\" \/>\n<meta name=\"twitter:card\" content=\"summary_large_image\" \/>\n<meta name=\"twitter:label1\" content=\"Gesch\u00e4tzte Lesezeit\" \/>\n\t<meta name=\"twitter:data1\" content=\"1\u00a0Minute\" \/>\n<script type=\"application\/ld+json\" class=\"yoast-schema-graph\">{\"@context\":\"https:\\\/\\\/schema.org\",\"@graph\":[{\"@type\":\"WebPage\",\"@id\":\"https:\\\/\\\/medinstrus.lt\\\/de\\\/produkt\\\/mt02\\\/\",\"url\":\"https:\\\/\\\/medinstrus.lt\\\/de\\\/produkt\\\/mt02\\\/\",\"name\":\"Elektrischer Tisch f\u00fcr ophthalmologische Ger\u00e4te MT02 - Medinstrus\",\"isPartOf\":{\"@id\":\"https:\\\/\\\/medinstrus.lt\\\/de\\\/#website\"},\"primaryImageOfPage\":{\"@id\":\"https:\\\/\\\/medinstrus.lt\\\/de\\\/produkt\\\/mt02\\\/#primaryimage\"},\"image\":{\"@id\":\"https:\\\/\\\/medinstrus.lt\\\/de\\\/produkt\\\/mt02\\\/#primaryimage\"},\"thumbnailUrl\":\"https:\\\/\\\/medinstrus.lt\\\/wp-content\\\/uploads\\\/2024\\\/09\\\/MT-02.jpg\",\"datePublished\":\"2024-09-24T15:44:56+00:00\",\"description\":\"Entdecken Sie den MT02, einen motorisierten Kipptisch mit robustem Design und einstellbaren Funktionen f\u00fcr eine optimale Positionierung der Instrumente.\",\"breadcrumb\":{\"@id\":\"https:\\\/\\\/medinstrus.lt\\\/de\\\/produkt\\\/mt02\\\/#breadcrumb\"},\"inLanguage\":\"de\",\"potentialAction\":[{\"@type\":\"ReadAction\",\"target\":[\"https:\\\/\\\/medinstrus.lt\\\/de\\\/produkt\\\/mt02\\\/\"]}]},{\"@type\":\"ImageObject\",\"inLanguage\":\"de\",\"@id\":\"https:\\\/\\\/medinstrus.lt\\\/de\\\/produkt\\\/mt02\\\/#primaryimage\",\"url\":\"https:\\\/\\\/medinstrus.lt\\\/wp-content\\\/uploads\\\/2024\\\/09\\\/MT-02.jpg\",\"contentUrl\":\"https:\\\/\\\/medinstrus.lt\\\/wp-content\\\/uploads\\\/2024\\\/09\\\/MT-02.jpg\",\"width\":1000,\"height\":1500,\"caption\":\"MT02 table designed for optimal instrument positioning\"},{\"@type\":\"BreadcrumbList\",\"@id\":\"https:\\\/\\\/medinstrus.lt\\\/de\\\/produkt\\\/mt02\\\/#breadcrumb\",\"itemListElement\":[{\"@type\":\"ListItem\",\"position\":1,\"name\":\"Home\",\"item\":\"https:\\\/\\\/medinstrus.lt\\\/de\\\/homepage\\\/\"},{\"@type\":\"ListItem\",\"position\":2,\"name\":\"Shop\",\"item\":\"https:\\\/\\\/medinstrus.lt\\\/de\\\/shop\\\/\"},{\"@type\":\"ListItem\",\"position\":3,\"name\":\"MT02\"}]},{\"@type\":\"WebSite\",\"@id\":\"https:\\\/\\\/medinstrus.lt\\\/de\\\/#website\",\"url\":\"https:\\\/\\\/medinstrus.lt\\\/de\\\/\",\"name\":\"https:\\\/\\\/medinstrus.com\\\/\",\"description\":\"Simplicity combined with functionality.\",\"publisher\":{\"@id\":\"https:\\\/\\\/medinstrus.lt\\\/de\\\/#organization\"},\"potentialAction\":[{\"@type\":\"SearchAction\",\"target\":{\"@type\":\"EntryPoint\",\"urlTemplate\":\"https:\\\/\\\/medinstrus.lt\\\/de\\\/?s={search_term_string}\"},\"query-input\":{\"@type\":\"PropertyValueSpecification\",\"valueRequired\":true,\"valueName\":\"search_term_string\"}}],\"inLanguage\":\"de\"},{\"@type\":\"Organization\",\"@id\":\"https:\\\/\\\/medinstrus.lt\\\/de\\\/#organization\",\"name\":\"Medinstrus\",\"url\":\"https:\\\/\\\/medinstrus.lt\\\/de\\\/\",\"logo\":{\"@type\":\"ImageObject\",\"inLanguage\":\"de\",\"@id\":\"https:\\\/\\\/medinstrus.lt\\\/de\\\/#\\\/schema\\\/logo\\\/image\\\/\",\"url\":\"https:\\\/\\\/medinstrus.lt\\\/wp-content\\\/uploads\\\/2025\\\/02\\\/Medinstrus-v1.png\",\"contentUrl\":\"https:\\\/\\\/medinstrus.lt\\\/wp-content\\\/uploads\\\/2025\\\/02\\\/Medinstrus-v1.png\",\"width\":723,\"height\":96,\"caption\":\"Medinstrus\"},\"image\":{\"@id\":\"https:\\\/\\\/medinstrus.lt\\\/de\\\/#\\\/schema\\\/logo\\\/image\\\/\"},\"sameAs\":[\"https:\\\/\\\/www.facebook.com\\\/medinstrus\\\/\",\"https:\\\/\\\/www.instagram.com\\\/Medinstrus\"]}]}<\/script>\n<!-- \/ Yoast SEO Premium plugin. -->","yoast_head_json":{"title":"Elektrischer Tisch f\u00fcr ophthalmologische Ger\u00e4te MT02 - Medinstrus","description":"Entdecken Sie den MT02, einen motorisierten Kipptisch mit robustem Design und einstellbaren Funktionen f\u00fcr eine optimale Positionierung der Instrumente.","robots":{"index":"index","follow":"follow","max-snippet":"max-snippet:-1","max-image-preview":"max-image-preview:large","max-video-preview":"max-video-preview:-1"},"canonical":"https:\/\/medinstrus.lt\/de\/produkt\/mt02\/","og_locale":"de_DE","og_type":"article","og_title":"MT02","og_description":"Entdecken Sie den MT02, einen motorisierten Kipptisch mit robustem Design und einstellbaren Funktionen f\u00fcr eine optimale Positionierung der Instrumente.","og_url":"https:\/\/medinstrus.lt\/de\/produkt\/mt02\/","og_site_name":"Medinstrus","article_publisher":"https:\/\/www.facebook.com\/medinstrus\/","og_image":[{"width":1000,"height":1500,"url":"https:\/\/medinstrus.lt\/wp-content\/uploads\/2024\/09\/MT-02.jpg","type":"image\/jpeg"}],"twitter_card":"summary_large_image","twitter_misc":{"Gesch\u00e4tzte Lesezeit":"1\u00a0Minute"},"schema":{"@context":"https:\/\/schema.org","@graph":[{"@type":"WebPage","@id":"https:\/\/medinstrus.lt\/de\/produkt\/mt02\/","url":"https:\/\/medinstrus.lt\/de\/produkt\/mt02\/","name":"Elektrischer Tisch f\u00fcr ophthalmologische Ger\u00e4te MT02 - Medinstrus","isPartOf":{"@id":"https:\/\/medinstrus.lt\/de\/#website"},"primaryImageOfPage":{"@id":"https:\/\/medinstrus.lt\/de\/produkt\/mt02\/#primaryimage"},"image":{"@id":"https:\/\/medinstrus.lt\/de\/produkt\/mt02\/#primaryimage"},"thumbnailUrl":"https:\/\/medinstrus.lt\/wp-content\/uploads\/2024\/09\/MT-02.jpg","datePublished":"2024-09-24T15:44:56+00:00","description":"Entdecken Sie den MT02, einen motorisierten Kipptisch mit robustem Design und einstellbaren Funktionen f\u00fcr eine optimale Positionierung der Instrumente.","breadcrumb":{"@id":"https:\/\/medinstrus.lt\/de\/produkt\/mt02\/#breadcrumb"},"inLanguage":"de","potentialAction":[{"@type":"ReadAction","target":["https:\/\/medinstrus.lt\/de\/produkt\/mt02\/"]}]},{"@type":"ImageObject","inLanguage":"de","@id":"https:\/\/medinstrus.lt\/de\/produkt\/mt02\/#primaryimage","url":"https:\/\/medinstrus.lt\/wp-content\/uploads\/2024\/09\/MT-02.jpg","contentUrl":"https:\/\/medinstrus.lt\/wp-content\/uploads\/2024\/09\/MT-02.jpg","width":1000,"height":1500,"caption":"MT02 table designed for optimal instrument positioning"},{"@type":"BreadcrumbList","@id":"https:\/\/medinstrus.lt\/de\/produkt\/mt02\/#breadcrumb","itemListElement":[{"@type":"ListItem","position":1,"name":"Home","item":"https:\/\/medinstrus.lt\/de\/homepage\/"},{"@type":"ListItem","position":2,"name":"Shop","item":"https:\/\/medinstrus.lt\/de\/shop\/"},{"@type":"ListItem","position":3,"name":"MT02"}]},{"@type":"WebSite","@id":"https:\/\/medinstrus.lt\/de\/#website","url":"https:\/\/medinstrus.lt\/de\/","name":"https:\/\/medinstrus.com\/","description":"Simplicity combined with functionality.","publisher":{"@id":"https:\/\/medinstrus.lt\/de\/#organization"},"potentialAction":[{"@type":"SearchAction","target":{"@type":"EntryPoint","urlTemplate":"https:\/\/medinstrus.lt\/de\/?s={search_term_string}"},"query-input":{"@type":"PropertyValueSpecification","valueRequired":true,"valueName":"search_term_string"}}],"inLanguage":"de"},{"@type":"Organization","@id":"https:\/\/medinstrus.lt\/de\/#organization","name":"Medinstrus","url":"https:\/\/medinstrus.lt\/de\/","logo":{"@type":"ImageObject","inLanguage":"de","@id":"https:\/\/medinstrus.lt\/de\/#\/schema\/logo\/image\/","url":"https:\/\/medinstrus.lt\/wp-content\/uploads\/2025\/02\/Medinstrus-v1.png","contentUrl":"https:\/\/medinstrus.lt\/wp-content\/uploads\/2025\/02\/Medinstrus-v1.png","width":723,"height":96,"caption":"Medinstrus"},"image":{"@id":"https:\/\/medinstrus.lt\/de\/#\/schema\/logo\/image\/"},"sameAs":["https:\/\/www.facebook.com\/medinstrus\/","https:\/\/www.instagram.com\/Medinstrus"]}]}},"_links":{"self":[{"href":"https:\/\/medinstrus.lt\/de\/wp-json\/wp\/v2\/product\/3361","targetHints":{"allow":["GET"]}}],"collection":[{"href":"https:\/\/medinstrus.lt\/de\/wp-json\/wp\/v2\/product"}],"about":[{"href":"https:\/\/medinstrus.lt\/de\/wp-json\/wp\/v2\/types\/product"}],"replies":[{"embeddable":true,"href":"https:\/\/medinstrus.lt\/de\/wp-json\/wp\/v2\/comments?post=3361"}],"wp:featuredmedia":[{"embeddable":true,"href":"https:\/\/medinstrus.lt\/de\/wp-json\/wp\/v2\/media\/2385"}],"wp:attachment":[{"href":"https:\/\/medinstrus.lt\/de\/wp-json\/wp\/v2\/media?parent=3361"}],"wp:term":[{"taxonomy":"product_brand","embeddable":true,"href":"https:\/\/medinstrus.lt\/de\/wp-json\/wp\/v2\/product_brand?post=3361"},{"taxonomy":"product_cat","embeddable":true,"href":"https:\/\/medinstrus.lt\/de\/wp-json\/wp\/v2\/product_cat?post=3361"},{"taxonomy":"product_tag","embeddable":true,"href":"https:\/\/medinstrus.lt\/de\/wp-json\/wp\/v2\/product_tag?post=3361"}],"curies":[{"name":"wp","href":"https:\/\/api.w.org\/{rel}","templated":true}]}}