{"id":3357,"date":"2024-09-24T18:50:53","date_gmt":"2024-09-24T15:50:53","guid":{"rendered":"https:\/\/medinstrus.lt\/product\/mt02-oct\/"},"modified":"2024-09-24T18:50:53","modified_gmt":"2024-09-24T15:50:53","slug":"mt02-oct","status":"publish","type":"product","link":"https:\/\/medinstrus.lt\/de\/produkt\/mt02-oct\/","title":{"rendered":"MT02 OCT"},"content":{"rendered":"<p><strong>Technische Daten:<\/strong><\/p>\n<p><strong>H\u00f6henverstellung:<\/strong><\/p>\n<ul>\n<li><strong>Mindesth\u00f6he:<\/strong> 70 cm<\/li>\n<li><strong>Maximale H\u00f6he:<\/strong> 101 cm<\/li>\n<li><strong>H\u00f6henunterschied:<\/strong> 40 cm<\/li>\n<li>Elektrische H\u00f6henverstellung \u00fcber einen UP\/Down-Schalter f\u00fcr m\u00fchelose Anpassungen.<\/li>\n<\/ul>\n<p><strong>Abmessungen des Rahmens:<\/strong><\/p>\n<ul>\n<li><strong>L\u00e4nge:<\/strong> 90 cm<\/li>\n<li>Entwickelt, um verschiedene Aufstellungen zu erm\u00f6glichen und reichlich Arbeitsfl\u00e4che zu bieten.<\/li>\n<\/ul>\n<p><strong>Tragkraft:<\/strong><\/p>\n<ul>\n<li>Er kann bis zu 80 kg heben und ist somit mit einer Vielzahl von Instrumenten kompatibel.<\/li>\n<\/ul>\n<p><strong>Gewicht:<\/strong><\/p>\n<ul>\n<li>Der Tisch wiegt je nach Konfiguration 48 kg und bietet eine stabile Plattform, ohne die Mobilit\u00e4t zu beeintr\u00e4chtigen.<\/li>\n<\/ul>\n<p><strong>Stromversorgung:<\/strong><\/p>\n<ul>\n<li>Arbeitet mit einer Stromversorgung von ~115\/230V 50\/60Hz und ist somit f\u00fcr den weltweiten Einsatz geeignet.<\/li>\n<\/ul>\n<p><strong>Zus\u00e4tzliche Merkmale:<\/strong><\/p>\n<ul>\n<li>Wird mit einem Computergeh\u00e4use geliefert, das eine T\u00fcr mit den Ma\u00dfen 56x23x46 cm enth\u00e4lt, die je nach Bedarf angepasst werden kann.<\/li>\n<li>Die Form und Gr\u00f6\u00dfe der Tischplatte und des Computergeh\u00e4uses kann ebenfalls angepasst werden, um den individuellen Anforderungen und Arbeitsplatzkonfigurationen besser gerecht zu werden.<\/li>\n<\/ul>\n<p>Der MT02 OCT-Tisch wurde entwickelt, um eine ergonomische und zug\u00e4ngliche L\u00f6sung f\u00fcr klinische Umgebungen zu bieten, damit sowohl \u00c4rzte als auch Patienten von seiner Funktionalit\u00e4t und Benutzerfreundlichkeit profitieren. Die robuste Tragf\u00e4higkeit und die anpassbaren Funktionen machen ihn zu einer idealen Wahl f\u00fcr verschiedene ophthalmologische Verfahren und Instrumente. <\/p>\n","protected":false},"excerpt":{"rendered":"<p><strong>MT02 OCT Instrumententisch<\/strong><\/p>\n<p>Der MT02 OCT-Instrumententisch wurde als robuste und vielseitige L\u00f6sung f\u00fcr OCT (Optische Koh\u00e4renztomographie) und andere ophthalmologische Instrumente entwickelt und bietet einfachen Zugang und Stabilit\u00e4t. Zu den wichtigsten Merkmalen des MT02 OCT geh\u00f6ren: <\/p>\n","protected":false},"featured_media":2958,"comment_status":"closed","ping_status":"closed","template":"","meta":{"_acf_changed":false},"product_brand":[],"product_cat":[198],"product_tag":[225,224,226],"class_list":{"0":"post-3357","1":"product","2":"type-product","3":"status-publish","4":"has-post-thumbnail","6":"product_cat-tische","7":"product_tag-motorisierter-oct-instrumententisch","8":"product_tag-mt02-oct-tabelle","9":"product_tag-verstellbarer-oct-tisch","11":"first","12":"instock","13":"shipping-taxable","14":"product-type-simple"},"acf":[],"gallery_images":[2389,2391],"yoast_head":"<!-- This site is optimized with the Yoast SEO Premium plugin v27.4 (Yoast SEO v27.5) - https:\/\/yoast.com\/product\/yoast-seo-premium-wordpress\/ -->\n<title>Elektrischer Tisch f\u00fcr ophthalmologische Ger\u00e4te MT02 OCT - Medinstrus<\/title>\n<meta name=\"description\" content=\"Entdecken Sie den MT02 OCT, einen motorisierten Kipptisch, der speziell f\u00fcr optische Koh\u00e4renztomographie-Ger\u00e4te mit einstellbarer Positionierung entwickelt wurde.\" \/>\n<meta name=\"robots\" content=\"index, follow, max-snippet:-1, max-image-preview:large, max-video-preview:-1\" \/>\n<link rel=\"canonical\" href=\"https:\/\/medinstrus.lt\/de\/produkt\/mt02-oct\/\" \/>\n<meta property=\"og:locale\" content=\"de_DE\" \/>\n<meta property=\"og:type\" content=\"article\" \/>\n<meta property=\"og:title\" content=\"MT02 OCT\" \/>\n<meta property=\"og:description\" content=\"Entdecken Sie den MT02 OCT, einen motorisierten Kipptisch, der speziell f\u00fcr optische Koh\u00e4renztomographie-Ger\u00e4te mit einstellbarer Positionierung entwickelt wurde.\" \/>\n<meta property=\"og:url\" content=\"https:\/\/medinstrus.lt\/de\/produkt\/mt02-oct\/\" \/>\n<meta property=\"og:site_name\" content=\"Medinstrus\" \/>\n<meta property=\"article:publisher\" content=\"https:\/\/www.facebook.com\/medinstrus\/\" \/>\n<meta property=\"og:image\" content=\"https:\/\/medinstrus.lt\/wp-content\/uploads\/2024\/09\/MT02-OCT.png\" \/>\n\t<meta property=\"og:image:width\" content=\"1080\" \/>\n\t<meta property=\"og:image:height\" content=\"1350\" \/>\n\t<meta property=\"og:image:type\" content=\"image\/png\" \/>\n<meta name=\"twitter:card\" content=\"summary_large_image\" \/>\n<meta name=\"twitter:label1\" content=\"Gesch\u00e4tzte Lesezeit\" \/>\n\t<meta name=\"twitter:data1\" content=\"1\u00a0Minute\" \/>\n<script type=\"application\/ld+json\" class=\"yoast-schema-graph\">{\"@context\":\"https:\\\/\\\/schema.org\",\"@graph\":[{\"@type\":\"WebPage\",\"@id\":\"https:\\\/\\\/medinstrus.lt\\\/de\\\/produkt\\\/mt02-oct\\\/\",\"url\":\"https:\\\/\\\/medinstrus.lt\\\/de\\\/produkt\\\/mt02-oct\\\/\",\"name\":\"Elektrischer Tisch f\u00fcr ophthalmologische Ger\u00e4te MT02 OCT - Medinstrus\",\"isPartOf\":{\"@id\":\"https:\\\/\\\/medinstrus.lt\\\/de\\\/#website\"},\"primaryImageOfPage\":{\"@id\":\"https:\\\/\\\/medinstrus.lt\\\/de\\\/produkt\\\/mt02-oct\\\/#primaryimage\"},\"image\":{\"@id\":\"https:\\\/\\\/medinstrus.lt\\\/de\\\/produkt\\\/mt02-oct\\\/#primaryimage\"},\"thumbnailUrl\":\"https:\\\/\\\/medinstrus.lt\\\/wp-content\\\/uploads\\\/2024\\\/09\\\/MT02-OCT.png\",\"datePublished\":\"2024-09-24T15:50:53+00:00\",\"description\":\"Entdecken Sie den MT02 OCT, einen motorisierten Kipptisch, der speziell f\u00fcr optische Koh\u00e4renztomographie-Ger\u00e4te mit einstellbarer Positionierung entwickelt wurde.\",\"breadcrumb\":{\"@id\":\"https:\\\/\\\/medinstrus.lt\\\/de\\\/produkt\\\/mt02-oct\\\/#breadcrumb\"},\"inLanguage\":\"de\",\"potentialAction\":[{\"@type\":\"ReadAction\",\"target\":[\"https:\\\/\\\/medinstrus.lt\\\/de\\\/produkt\\\/mt02-oct\\\/\"]}]},{\"@type\":\"ImageObject\",\"inLanguage\":\"de\",\"@id\":\"https:\\\/\\\/medinstrus.lt\\\/de\\\/produkt\\\/mt02-oct\\\/#primaryimage\",\"url\":\"https:\\\/\\\/medinstrus.lt\\\/wp-content\\\/uploads\\\/2024\\\/09\\\/MT02-OCT.png\",\"contentUrl\":\"https:\\\/\\\/medinstrus.lt\\\/wp-content\\\/uploads\\\/2024\\\/09\\\/MT02-OCT.png\",\"width\":1080,\"height\":1350,\"caption\":\"MT02 OCT table tailored for Optical Coherence Tomography equipment\"},{\"@type\":\"BreadcrumbList\",\"@id\":\"https:\\\/\\\/medinstrus.lt\\\/de\\\/produkt\\\/mt02-oct\\\/#breadcrumb\",\"itemListElement\":[{\"@type\":\"ListItem\",\"position\":1,\"name\":\"Home\",\"item\":\"https:\\\/\\\/medinstrus.lt\\\/de\\\/homepage\\\/\"},{\"@type\":\"ListItem\",\"position\":2,\"name\":\"Shop\",\"item\":\"https:\\\/\\\/medinstrus.lt\\\/de\\\/shop\\\/\"},{\"@type\":\"ListItem\",\"position\":3,\"name\":\"MT02 OCT\"}]},{\"@type\":\"WebSite\",\"@id\":\"https:\\\/\\\/medinstrus.lt\\\/de\\\/#website\",\"url\":\"https:\\\/\\\/medinstrus.lt\\\/de\\\/\",\"name\":\"https:\\\/\\\/medinstrus.com\\\/\",\"description\":\"Simplicity combined with functionality.\",\"publisher\":{\"@id\":\"https:\\\/\\\/medinstrus.lt\\\/de\\\/#organization\"},\"potentialAction\":[{\"@type\":\"SearchAction\",\"target\":{\"@type\":\"EntryPoint\",\"urlTemplate\":\"https:\\\/\\\/medinstrus.lt\\\/de\\\/?s={search_term_string}\"},\"query-input\":{\"@type\":\"PropertyValueSpecification\",\"valueRequired\":true,\"valueName\":\"search_term_string\"}}],\"inLanguage\":\"de\"},{\"@type\":\"Organization\",\"@id\":\"https:\\\/\\\/medinstrus.lt\\\/de\\\/#organization\",\"name\":\"Medinstrus\",\"url\":\"https:\\\/\\\/medinstrus.lt\\\/de\\\/\",\"logo\":{\"@type\":\"ImageObject\",\"inLanguage\":\"de\",\"@id\":\"https:\\\/\\\/medinstrus.lt\\\/de\\\/#\\\/schema\\\/logo\\\/image\\\/\",\"url\":\"https:\\\/\\\/medinstrus.lt\\\/wp-content\\\/uploads\\\/2025\\\/02\\\/Medinstrus-v1.png\",\"contentUrl\":\"https:\\\/\\\/medinstrus.lt\\\/wp-content\\\/uploads\\\/2025\\\/02\\\/Medinstrus-v1.png\",\"width\":723,\"height\":96,\"caption\":\"Medinstrus\"},\"image\":{\"@id\":\"https:\\\/\\\/medinstrus.lt\\\/de\\\/#\\\/schema\\\/logo\\\/image\\\/\"},\"sameAs\":[\"https:\\\/\\\/www.facebook.com\\\/medinstrus\\\/\",\"https:\\\/\\\/www.instagram.com\\\/Medinstrus\"]}]}<\/script>\n<!-- \/ Yoast SEO Premium plugin. -->","yoast_head_json":{"title":"Elektrischer Tisch f\u00fcr ophthalmologische Ger\u00e4te MT02 OCT - Medinstrus","description":"Entdecken Sie den MT02 OCT, einen motorisierten Kipptisch, der speziell f\u00fcr optische Koh\u00e4renztomographie-Ger\u00e4te mit einstellbarer Positionierung entwickelt wurde.","robots":{"index":"index","follow":"follow","max-snippet":"max-snippet:-1","max-image-preview":"max-image-preview:large","max-video-preview":"max-video-preview:-1"},"canonical":"https:\/\/medinstrus.lt\/de\/produkt\/mt02-oct\/","og_locale":"de_DE","og_type":"article","og_title":"MT02 OCT","og_description":"Entdecken Sie den MT02 OCT, einen motorisierten Kipptisch, der speziell f\u00fcr optische Koh\u00e4renztomographie-Ger\u00e4te mit einstellbarer Positionierung entwickelt wurde.","og_url":"https:\/\/medinstrus.lt\/de\/produkt\/mt02-oct\/","og_site_name":"Medinstrus","article_publisher":"https:\/\/www.facebook.com\/medinstrus\/","og_image":[{"width":1080,"height":1350,"url":"https:\/\/medinstrus.lt\/wp-content\/uploads\/2024\/09\/MT02-OCT.png","type":"image\/png"}],"twitter_card":"summary_large_image","twitter_misc":{"Gesch\u00e4tzte Lesezeit":"1\u00a0Minute"},"schema":{"@context":"https:\/\/schema.org","@graph":[{"@type":"WebPage","@id":"https:\/\/medinstrus.lt\/de\/produkt\/mt02-oct\/","url":"https:\/\/medinstrus.lt\/de\/produkt\/mt02-oct\/","name":"Elektrischer Tisch f\u00fcr ophthalmologische Ger\u00e4te MT02 OCT - Medinstrus","isPartOf":{"@id":"https:\/\/medinstrus.lt\/de\/#website"},"primaryImageOfPage":{"@id":"https:\/\/medinstrus.lt\/de\/produkt\/mt02-oct\/#primaryimage"},"image":{"@id":"https:\/\/medinstrus.lt\/de\/produkt\/mt02-oct\/#primaryimage"},"thumbnailUrl":"https:\/\/medinstrus.lt\/wp-content\/uploads\/2024\/09\/MT02-OCT.png","datePublished":"2024-09-24T15:50:53+00:00","description":"Entdecken Sie den MT02 OCT, einen motorisierten Kipptisch, der speziell f\u00fcr optische Koh\u00e4renztomographie-Ger\u00e4te mit einstellbarer Positionierung entwickelt wurde.","breadcrumb":{"@id":"https:\/\/medinstrus.lt\/de\/produkt\/mt02-oct\/#breadcrumb"},"inLanguage":"de","potentialAction":[{"@type":"ReadAction","target":["https:\/\/medinstrus.lt\/de\/produkt\/mt02-oct\/"]}]},{"@type":"ImageObject","inLanguage":"de","@id":"https:\/\/medinstrus.lt\/de\/produkt\/mt02-oct\/#primaryimage","url":"https:\/\/medinstrus.lt\/wp-content\/uploads\/2024\/09\/MT02-OCT.png","contentUrl":"https:\/\/medinstrus.lt\/wp-content\/uploads\/2024\/09\/MT02-OCT.png","width":1080,"height":1350,"caption":"MT02 OCT table tailored for Optical Coherence Tomography equipment"},{"@type":"BreadcrumbList","@id":"https:\/\/medinstrus.lt\/de\/produkt\/mt02-oct\/#breadcrumb","itemListElement":[{"@type":"ListItem","position":1,"name":"Home","item":"https:\/\/medinstrus.lt\/de\/homepage\/"},{"@type":"ListItem","position":2,"name":"Shop","item":"https:\/\/medinstrus.lt\/de\/shop\/"},{"@type":"ListItem","position":3,"name":"MT02 OCT"}]},{"@type":"WebSite","@id":"https:\/\/medinstrus.lt\/de\/#website","url":"https:\/\/medinstrus.lt\/de\/","name":"https:\/\/medinstrus.com\/","description":"Simplicity combined with functionality.","publisher":{"@id":"https:\/\/medinstrus.lt\/de\/#organization"},"potentialAction":[{"@type":"SearchAction","target":{"@type":"EntryPoint","urlTemplate":"https:\/\/medinstrus.lt\/de\/?s={search_term_string}"},"query-input":{"@type":"PropertyValueSpecification","valueRequired":true,"valueName":"search_term_string"}}],"inLanguage":"de"},{"@type":"Organization","@id":"https:\/\/medinstrus.lt\/de\/#organization","name":"Medinstrus","url":"https:\/\/medinstrus.lt\/de\/","logo":{"@type":"ImageObject","inLanguage":"de","@id":"https:\/\/medinstrus.lt\/de\/#\/schema\/logo\/image\/","url":"https:\/\/medinstrus.lt\/wp-content\/uploads\/2025\/02\/Medinstrus-v1.png","contentUrl":"https:\/\/medinstrus.lt\/wp-content\/uploads\/2025\/02\/Medinstrus-v1.png","width":723,"height":96,"caption":"Medinstrus"},"image":{"@id":"https:\/\/medinstrus.lt\/de\/#\/schema\/logo\/image\/"},"sameAs":["https:\/\/www.facebook.com\/medinstrus\/","https:\/\/www.instagram.com\/Medinstrus"]}]}},"_links":{"self":[{"href":"https:\/\/medinstrus.lt\/de\/wp-json\/wp\/v2\/product\/3357","targetHints":{"allow":["GET"]}}],"collection":[{"href":"https:\/\/medinstrus.lt\/de\/wp-json\/wp\/v2\/product"}],"about":[{"href":"https:\/\/medinstrus.lt\/de\/wp-json\/wp\/v2\/types\/product"}],"replies":[{"embeddable":true,"href":"https:\/\/medinstrus.lt\/de\/wp-json\/wp\/v2\/comments?post=3357"}],"wp:featuredmedia":[{"embeddable":true,"href":"https:\/\/medinstrus.lt\/de\/wp-json\/wp\/v2\/media\/2958"}],"wp:attachment":[{"href":"https:\/\/medinstrus.lt\/de\/wp-json\/wp\/v2\/media?parent=3357"}],"wp:term":[{"taxonomy":"product_brand","embeddable":true,"href":"https:\/\/medinstrus.lt\/de\/wp-json\/wp\/v2\/product_brand?post=3357"},{"taxonomy":"product_cat","embeddable":true,"href":"https:\/\/medinstrus.lt\/de\/wp-json\/wp\/v2\/product_cat?post=3357"},{"taxonomy":"product_tag","embeddable":true,"href":"https:\/\/medinstrus.lt\/de\/wp-json\/wp\/v2\/product_tag?post=3357"}],"curies":[{"name":"wp","href":"https:\/\/api.w.org\/{rel}","templated":true}]}}