{"id":3353,"date":"2024-09-24T18:56:13","date_gmt":"2024-09-24T15:56:13","guid":{"rendered":"https:\/\/medinstrus.lt\/product\/wand-saeule\/"},"modified":"2024-09-24T18:56:13","modified_gmt":"2024-09-24T15:56:13","slug":"wand-saeule","status":"publish","type":"product","link":"https:\/\/medinstrus.lt\/de\/produkt\/wand-saeule\/","title":{"rendered":"Wand-S\u00e4ule"},"content":{"rendered":"<p><strong>Technische Daten:<\/strong><\/p>\n<ul>\n<li><strong>H\u00f6he der S\u00e4ule:<\/strong> 180 cm<\/li>\n<li><strong>Verstellbare Beine:<\/strong> 2-8 cm<\/li>\n<li><strong>Breite ohne Tischplatte:<\/strong> 26,9 cm<\/li>\n<li><strong>Niedrigste Position der Tischplatte:<\/strong> 63,5 cm<\/li>\n<li><strong>H\u00f6chste Position der Tischplatte:<\/strong> 135,5 cm<\/li>\n<li><strong>H\u00f6henunterschied:<\/strong> 72 cm<\/li>\n<li><strong>Tragkraft:<\/strong> 40 kg<\/li>\n<li><strong>Stromversorgung Spannung\/Frequenz:<\/strong> ~220-240V 50\/60Hz<\/li>\n<li><strong>Buchsen f\u00fcr Instrumente:<\/strong> 2 St\u00fcck<\/li>\n<\/ul>\n<p>Die Wands\u00e4ule kann in der H\u00f6he verstellt werden, um verschiedenen Anforderungen gerecht zu werden, was f\u00fcr Flexibilit\u00e4t und Effizienz sorgt. Ihre robuste Konstruktion gew\u00e4hrleistet, dass sie eine Reihe von Instrumenten sicher tragen kann, w\u00e4hrend die verstellbaren Beine und der gro\u00dfe H\u00f6henbereich zus\u00e4tzliche Vielseitigkeit bieten. Dies macht die Wands\u00e4ule zu einer zuverl\u00e4ssigen Wahl, wenn es darum geht, die Funktionalit\u00e4t und Ergonomie eines jeden klinischen Raums zu verbessern.  <\/p>\n","protected":false},"excerpt":{"rendered":"<p><strong>Wand-S\u00e4ule<\/strong><\/p>\n<p>Die Wands\u00e4ule ist eine vielseitige und robuste L\u00f6sung, die zur Aufnahme verschiedener medizinischer Instrumente entwickelt wurde. Ihre H\u00f6henverstellbarkeit und solide Bauweise machen sie zu einem unverzichtbaren Bestandteil in modernen klinischen Umgebungen. <\/p>\n","protected":false},"featured_media":2393,"comment_status":"closed","ping_status":"closed","template":"","meta":{"_acf_changed":false},"product_brand":[],"product_cat":[198],"product_tag":[211,212,213,210],"class_list":{"0":"post-3353","1":"product","2":"type-product","3":"status-publish","4":"has-post-thumbnail","6":"product_cat-tische","7":"product_tag-halterung-fur-diagnoseinstrumente","8":"product_tag-platzsparende-medizinische-gerate","9":"product_tag-verstellbares-montagesystem","10":"product_tag-wand-saule","12":"first","13":"instock","14":"shipping-taxable","15":"product-type-simple"},"acf":[],"gallery_images":[],"yoast_head":"<!-- This site is optimized with the Yoast SEO Premium plugin v27.4 (Yoast SEO v27.4) - https:\/\/yoast.com\/product\/yoast-seo-premium-wordpress\/ -->\n<title>Wands\u00e4ule - f\u00fcr die sichere Befestigung von Ger\u00e4ten - Medinstrus<\/title>\n<meta name=\"description\" content=\"Entdecken Sie die Wands\u00e4ule, eine kompakte und platzsparende L\u00f6sung f\u00fcr die sichere Befestigung von diagnostischen Instrumenten, die die Effizienz des Arbeitsplatzes in der Klinik optimiert.\" \/>\n<meta name=\"robots\" content=\"index, follow, max-snippet:-1, max-image-preview:large, max-video-preview:-1\" \/>\n<link rel=\"canonical\" href=\"https:\/\/medinstrus.lt\/de\/produkt\/wand-saeule\/\" \/>\n<meta property=\"og:locale\" content=\"de_DE\" \/>\n<meta property=\"og:type\" content=\"article\" \/>\n<meta property=\"og:title\" content=\"Wand-S\u00e4ule\" \/>\n<meta property=\"og:description\" content=\"Entdecken Sie die Wands\u00e4ule, eine kompakte und platzsparende L\u00f6sung f\u00fcr die sichere Befestigung von diagnostischen Instrumenten, die die Effizienz des Arbeitsplatzes in der Klinik optimiert.\" \/>\n<meta property=\"og:url\" content=\"https:\/\/medinstrus.lt\/de\/produkt\/wand-saeule\/\" \/>\n<meta property=\"og:site_name\" content=\"Medinstrus\" \/>\n<meta property=\"article:publisher\" content=\"https:\/\/www.facebook.com\/medinstrus\/\" \/>\n<meta property=\"og:image\" content=\"https:\/\/medinstrus.lt\/wp-content\/uploads\/2024\/09\/Wall-column.jpg\" \/>\n\t<meta property=\"og:image:width\" content=\"1000\" \/>\n\t<meta property=\"og:image:height\" content=\"1500\" \/>\n\t<meta property=\"og:image:type\" content=\"image\/jpeg\" \/>\n<meta name=\"twitter:card\" content=\"summary_large_image\" \/>\n<meta name=\"twitter:label1\" content=\"Gesch\u00e4tzte Lesezeit\" \/>\n\t<meta name=\"twitter:data1\" content=\"1\u00a0Minute\" \/>\n<script type=\"application\/ld+json\" class=\"yoast-schema-graph\">{\"@context\":\"https:\\\/\\\/schema.org\",\"@graph\":[{\"@type\":\"WebPage\",\"@id\":\"https:\\\/\\\/medinstrus.lt\\\/de\\\/produkt\\\/wand-saeule\\\/\",\"url\":\"https:\\\/\\\/medinstrus.lt\\\/de\\\/produkt\\\/wand-saeule\\\/\",\"name\":\"Wands\u00e4ule - f\u00fcr die sichere Befestigung von Ger\u00e4ten - Medinstrus\",\"isPartOf\":{\"@id\":\"https:\\\/\\\/medinstrus.lt\\\/de\\\/#website\"},\"primaryImageOfPage\":{\"@id\":\"https:\\\/\\\/medinstrus.lt\\\/de\\\/produkt\\\/wand-saeule\\\/#primaryimage\"},\"image\":{\"@id\":\"https:\\\/\\\/medinstrus.lt\\\/de\\\/produkt\\\/wand-saeule\\\/#primaryimage\"},\"thumbnailUrl\":\"https:\\\/\\\/medinstrus.lt\\\/wp-content\\\/uploads\\\/2024\\\/09\\\/Wall-column.jpg\",\"datePublished\":\"2024-09-24T15:56:13+00:00\",\"description\":\"Entdecken Sie die Wands\u00e4ule, eine kompakte und platzsparende L\u00f6sung f\u00fcr die sichere Befestigung von diagnostischen Instrumenten, die die Effizienz des Arbeitsplatzes in der Klinik optimiert.\",\"breadcrumb\":{\"@id\":\"https:\\\/\\\/medinstrus.lt\\\/de\\\/produkt\\\/wand-saeule\\\/#breadcrumb\"},\"inLanguage\":\"de\",\"potentialAction\":[{\"@type\":\"ReadAction\",\"target\":[\"https:\\\/\\\/medinstrus.lt\\\/de\\\/produkt\\\/wand-saeule\\\/\"]}]},{\"@type\":\"ImageObject\",\"inLanguage\":\"de\",\"@id\":\"https:\\\/\\\/medinstrus.lt\\\/de\\\/produkt\\\/wand-saeule\\\/#primaryimage\",\"url\":\"https:\\\/\\\/medinstrus.lt\\\/wp-content\\\/uploads\\\/2024\\\/09\\\/Wall-column.jpg\",\"contentUrl\":\"https:\\\/\\\/medinstrus.lt\\\/wp-content\\\/uploads\\\/2024\\\/09\\\/Wall-column.jpg\",\"width\":1000,\"height\":1500,\"caption\":\"Wall Column designed for securely mounting diagnostic instruments\"},{\"@type\":\"BreadcrumbList\",\"@id\":\"https:\\\/\\\/medinstrus.lt\\\/de\\\/produkt\\\/wand-saeule\\\/#breadcrumb\",\"itemListElement\":[{\"@type\":\"ListItem\",\"position\":1,\"name\":\"Home\",\"item\":\"https:\\\/\\\/medinstrus.lt\\\/de\\\/homepage\\\/\"},{\"@type\":\"ListItem\",\"position\":2,\"name\":\"Shop\",\"item\":\"https:\\\/\\\/medinstrus.lt\\\/de\\\/shop\\\/\"},{\"@type\":\"ListItem\",\"position\":3,\"name\":\"Wand-S\u00e4ule\"}]},{\"@type\":\"WebSite\",\"@id\":\"https:\\\/\\\/medinstrus.lt\\\/de\\\/#website\",\"url\":\"https:\\\/\\\/medinstrus.lt\\\/de\\\/\",\"name\":\"https:\\\/\\\/medinstrus.com\\\/\",\"description\":\"Simplicity combined with functionality.\",\"publisher\":{\"@id\":\"https:\\\/\\\/medinstrus.lt\\\/de\\\/#organization\"},\"potentialAction\":[{\"@type\":\"SearchAction\",\"target\":{\"@type\":\"EntryPoint\",\"urlTemplate\":\"https:\\\/\\\/medinstrus.lt\\\/de\\\/?s={search_term_string}\"},\"query-input\":{\"@type\":\"PropertyValueSpecification\",\"valueRequired\":true,\"valueName\":\"search_term_string\"}}],\"inLanguage\":\"de\"},{\"@type\":\"Organization\",\"@id\":\"https:\\\/\\\/medinstrus.lt\\\/de\\\/#organization\",\"name\":\"Medinstrus\",\"url\":\"https:\\\/\\\/medinstrus.lt\\\/de\\\/\",\"logo\":{\"@type\":\"ImageObject\",\"inLanguage\":\"de\",\"@id\":\"https:\\\/\\\/medinstrus.lt\\\/de\\\/#\\\/schema\\\/logo\\\/image\\\/\",\"url\":\"https:\\\/\\\/medinstrus.lt\\\/wp-content\\\/uploads\\\/2025\\\/02\\\/Medinstrus-v1.png\",\"contentUrl\":\"https:\\\/\\\/medinstrus.lt\\\/wp-content\\\/uploads\\\/2025\\\/02\\\/Medinstrus-v1.png\",\"width\":723,\"height\":96,\"caption\":\"Medinstrus\"},\"image\":{\"@id\":\"https:\\\/\\\/medinstrus.lt\\\/de\\\/#\\\/schema\\\/logo\\\/image\\\/\"},\"sameAs\":[\"https:\\\/\\\/www.facebook.com\\\/medinstrus\\\/\",\"https:\\\/\\\/www.instagram.com\\\/Medinstrus\"]}]}<\/script>\n<!-- \/ Yoast SEO Premium plugin. -->","yoast_head_json":{"title":"Wands\u00e4ule - f\u00fcr die sichere Befestigung von Ger\u00e4ten - Medinstrus","description":"Entdecken Sie die Wands\u00e4ule, eine kompakte und platzsparende L\u00f6sung f\u00fcr die sichere Befestigung von diagnostischen Instrumenten, die die Effizienz des Arbeitsplatzes in der Klinik optimiert.","robots":{"index":"index","follow":"follow","max-snippet":"max-snippet:-1","max-image-preview":"max-image-preview:large","max-video-preview":"max-video-preview:-1"},"canonical":"https:\/\/medinstrus.lt\/de\/produkt\/wand-saeule\/","og_locale":"de_DE","og_type":"article","og_title":"Wand-S\u00e4ule","og_description":"Entdecken Sie die Wands\u00e4ule, eine kompakte und platzsparende L\u00f6sung f\u00fcr die sichere Befestigung von diagnostischen Instrumenten, die die Effizienz des Arbeitsplatzes in der Klinik optimiert.","og_url":"https:\/\/medinstrus.lt\/de\/produkt\/wand-saeule\/","og_site_name":"Medinstrus","article_publisher":"https:\/\/www.facebook.com\/medinstrus\/","og_image":[{"width":1000,"height":1500,"url":"https:\/\/medinstrus.lt\/wp-content\/uploads\/2024\/09\/Wall-column.jpg","type":"image\/jpeg"}],"twitter_card":"summary_large_image","twitter_misc":{"Gesch\u00e4tzte Lesezeit":"1\u00a0Minute"},"schema":{"@context":"https:\/\/schema.org","@graph":[{"@type":"WebPage","@id":"https:\/\/medinstrus.lt\/de\/produkt\/wand-saeule\/","url":"https:\/\/medinstrus.lt\/de\/produkt\/wand-saeule\/","name":"Wands\u00e4ule - f\u00fcr die sichere Befestigung von Ger\u00e4ten - Medinstrus","isPartOf":{"@id":"https:\/\/medinstrus.lt\/de\/#website"},"primaryImageOfPage":{"@id":"https:\/\/medinstrus.lt\/de\/produkt\/wand-saeule\/#primaryimage"},"image":{"@id":"https:\/\/medinstrus.lt\/de\/produkt\/wand-saeule\/#primaryimage"},"thumbnailUrl":"https:\/\/medinstrus.lt\/wp-content\/uploads\/2024\/09\/Wall-column.jpg","datePublished":"2024-09-24T15:56:13+00:00","description":"Entdecken Sie die Wands\u00e4ule, eine kompakte und platzsparende L\u00f6sung f\u00fcr die sichere Befestigung von diagnostischen Instrumenten, die die Effizienz des Arbeitsplatzes in der Klinik optimiert.","breadcrumb":{"@id":"https:\/\/medinstrus.lt\/de\/produkt\/wand-saeule\/#breadcrumb"},"inLanguage":"de","potentialAction":[{"@type":"ReadAction","target":["https:\/\/medinstrus.lt\/de\/produkt\/wand-saeule\/"]}]},{"@type":"ImageObject","inLanguage":"de","@id":"https:\/\/medinstrus.lt\/de\/produkt\/wand-saeule\/#primaryimage","url":"https:\/\/medinstrus.lt\/wp-content\/uploads\/2024\/09\/Wall-column.jpg","contentUrl":"https:\/\/medinstrus.lt\/wp-content\/uploads\/2024\/09\/Wall-column.jpg","width":1000,"height":1500,"caption":"Wall Column designed for securely mounting diagnostic instruments"},{"@type":"BreadcrumbList","@id":"https:\/\/medinstrus.lt\/de\/produkt\/wand-saeule\/#breadcrumb","itemListElement":[{"@type":"ListItem","position":1,"name":"Home","item":"https:\/\/medinstrus.lt\/de\/homepage\/"},{"@type":"ListItem","position":2,"name":"Shop","item":"https:\/\/medinstrus.lt\/de\/shop\/"},{"@type":"ListItem","position":3,"name":"Wand-S\u00e4ule"}]},{"@type":"WebSite","@id":"https:\/\/medinstrus.lt\/de\/#website","url":"https:\/\/medinstrus.lt\/de\/","name":"https:\/\/medinstrus.com\/","description":"Simplicity combined with functionality.","publisher":{"@id":"https:\/\/medinstrus.lt\/de\/#organization"},"potentialAction":[{"@type":"SearchAction","target":{"@type":"EntryPoint","urlTemplate":"https:\/\/medinstrus.lt\/de\/?s={search_term_string}"},"query-input":{"@type":"PropertyValueSpecification","valueRequired":true,"valueName":"search_term_string"}}],"inLanguage":"de"},{"@type":"Organization","@id":"https:\/\/medinstrus.lt\/de\/#organization","name":"Medinstrus","url":"https:\/\/medinstrus.lt\/de\/","logo":{"@type":"ImageObject","inLanguage":"de","@id":"https:\/\/medinstrus.lt\/de\/#\/schema\/logo\/image\/","url":"https:\/\/medinstrus.lt\/wp-content\/uploads\/2025\/02\/Medinstrus-v1.png","contentUrl":"https:\/\/medinstrus.lt\/wp-content\/uploads\/2025\/02\/Medinstrus-v1.png","width":723,"height":96,"caption":"Medinstrus"},"image":{"@id":"https:\/\/medinstrus.lt\/de\/#\/schema\/logo\/image\/"},"sameAs":["https:\/\/www.facebook.com\/medinstrus\/","https:\/\/www.instagram.com\/Medinstrus"]}]}},"_links":{"self":[{"href":"https:\/\/medinstrus.lt\/de\/wp-json\/wp\/v2\/product\/3353","targetHints":{"allow":["GET"]}}],"collection":[{"href":"https:\/\/medinstrus.lt\/de\/wp-json\/wp\/v2\/product"}],"about":[{"href":"https:\/\/medinstrus.lt\/de\/wp-json\/wp\/v2\/types\/product"}],"replies":[{"embeddable":true,"href":"https:\/\/medinstrus.lt\/de\/wp-json\/wp\/v2\/comments?post=3353"}],"wp:featuredmedia":[{"embeddable":true,"href":"https:\/\/medinstrus.lt\/de\/wp-json\/wp\/v2\/media\/2393"}],"wp:attachment":[{"href":"https:\/\/medinstrus.lt\/de\/wp-json\/wp\/v2\/media?parent=3353"}],"wp:term":[{"taxonomy":"product_brand","embeddable":true,"href":"https:\/\/medinstrus.lt\/de\/wp-json\/wp\/v2\/product_brand?post=3353"},{"taxonomy":"product_cat","embeddable":true,"href":"https:\/\/medinstrus.lt\/de\/wp-json\/wp\/v2\/product_cat?post=3353"},{"taxonomy":"product_tag","embeddable":true,"href":"https:\/\/medinstrus.lt\/de\/wp-json\/wp\/v2\/product_tag?post=3353"}],"curies":[{"name":"wp","href":"https:\/\/api.w.org\/{rel}","templated":true}]}}