{"id":3350,"date":"2024-04-23T11:04:22","date_gmt":"2024-04-23T08:04:22","guid":{"rendered":"https:\/\/medinstrus.lt\/product\/mt01\/"},"modified":"2025-04-25T08:10:37","modified_gmt":"2025-04-25T05:10:37","slug":"mt01","status":"publish","type":"product","link":"https:\/\/medinstrus.lt\/de\/produkt\/mt01\/","title":{"rendered":"MT01"},"content":{"rendered":"<p><strong>Technische Daten:<\/strong><\/p>\n<ul>\n<li><strong>H\u00f6henbereich:<\/strong> Min 63 cm, Max 103 cm<\/li>\n<li><strong>Erh\u00f6hte Reichweite:<\/strong> 40 cm<\/li>\n<li><strong>Hebegeschwindigkeit:<\/strong> 30 mm\/s<\/li>\n<li><strong>Hebef\u00e4higkeit:<\/strong> 50 kg<\/li>\n<li><strong>Gewicht:<\/strong> 18 kg<\/li>\n<li><strong>Mechanismus zur H\u00f6henverstellung:<\/strong> Elektrisch<\/li>\n<li><strong>Steuerung der H\u00f6henverstellung:<\/strong> UP\/DOWN-Schalter<\/li>\n<li><strong>Stromversorgung:<\/strong> ~115\/230V 50\/60Hz<\/li>\n<\/ul>\n<p>Das MT01 ist kompakt und effizient und eignet sich daher ideal f\u00fcr Umgebungen, in denen nur wenig Platz zur Verf\u00fcgung steht, aber eine hohe Funktionalit\u00e4t erforderlich ist. Die elektrische H\u00f6henverstellung erm\u00f6glicht eine pr\u00e4zise Positionierung und sorgt daf\u00fcr, dass sich sowohl der Arzt als auch der Patient bei der Anwendung wohl f\u00fchlen. <\/p>\n","protected":false},"excerpt":{"rendered":"<p><strong>MT01 Motorisierter Instrumententisch<\/strong><\/p>\n<p>Der motorisierte Instrumententisch MT01 wurde entwickelt, um eine stabile und verstellbare Plattform f\u00fcr verschiedene ophthalmologische Instrumente zu bieten. Dieser Tisch zeichnet sich durch sein schlankes und funktionelles Design aus, das eine einfache Integration in jede klinische Umgebung gew\u00e4hrleistet. <\/p>\n","protected":false},"featured_media":2327,"comment_status":"closed","ping_status":"closed","template":"","meta":{"_acf_changed":false},"product_brand":[],"product_cat":[198],"product_tag":[199,200,201],"class_list":{"0":"post-3350","1":"product","2":"type-product","3":"status-publish","4":"has-post-thumbnail","6":"product_cat-tische","7":"product_tag-elektrischer-hebetisch","8":"product_tag-mt01-tabelle","9":"product_tag-verstellbarer-tisch-fur-medizinische-instrumente","11":"first","12":"instock","13":"shipping-taxable","14":"product-type-simple"},"acf":[],"gallery_images":[2327,2329,2331,2333,2335,2337,2339,2341],"yoast_head":"<!-- This site is optimized with the Yoast SEO Premium plugin v27.4 (Yoast SEO v27.4) - https:\/\/yoast.com\/product\/yoast-seo-premium-wordpress\/ -->\n<title>Elektrischer Tisch f\u00fcr ophthalmologische Instrumente MT01 - Medinstrus<\/title>\n<meta name=\"description\" content=\"Entdecken Sie den ET01, einen elektrischen Hubtisch zum Halten und Positionieren verschiedener diagnostischer Instrumente, der die Effizienz der Untersuchung erh\u00f6ht.\" \/>\n<meta name=\"robots\" content=\"index, follow, max-snippet:-1, max-image-preview:large, max-video-preview:-1\" \/>\n<link rel=\"canonical\" href=\"https:\/\/medinstrus.lt\/de\/produkt\/mt01\/\" \/>\n<meta property=\"og:locale\" content=\"de_DE\" \/>\n<meta property=\"og:type\" content=\"article\" \/>\n<meta property=\"og:title\" content=\"MT01\" \/>\n<meta property=\"og:description\" content=\"Entdecken Sie den ET01, einen elektrischen Hubtisch zum Halten und Positionieren verschiedener diagnostischer Instrumente, der die Effizienz der Untersuchung erh\u00f6ht.\" \/>\n<meta property=\"og:url\" content=\"https:\/\/medinstrus.lt\/de\/produkt\/mt01\/\" \/>\n<meta property=\"og:site_name\" content=\"Medinstrus\" \/>\n<meta property=\"article:publisher\" content=\"https:\/\/www.facebook.com\/medinstrus\/\" \/>\n<meta property=\"article:modified_time\" content=\"2025-04-25T05:10:37+00:00\" \/>\n<meta property=\"og:image\" content=\"https:\/\/medinstrus.lt\/wp-content\/uploads\/2024\/04\/table-MT01.jpg\" \/>\n\t<meta property=\"og:image:width\" content=\"1000\" \/>\n\t<meta property=\"og:image:height\" content=\"1365\" \/>\n\t<meta property=\"og:image:type\" content=\"image\/jpeg\" \/>\n<meta name=\"twitter:card\" content=\"summary_large_image\" \/>\n<script type=\"application\/ld+json\" class=\"yoast-schema-graph\">{\"@context\":\"https:\\\/\\\/schema.org\",\"@graph\":[{\"@type\":\"WebPage\",\"@id\":\"https:\\\/\\\/medinstrus.lt\\\/de\\\/produkt\\\/mt01\\\/\",\"url\":\"https:\\\/\\\/medinstrus.lt\\\/de\\\/produkt\\\/mt01\\\/\",\"name\":\"Elektrischer Tisch f\u00fcr ophthalmologische Instrumente MT01 - Medinstrus\",\"isPartOf\":{\"@id\":\"https:\\\/\\\/medinstrus.lt\\\/de\\\/#website\"},\"primaryImageOfPage\":{\"@id\":\"https:\\\/\\\/medinstrus.lt\\\/de\\\/produkt\\\/mt01\\\/#primaryimage\"},\"image\":{\"@id\":\"https:\\\/\\\/medinstrus.lt\\\/de\\\/produkt\\\/mt01\\\/#primaryimage\"},\"thumbnailUrl\":\"https:\\\/\\\/medinstrus.lt\\\/wp-content\\\/uploads\\\/2024\\\/04\\\/table-MT01.jpg\",\"datePublished\":\"2024-04-23T08:04:22+00:00\",\"dateModified\":\"2025-04-25T05:10:37+00:00\",\"description\":\"Entdecken Sie den ET01, einen elektrischen Hubtisch zum Halten und Positionieren verschiedener diagnostischer Instrumente, der die Effizienz der Untersuchung erh\u00f6ht.\",\"breadcrumb\":{\"@id\":\"https:\\\/\\\/medinstrus.lt\\\/de\\\/produkt\\\/mt01\\\/#breadcrumb\"},\"inLanguage\":\"de\",\"potentialAction\":[{\"@type\":\"ReadAction\",\"target\":[\"https:\\\/\\\/medinstrus.lt\\\/de\\\/produkt\\\/mt01\\\/\"]}]},{\"@type\":\"ImageObject\",\"inLanguage\":\"de\",\"@id\":\"https:\\\/\\\/medinstrus.lt\\\/de\\\/produkt\\\/mt01\\\/#primaryimage\",\"url\":\"https:\\\/\\\/medinstrus.lt\\\/wp-content\\\/uploads\\\/2024\\\/04\\\/table-MT01.jpg\",\"contentUrl\":\"https:\\\/\\\/medinstrus.lt\\\/wp-content\\\/uploads\\\/2024\\\/04\\\/table-MT01.jpg\",\"width\":1000,\"height\":1365,\"caption\":\"ET01 table designed for optimal instrument positioning\"},{\"@type\":\"BreadcrumbList\",\"@id\":\"https:\\\/\\\/medinstrus.lt\\\/de\\\/produkt\\\/mt01\\\/#breadcrumb\",\"itemListElement\":[{\"@type\":\"ListItem\",\"position\":1,\"name\":\"Home\",\"item\":\"https:\\\/\\\/medinstrus.lt\\\/de\\\/homepage\\\/\"},{\"@type\":\"ListItem\",\"position\":2,\"name\":\"Shop\",\"item\":\"https:\\\/\\\/medinstrus.lt\\\/de\\\/shop\\\/\"},{\"@type\":\"ListItem\",\"position\":3,\"name\":\"Tische\",\"item\":\"https:\\\/\\\/medinstrus.lt\\\/de\\\/product-category\\\/tische\\\/\"},{\"@type\":\"ListItem\",\"position\":4,\"name\":\"MT01\"}]},{\"@type\":\"WebSite\",\"@id\":\"https:\\\/\\\/medinstrus.lt\\\/de\\\/#website\",\"url\":\"https:\\\/\\\/medinstrus.lt\\\/de\\\/\",\"name\":\"https:\\\/\\\/medinstrus.com\\\/\",\"description\":\"Simplicity combined with functionality.\",\"publisher\":{\"@id\":\"https:\\\/\\\/medinstrus.lt\\\/de\\\/#organization\"},\"potentialAction\":[{\"@type\":\"SearchAction\",\"target\":{\"@type\":\"EntryPoint\",\"urlTemplate\":\"https:\\\/\\\/medinstrus.lt\\\/de\\\/?s={search_term_string}\"},\"query-input\":{\"@type\":\"PropertyValueSpecification\",\"valueRequired\":true,\"valueName\":\"search_term_string\"}}],\"inLanguage\":\"de\"},{\"@type\":\"Organization\",\"@id\":\"https:\\\/\\\/medinstrus.lt\\\/de\\\/#organization\",\"name\":\"Medinstrus\",\"url\":\"https:\\\/\\\/medinstrus.lt\\\/de\\\/\",\"logo\":{\"@type\":\"ImageObject\",\"inLanguage\":\"de\",\"@id\":\"https:\\\/\\\/medinstrus.lt\\\/de\\\/#\\\/schema\\\/logo\\\/image\\\/\",\"url\":\"https:\\\/\\\/medinstrus.lt\\\/wp-content\\\/uploads\\\/2025\\\/02\\\/Medinstrus-v1.png\",\"contentUrl\":\"https:\\\/\\\/medinstrus.lt\\\/wp-content\\\/uploads\\\/2025\\\/02\\\/Medinstrus-v1.png\",\"width\":723,\"height\":96,\"caption\":\"Medinstrus\"},\"image\":{\"@id\":\"https:\\\/\\\/medinstrus.lt\\\/de\\\/#\\\/schema\\\/logo\\\/image\\\/\"},\"sameAs\":[\"https:\\\/\\\/www.facebook.com\\\/medinstrus\\\/\",\"https:\\\/\\\/www.instagram.com\\\/Medinstrus\"]}]}<\/script>\n<!-- \/ Yoast SEO Premium plugin. -->","yoast_head_json":{"title":"Elektrischer Tisch f\u00fcr ophthalmologische Instrumente MT01 - Medinstrus","description":"Entdecken Sie den ET01, einen elektrischen Hubtisch zum Halten und Positionieren verschiedener diagnostischer Instrumente, der die Effizienz der Untersuchung erh\u00f6ht.","robots":{"index":"index","follow":"follow","max-snippet":"max-snippet:-1","max-image-preview":"max-image-preview:large","max-video-preview":"max-video-preview:-1"},"canonical":"https:\/\/medinstrus.lt\/de\/produkt\/mt01\/","og_locale":"de_DE","og_type":"article","og_title":"MT01","og_description":"Entdecken Sie den ET01, einen elektrischen Hubtisch zum Halten und Positionieren verschiedener diagnostischer Instrumente, der die Effizienz der Untersuchung erh\u00f6ht.","og_url":"https:\/\/medinstrus.lt\/de\/produkt\/mt01\/","og_site_name":"Medinstrus","article_publisher":"https:\/\/www.facebook.com\/medinstrus\/","article_modified_time":"2025-04-25T05:10:37+00:00","og_image":[{"width":1000,"height":1365,"url":"https:\/\/medinstrus.lt\/wp-content\/uploads\/2024\/04\/table-MT01.jpg","type":"image\/jpeg"}],"twitter_card":"summary_large_image","schema":{"@context":"https:\/\/schema.org","@graph":[{"@type":"WebPage","@id":"https:\/\/medinstrus.lt\/de\/produkt\/mt01\/","url":"https:\/\/medinstrus.lt\/de\/produkt\/mt01\/","name":"Elektrischer Tisch f\u00fcr ophthalmologische Instrumente MT01 - Medinstrus","isPartOf":{"@id":"https:\/\/medinstrus.lt\/de\/#website"},"primaryImageOfPage":{"@id":"https:\/\/medinstrus.lt\/de\/produkt\/mt01\/#primaryimage"},"image":{"@id":"https:\/\/medinstrus.lt\/de\/produkt\/mt01\/#primaryimage"},"thumbnailUrl":"https:\/\/medinstrus.lt\/wp-content\/uploads\/2024\/04\/table-MT01.jpg","datePublished":"2024-04-23T08:04:22+00:00","dateModified":"2025-04-25T05:10:37+00:00","description":"Entdecken Sie den ET01, einen elektrischen Hubtisch zum Halten und Positionieren verschiedener diagnostischer Instrumente, der die Effizienz der Untersuchung erh\u00f6ht.","breadcrumb":{"@id":"https:\/\/medinstrus.lt\/de\/produkt\/mt01\/#breadcrumb"},"inLanguage":"de","potentialAction":[{"@type":"ReadAction","target":["https:\/\/medinstrus.lt\/de\/produkt\/mt01\/"]}]},{"@type":"ImageObject","inLanguage":"de","@id":"https:\/\/medinstrus.lt\/de\/produkt\/mt01\/#primaryimage","url":"https:\/\/medinstrus.lt\/wp-content\/uploads\/2024\/04\/table-MT01.jpg","contentUrl":"https:\/\/medinstrus.lt\/wp-content\/uploads\/2024\/04\/table-MT01.jpg","width":1000,"height":1365,"caption":"ET01 table designed for optimal instrument positioning"},{"@type":"BreadcrumbList","@id":"https:\/\/medinstrus.lt\/de\/produkt\/mt01\/#breadcrumb","itemListElement":[{"@type":"ListItem","position":1,"name":"Home","item":"https:\/\/medinstrus.lt\/de\/homepage\/"},{"@type":"ListItem","position":2,"name":"Shop","item":"https:\/\/medinstrus.lt\/de\/shop\/"},{"@type":"ListItem","position":3,"name":"Tische","item":"https:\/\/medinstrus.lt\/de\/product-category\/tische\/"},{"@type":"ListItem","position":4,"name":"MT01"}]},{"@type":"WebSite","@id":"https:\/\/medinstrus.lt\/de\/#website","url":"https:\/\/medinstrus.lt\/de\/","name":"https:\/\/medinstrus.com\/","description":"Simplicity combined with functionality.","publisher":{"@id":"https:\/\/medinstrus.lt\/de\/#organization"},"potentialAction":[{"@type":"SearchAction","target":{"@type":"EntryPoint","urlTemplate":"https:\/\/medinstrus.lt\/de\/?s={search_term_string}"},"query-input":{"@type":"PropertyValueSpecification","valueRequired":true,"valueName":"search_term_string"}}],"inLanguage":"de"},{"@type":"Organization","@id":"https:\/\/medinstrus.lt\/de\/#organization","name":"Medinstrus","url":"https:\/\/medinstrus.lt\/de\/","logo":{"@type":"ImageObject","inLanguage":"de","@id":"https:\/\/medinstrus.lt\/de\/#\/schema\/logo\/image\/","url":"https:\/\/medinstrus.lt\/wp-content\/uploads\/2025\/02\/Medinstrus-v1.png","contentUrl":"https:\/\/medinstrus.lt\/wp-content\/uploads\/2025\/02\/Medinstrus-v1.png","width":723,"height":96,"caption":"Medinstrus"},"image":{"@id":"https:\/\/medinstrus.lt\/de\/#\/schema\/logo\/image\/"},"sameAs":["https:\/\/www.facebook.com\/medinstrus\/","https:\/\/www.instagram.com\/Medinstrus"]}]}},"_links":{"self":[{"href":"https:\/\/medinstrus.lt\/de\/wp-json\/wp\/v2\/product\/3350","targetHints":{"allow":["GET"]}}],"collection":[{"href":"https:\/\/medinstrus.lt\/de\/wp-json\/wp\/v2\/product"}],"about":[{"href":"https:\/\/medinstrus.lt\/de\/wp-json\/wp\/v2\/types\/product"}],"replies":[{"embeddable":true,"href":"https:\/\/medinstrus.lt\/de\/wp-json\/wp\/v2\/comments?post=3350"}],"wp:featuredmedia":[{"embeddable":true,"href":"https:\/\/medinstrus.lt\/de\/wp-json\/wp\/v2\/media\/2327"}],"wp:attachment":[{"href":"https:\/\/medinstrus.lt\/de\/wp-json\/wp\/v2\/media?parent=3350"}],"wp:term":[{"taxonomy":"product_brand","embeddable":true,"href":"https:\/\/medinstrus.lt\/de\/wp-json\/wp\/v2\/product_brand?post=3350"},{"taxonomy":"product_cat","embeddable":true,"href":"https:\/\/medinstrus.lt\/de\/wp-json\/wp\/v2\/product_cat?post=3350"},{"taxonomy":"product_tag","embeddable":true,"href":"https:\/\/medinstrus.lt\/de\/wp-json\/wp\/v2\/product_tag?post=3350"}],"curies":[{"name":"wp","href":"https:\/\/api.w.org\/{rel}","templated":true}]}}