{"id":3344,"date":"2024-10-07T11:29:31","date_gmt":"2024-10-07T08:29:31","guid":{"rendered":"https:\/\/medinstrus.lt\/product\/stuehle\/"},"modified":"2024-10-07T11:29:31","modified_gmt":"2024-10-07T08:29:31","slug":"stuehle","status":"publish","type":"product","link":"https:\/\/medinstrus.lt\/de\/produkt\/stuehle\/","title":{"rendered":"St\u00fchle"},"content":{"rendered":"<p><strong>Wichtige Merkmale:<\/strong><\/p>\n<ul>\n<li><strong>Ergonomisches Design:<\/strong> Der Stuhl ist so konzipiert, dass er optimalen Halt und Komfort bietet und die Belastung bei langen Untersuchungen reduziert.<\/li>\n<li><strong>Hochwertige Materialien:<\/strong> Hergestellt aus langlebigen, hochwertigen Materialien, die eine lange Lebensdauer und einfache Wartung gew\u00e4hrleisten.<\/li>\n<li><strong>\u00c4sthetisch ansprechend:<\/strong> Erh\u00e4ltlich in verschiedenen Farben und Ausf\u00fchrungen, um die optische Attraktivit\u00e4t Ihrer Klinik zu verbessern.<\/li>\n<li><strong>Einfache Installation:<\/strong> Entwickelt f\u00fcr die einfache Installation auf verschiedenen Stuhlbasen.<\/li>\n<\/ul>\n<p><strong>Anpassungsm\u00f6glichkeiten:<\/strong><\/p>\n<p><strong>Farben:<\/strong><\/p>\n<ul>\n<li>Die Metallteile des Stuhls k\u00f6nnen in einer Vielzahl von Farben lackiert werden, die zur Einrichtung Ihrer Klinik passen.<\/li>\n<li>Der Sesselsitz ist in verschiedenen Polstervarianten und Farben erh\u00e4ltlich, so dass Sie einen stimmigen Look kreieren k\u00f6nnen.<\/li>\n<\/ul>\n<p><strong>Optionen f\u00fcr die Fu\u00dfst\u00fctze:<\/strong><\/p>\n<ul>\n<li><strong>FR Fest:<\/strong> Eine feste Fu\u00dfst\u00fctze, die stabilen Halt bietet.<\/li>\n<li><strong>FRT Tip-up:<\/strong> Eine hochklappbare Fu\u00dfst\u00fctze f\u00fcr mehr Flexibilit\u00e4t und Platzersparnis.<\/li>\n<li><strong>TFR Rohr:<\/strong> Eine r\u00f6hrenf\u00f6rmige Fu\u00dfst\u00fctze, die robusten Halt bietet.<\/li>\n<\/ul>\n<p><strong>Armlehnen-Optionen:<\/strong><\/p>\n<ul>\n<li><strong>AR Fixiert:<\/strong> Feste Armlehnen f\u00fcr gleichm\u00e4\u00dfigen Halt.<\/li>\n<li><strong>ART Tip-up:<\/strong> Nach oben klappbare Armlehnen, die einen einfachen Zugang und Platzmanagement erm\u00f6glichen.<\/li>\n<li><strong>UART Tip-up mit Polsterung:<\/strong> Hochklappbare Armlehnen mit zus\u00e4tzlicher Polsterung f\u00fcr mehr Komfort.<\/li>\n<\/ul>\n<p><strong>Zus\u00e4tzliche Merkmale:<\/strong><\/p>\n<ul>\n<li><strong>Kinder-Kissen:<\/strong> Ein optionales Kissen f\u00fcr die j\u00fcngeren Patienten.<\/li>\n<li><strong>SA Manual Sliding: <\/strong>Manueller Schiebemechanismus f\u00fcr einfache Einstellungen.<\/li>\n<li><strong>SAE Elektrisch verschiebbar:<\/strong> Elektrische Schiebefunktion f\u00fcr m\u00fcheloses Positionieren.<\/li>\n<li><strong>HR Kopfst\u00fctze:<\/strong> Eine optionale Kopfst\u00fctze f\u00fcr zus\u00e4tzlichen Patientenkomfort.<\/li>\n<li><strong>Liegefunktion:<\/strong> Der Stuhl ist neigbar, um bei Untersuchungen und Eingriffen maximalen Komfort zu bieten.<\/li>\n<\/ul>\n<p>Der Ophthalmic Chair ist so konzipiert, dass er sich nahtlos in alle unsere Refraktionseinheiten und andere ophthalmologische Ger\u00e4te integrieren l\u00e4sst. Dieser hohe Grad an Individualisierung stellt sicher, dass der Stuhl alle Ihre klinischen Anforderungen erf\u00fcllt und gleichzeitig eine komfortable und einladende Erfahrung f\u00fcr Ihre Patienten bietet. <\/p>\n","protected":false},"excerpt":{"rendered":"<p><strong>Ophthalmologischer Stuhl S Typ<\/strong><\/p>\n<p>Stuhl S rundes Oberteil, minimalistisches, modernes Design mit klaren Linien<\/p>\n<p>Unsere Ophthalmologie-St\u00fchle wurden entwickelt, um sowohl den Patienten als auch den \u00c4rzten h\u00f6chsten Komfort und Vielseitigkeit zu bieten. Dieser S-Typ-Stuhl kann vollst\u00e4ndig an die spezifischen Bed\u00fcrfnisse und \u00e4sthetischen Vorlieben Ihrer Klinik angepasst werden. <\/p>\n","protected":false},"featured_media":2960,"comment_status":"closed","ping_status":"closed","template":"","meta":{"_acf_changed":false},"product_brand":[],"product_cat":[167],"product_tag":[181,170,182,180],"class_list":{"0":"post-3344","1":"product","2":"type-product","3":"status-publish","4":"has-post-thumbnail","6":"product_cat-stuhle","7":"product_tag-kompakter-medizinischer-stuhl","8":"product_tag-patientenkomfort","9":"product_tag-platzsparendes-design","10":"product_tag-stuhl-s","12":"first","13":"instock","14":"shipping-taxable","15":"product-type-simple"},"acf":[],"gallery_images":[2503,2505,2507,2509,2511,2515,2513,2461,2463,2465,2467,2469,2471,2473,2475,2477,2479,2481,2483,2485,2487,2489,2491,2493],"yoast_head":"<!-- This site is optimized with the Yoast SEO Premium plugin v27.4 (Yoast SEO v27.4) - https:\/\/yoast.com\/product\/yoast-seo-premium-wordpress\/ -->\n<title>Ophthalmologischer Beratungsstuhl S - Medinstrus<\/title>\n<meta name=\"description\" content=\"Chair S ist eine kompakte und bequeme Sitzl\u00f6sung, perfekt f\u00fcr platzsparende medizinische Umgebungen. Passend f\u00fcr Ihr Sprechzimmer entworfen.\" \/>\n<meta name=\"robots\" content=\"index, follow, max-snippet:-1, max-image-preview:large, max-video-preview:-1\" \/>\n<link rel=\"canonical\" href=\"https:\/\/medinstrus.lt\/de\/produkt\/stuehle\/\" \/>\n<meta property=\"og:locale\" content=\"de_DE\" \/>\n<meta property=\"og:type\" content=\"article\" \/>\n<meta property=\"og:title\" content=\"St\u00fchle\" \/>\n<meta property=\"og:description\" content=\"Chair S ist eine kompakte und bequeme Sitzl\u00f6sung, perfekt f\u00fcr platzsparende medizinische Umgebungen. Passend f\u00fcr Ihr Sprechzimmer entworfen.\" \/>\n<meta property=\"og:url\" content=\"https:\/\/medinstrus.lt\/de\/produkt\/stuehle\/\" \/>\n<meta property=\"og:site_name\" content=\"Medinstrus\" \/>\n<meta property=\"article:publisher\" content=\"https:\/\/www.facebook.com\/medinstrus\/\" \/>\n<meta property=\"og:image\" content=\"https:\/\/medinstrus.lt\/wp-content\/uploads\/2024\/10\/Chair-S.png\" \/>\n\t<meta property=\"og:image:width\" content=\"1080\" \/>\n\t<meta property=\"og:image:height\" content=\"1350\" \/>\n\t<meta property=\"og:image:type\" content=\"image\/png\" \/>\n<meta name=\"twitter:card\" content=\"summary_large_image\" \/>\n<meta name=\"twitter:label1\" content=\"Gesch\u00e4tzte Lesezeit\" \/>\n\t<meta name=\"twitter:data1\" content=\"2\u00a0Minuten\" \/>\n<script type=\"application\/ld+json\" class=\"yoast-schema-graph\">{\"@context\":\"https:\\\/\\\/schema.org\",\"@graph\":[{\"@type\":\"WebPage\",\"@id\":\"https:\\\/\\\/medinstrus.lt\\\/de\\\/produkt\\\/stuehle\\\/\",\"url\":\"https:\\\/\\\/medinstrus.lt\\\/de\\\/produkt\\\/stuehle\\\/\",\"name\":\"Ophthalmologischer Beratungsstuhl S - Medinstrus\",\"isPartOf\":{\"@id\":\"https:\\\/\\\/medinstrus.lt\\\/de\\\/#website\"},\"primaryImageOfPage\":{\"@id\":\"https:\\\/\\\/medinstrus.lt\\\/de\\\/produkt\\\/stuehle\\\/#primaryimage\"},\"image\":{\"@id\":\"https:\\\/\\\/medinstrus.lt\\\/de\\\/produkt\\\/stuehle\\\/#primaryimage\"},\"thumbnailUrl\":\"https:\\\/\\\/medinstrus.lt\\\/wp-content\\\/uploads\\\/2024\\\/10\\\/Chair-S.png\",\"datePublished\":\"2024-10-07T08:29:31+00:00\",\"description\":\"Chair S ist eine kompakte und bequeme Sitzl\u00f6sung, perfekt f\u00fcr platzsparende medizinische Umgebungen. Passend f\u00fcr Ihr Sprechzimmer entworfen.\",\"breadcrumb\":{\"@id\":\"https:\\\/\\\/medinstrus.lt\\\/de\\\/produkt\\\/stuehle\\\/#breadcrumb\"},\"inLanguage\":\"de\",\"potentialAction\":[{\"@type\":\"ReadAction\",\"target\":[\"https:\\\/\\\/medinstrus.lt\\\/de\\\/produkt\\\/stuehle\\\/\"]}]},{\"@type\":\"ImageObject\",\"inLanguage\":\"de\",\"@id\":\"https:\\\/\\\/medinstrus.lt\\\/de\\\/produkt\\\/stuehle\\\/#primaryimage\",\"url\":\"https:\\\/\\\/medinstrus.lt\\\/wp-content\\\/uploads\\\/2024\\\/10\\\/Chair-S.png\",\"contentUrl\":\"https:\\\/\\\/medinstrus.lt\\\/wp-content\\\/uploads\\\/2024\\\/10\\\/Chair-S.png\",\"width\":1080,\"height\":1350,\"caption\":\"Chair S provides comfort in a compact design, ideal for limited spaces.\"},{\"@type\":\"BreadcrumbList\",\"@id\":\"https:\\\/\\\/medinstrus.lt\\\/de\\\/produkt\\\/stuehle\\\/#breadcrumb\",\"itemListElement\":[{\"@type\":\"ListItem\",\"position\":1,\"name\":\"Home\",\"item\":\"https:\\\/\\\/medinstrus.lt\\\/de\\\/homepage\\\/\"},{\"@type\":\"ListItem\",\"position\":2,\"name\":\"Shop\",\"item\":\"https:\\\/\\\/medinstrus.lt\\\/de\\\/shop\\\/\"},{\"@type\":\"ListItem\",\"position\":3,\"name\":\"St\u00fchle\"}]},{\"@type\":\"WebSite\",\"@id\":\"https:\\\/\\\/medinstrus.lt\\\/de\\\/#website\",\"url\":\"https:\\\/\\\/medinstrus.lt\\\/de\\\/\",\"name\":\"https:\\\/\\\/medinstrus.com\\\/\",\"description\":\"Simplicity combined with functionality.\",\"publisher\":{\"@id\":\"https:\\\/\\\/medinstrus.lt\\\/de\\\/#organization\"},\"potentialAction\":[{\"@type\":\"SearchAction\",\"target\":{\"@type\":\"EntryPoint\",\"urlTemplate\":\"https:\\\/\\\/medinstrus.lt\\\/de\\\/?s={search_term_string}\"},\"query-input\":{\"@type\":\"PropertyValueSpecification\",\"valueRequired\":true,\"valueName\":\"search_term_string\"}}],\"inLanguage\":\"de\"},{\"@type\":\"Organization\",\"@id\":\"https:\\\/\\\/medinstrus.lt\\\/de\\\/#organization\",\"name\":\"Medinstrus\",\"url\":\"https:\\\/\\\/medinstrus.lt\\\/de\\\/\",\"logo\":{\"@type\":\"ImageObject\",\"inLanguage\":\"de\",\"@id\":\"https:\\\/\\\/medinstrus.lt\\\/de\\\/#\\\/schema\\\/logo\\\/image\\\/\",\"url\":\"https:\\\/\\\/medinstrus.lt\\\/wp-content\\\/uploads\\\/2025\\\/02\\\/Medinstrus-v1.png\",\"contentUrl\":\"https:\\\/\\\/medinstrus.lt\\\/wp-content\\\/uploads\\\/2025\\\/02\\\/Medinstrus-v1.png\",\"width\":723,\"height\":96,\"caption\":\"Medinstrus\"},\"image\":{\"@id\":\"https:\\\/\\\/medinstrus.lt\\\/de\\\/#\\\/schema\\\/logo\\\/image\\\/\"},\"sameAs\":[\"https:\\\/\\\/www.facebook.com\\\/medinstrus\\\/\",\"https:\\\/\\\/www.instagram.com\\\/Medinstrus\"]}]}<\/script>\n<!-- \/ Yoast SEO Premium plugin. -->","yoast_head_json":{"title":"Ophthalmologischer Beratungsstuhl S - Medinstrus","description":"Chair S ist eine kompakte und bequeme Sitzl\u00f6sung, perfekt f\u00fcr platzsparende medizinische Umgebungen. Passend f\u00fcr Ihr Sprechzimmer entworfen.","robots":{"index":"index","follow":"follow","max-snippet":"max-snippet:-1","max-image-preview":"max-image-preview:large","max-video-preview":"max-video-preview:-1"},"canonical":"https:\/\/medinstrus.lt\/de\/produkt\/stuehle\/","og_locale":"de_DE","og_type":"article","og_title":"St\u00fchle","og_description":"Chair S ist eine kompakte und bequeme Sitzl\u00f6sung, perfekt f\u00fcr platzsparende medizinische Umgebungen. Passend f\u00fcr Ihr Sprechzimmer entworfen.","og_url":"https:\/\/medinstrus.lt\/de\/produkt\/stuehle\/","og_site_name":"Medinstrus","article_publisher":"https:\/\/www.facebook.com\/medinstrus\/","og_image":[{"width":1080,"height":1350,"url":"https:\/\/medinstrus.lt\/wp-content\/uploads\/2024\/10\/Chair-S.png","type":"image\/png"}],"twitter_card":"summary_large_image","twitter_misc":{"Gesch\u00e4tzte Lesezeit":"2\u00a0Minuten"},"schema":{"@context":"https:\/\/schema.org","@graph":[{"@type":"WebPage","@id":"https:\/\/medinstrus.lt\/de\/produkt\/stuehle\/","url":"https:\/\/medinstrus.lt\/de\/produkt\/stuehle\/","name":"Ophthalmologischer Beratungsstuhl S - Medinstrus","isPartOf":{"@id":"https:\/\/medinstrus.lt\/de\/#website"},"primaryImageOfPage":{"@id":"https:\/\/medinstrus.lt\/de\/produkt\/stuehle\/#primaryimage"},"image":{"@id":"https:\/\/medinstrus.lt\/de\/produkt\/stuehle\/#primaryimage"},"thumbnailUrl":"https:\/\/medinstrus.lt\/wp-content\/uploads\/2024\/10\/Chair-S.png","datePublished":"2024-10-07T08:29:31+00:00","description":"Chair S ist eine kompakte und bequeme Sitzl\u00f6sung, perfekt f\u00fcr platzsparende medizinische Umgebungen. Passend f\u00fcr Ihr Sprechzimmer entworfen.","breadcrumb":{"@id":"https:\/\/medinstrus.lt\/de\/produkt\/stuehle\/#breadcrumb"},"inLanguage":"de","potentialAction":[{"@type":"ReadAction","target":["https:\/\/medinstrus.lt\/de\/produkt\/stuehle\/"]}]},{"@type":"ImageObject","inLanguage":"de","@id":"https:\/\/medinstrus.lt\/de\/produkt\/stuehle\/#primaryimage","url":"https:\/\/medinstrus.lt\/wp-content\/uploads\/2024\/10\/Chair-S.png","contentUrl":"https:\/\/medinstrus.lt\/wp-content\/uploads\/2024\/10\/Chair-S.png","width":1080,"height":1350,"caption":"Chair S provides comfort in a compact design, ideal for limited spaces."},{"@type":"BreadcrumbList","@id":"https:\/\/medinstrus.lt\/de\/produkt\/stuehle\/#breadcrumb","itemListElement":[{"@type":"ListItem","position":1,"name":"Home","item":"https:\/\/medinstrus.lt\/de\/homepage\/"},{"@type":"ListItem","position":2,"name":"Shop","item":"https:\/\/medinstrus.lt\/de\/shop\/"},{"@type":"ListItem","position":3,"name":"St\u00fchle"}]},{"@type":"WebSite","@id":"https:\/\/medinstrus.lt\/de\/#website","url":"https:\/\/medinstrus.lt\/de\/","name":"https:\/\/medinstrus.com\/","description":"Simplicity combined with functionality.","publisher":{"@id":"https:\/\/medinstrus.lt\/de\/#organization"},"potentialAction":[{"@type":"SearchAction","target":{"@type":"EntryPoint","urlTemplate":"https:\/\/medinstrus.lt\/de\/?s={search_term_string}"},"query-input":{"@type":"PropertyValueSpecification","valueRequired":true,"valueName":"search_term_string"}}],"inLanguage":"de"},{"@type":"Organization","@id":"https:\/\/medinstrus.lt\/de\/#organization","name":"Medinstrus","url":"https:\/\/medinstrus.lt\/de\/","logo":{"@type":"ImageObject","inLanguage":"de","@id":"https:\/\/medinstrus.lt\/de\/#\/schema\/logo\/image\/","url":"https:\/\/medinstrus.lt\/wp-content\/uploads\/2025\/02\/Medinstrus-v1.png","contentUrl":"https:\/\/medinstrus.lt\/wp-content\/uploads\/2025\/02\/Medinstrus-v1.png","width":723,"height":96,"caption":"Medinstrus"},"image":{"@id":"https:\/\/medinstrus.lt\/de\/#\/schema\/logo\/image\/"},"sameAs":["https:\/\/www.facebook.com\/medinstrus\/","https:\/\/www.instagram.com\/Medinstrus"]}]}},"_links":{"self":[{"href":"https:\/\/medinstrus.lt\/de\/wp-json\/wp\/v2\/product\/3344","targetHints":{"allow":["GET"]}}],"collection":[{"href":"https:\/\/medinstrus.lt\/de\/wp-json\/wp\/v2\/product"}],"about":[{"href":"https:\/\/medinstrus.lt\/de\/wp-json\/wp\/v2\/types\/product"}],"replies":[{"embeddable":true,"href":"https:\/\/medinstrus.lt\/de\/wp-json\/wp\/v2\/comments?post=3344"}],"wp:featuredmedia":[{"embeddable":true,"href":"https:\/\/medinstrus.lt\/de\/wp-json\/wp\/v2\/media\/2960"}],"wp:attachment":[{"href":"https:\/\/medinstrus.lt\/de\/wp-json\/wp\/v2\/media?parent=3344"}],"wp:term":[{"taxonomy":"product_brand","embeddable":true,"href":"https:\/\/medinstrus.lt\/de\/wp-json\/wp\/v2\/product_brand?post=3344"},{"taxonomy":"product_cat","embeddable":true,"href":"https:\/\/medinstrus.lt\/de\/wp-json\/wp\/v2\/product_cat?post=3344"},{"taxonomy":"product_tag","embeddable":true,"href":"https:\/\/medinstrus.lt\/de\/wp-json\/wp\/v2\/product_tag?post=3344"}],"curies":[{"name":"wp","href":"https:\/\/api.w.org\/{rel}","templated":true}]}}