{"id":3343,"date":"2024-07-29T19:33:44","date_gmt":"2024-07-29T16:33:44","guid":{"rendered":"https:\/\/medinstrus.lt\/product\/elite\/"},"modified":"2024-07-29T19:33:44","modified_gmt":"2024-07-29T16:33:44","slug":"elite","status":"publish","type":"product","link":"https:\/\/medinstrus.lt\/de\/produkt\/elite\/","title":{"rendered":"Elite"},"content":{"rendered":"<p><strong>Wichtige Merkmale:<\/strong><\/p>\n<ul>\n<li><strong>Motorisch verschiebbare Tischplatte<\/strong>: Der motorisierte Schiebemechanismus bietet Platz f\u00fcr zwei Instrumente und sorgt so f\u00fcr einen effizienten Arbeitsablauf und einfachen Zugang zu den Instrumenten.<\/li>\n<li><strong>Erh\u00f6hte Tischplatte:<\/strong> Mit 25 cm Hub f\u00fcr eine optimale Positionierung der Instrumente.<\/li>\n<li><strong>Erh\u00f6hter Patientenstuhl: <\/strong>Die Stuhlh\u00f6he kann von 48 cm bis 63 cm (15 cm Hub) verstellt werden, um den Komfort des Patienten und eine optimale Positionierung zu gew\u00e4hrleisten.<\/li>\n<li><strong>360\u00b0 Drehung:<\/strong> Erm\u00f6glicht eine vollst\u00e4ndige Drehung f\u00fcr mehr Flexibilit\u00e4t bei der Patientenpositionierung.<\/li>\n<li><strong>Zur\u00fccklehnbarer R\u00fccken:<\/strong> Verbessert den Patientenkomfort bei l\u00e4ngeren Untersuchungen.<\/li>\n<li><strong>Integrierte Beleuchtung: <\/strong>Das Ger\u00e4t verf\u00fcgt \u00fcber eine S\u00e4ule mit einer LED-Kopfleuchte, deren Beleuchtung f\u00fcr pr\u00e4zise Untersuchungsbedingungen einstellbar ist.<\/li>\n<li><strong>Unterst\u00fctzung f\u00fcr Diagramm-Projektor:<\/strong> Mit Unterst\u00fctzung f\u00fcr einen Diagrammprojektor, der umfassende Sehtests erm\u00f6glicht.<\/li>\n<\/ul>\n<p><strong>Energieverwaltung des Ger\u00e4ts:<\/strong><\/p>\n<ul>\n<li>Integrierte, einstellbare Transformatoren f\u00fcr Spaltlampe\/Ophthalmometer, die sicherstellen, dass alle Ihre Ger\u00e4te mit Strom versorgt werden und einsatzbereit sind.<\/li>\n<li>230V-Steckdose f\u00fcr zus\u00e4tzliche Instrumente wie Auto-Objektivmesser und Auto-Phoropter.<\/li>\n<\/ul>\n<p><strong>Zug\u00e4nglichkeit:<\/strong><\/p>\n<ul>\n<li>Mit einem abnehmbaren Patientenstuhl f\u00fcr den Zugang mit dem Rollstuhl, so dass das Ger\u00e4t f\u00fcr alle Patienten geeignet ist.<\/li>\n<\/ul>\n<p><strong>Anpassungsm\u00f6glichkeiten:<\/strong><\/p>\n<ul>\n<li><strong>Farbauswahl:<\/strong> Das ELITE ist in verschiedenen Farben f\u00fcr Metallteile und Tischplatten erh\u00e4ltlich, so dass Sie das Ger\u00e4t individuell an die \u00c4sthetik Ihrer Praxis anpassen k\u00f6nnen.<\/li>\n<li><strong>Der Schreibtisch des Arztes:<\/strong> Nach Kundenwunsch anpassbar, um die Integration des Ger\u00e4ts in Ihre Praxis zu verbessern.<\/li>\n<li><strong>Linksh\u00e4ndige Version:<\/strong> Leicht umwandelbar in eine Linksh\u00e4nderversion, um den Bed\u00fcrfnissen verschiedener Praktiker gerecht zu werden.<\/li>\n<\/ul>\n<p><strong>Optionale Funktionen:<\/strong><\/p>\n<ul>\n<li><strong>Motorisierter Phoropterarm:<\/strong> F\u00fcr nahtlose Integration und Bedienung.<\/li>\n<li><strong>Fu\u00dfst\u00fctze:<\/strong> Erh\u00e4ltlich in fester, hochklappbarer und Rohrversion.<\/li>\n<li><strong>Armlehnen:<\/strong> Als Optionen stehen feststehende, hochklappbare oder hochklappbare Armlehnen mit Stuhlpolsterung zur Verf\u00fcgung.<\/li>\n<li><strong>Manuelle oder motorisierte Stuhlverschiebung<\/strong>: Optionen f\u00fcr manuelles (13 cm) oder motorisiertes (14 cm) Vorw\u00e4rts- und R\u00fcckw\u00e4rtsschieben des Stuhls.<\/li>\n<li>Steuerung <strong>per Fu\u00dfschalter<\/strong>: Zum bequemen Auf- und Abbewegen des Stuhls.<\/li>\n<li><strong>Datenkabel:<\/strong> Eingebaute Datenkabel (Fire Wire, USB, RS232) f\u00fcr integrierte Konnektivit\u00e4t.<\/li>\n<li><strong>Schrank auf Rollen:<\/strong> Mit drei Schubladen f\u00fcr zus\u00e4tzlichen Stauraum.<\/li>\n<li><strong>St\u00e4nder f\u00fcr Bedienfeld<\/strong>: F\u00fcr den digitalen Phoropter.<\/li>\n<li><strong>&#8222;Liftboy-Assistent&#8220;:<\/strong> H\u00f6henkorrektursystem.<\/li>\n<li><strong>Kopfkissen f\u00fcr Kinder:<\/strong> Sorgt f\u00fcr Komfort bei kleinen Patienten.<\/li>\n<\/ul>\n<p><strong>Warum ELITE w\u00e4hlen?<\/strong><\/p>\n<ul>\n<li><strong>Verbesserter Arbeitsablauf:<\/strong> Das ergonomische Design und die vielseitigen Konfigurationsm\u00f6glichkeiten des ELITE verbessern die Effizienz des Arbeitsablaufs und erm\u00f6glichen es dem Arzt, Untersuchungen effektiver durchzuf\u00fchren.<\/li>\n<li><strong>Patientenkomfort:<\/strong> Der verstellbare Stuhl und die gut gestalteten Arbeitsfl\u00e4chen gew\u00e4hrleisten maximalen Komfort f\u00fcr die Patienten w\u00e4hrend ihres Besuchs.<\/li>\n<li><strong>Anpassung:<\/strong> Die M\u00f6glichkeit, das Ger\u00e4t an spezifische Bed\u00fcrfnisse anzupassen, macht das ELITE zu einer vielseitigen Erg\u00e4nzung f\u00fcr jede Augenarztpraxis.<\/li>\n<li><strong>Professionelles Erscheinungsbild:<\/strong> Das schlanke und moderne Design des ELITE tr\u00e4gt zu einer professionellen und einladenden Praxisumgebung bei.<\/li>\n<\/ul>\n","protected":false},"excerpt":{"rendered":"<p><strong>Refraktionseinheit ELITE<\/strong><\/p>\n<p>Das ELITE Refraktionsger\u00e4t wurde entwickelt, um sowohl dem Arzt als auch dem Patienten ein H\u00f6chstma\u00df an Funktionalit\u00e4t, Anpassbarkeit und Komfort zu bieten. Seine fortschrittlichen Funktionen und sein ergonomisches Design machen es zu einer hervorragenden Wahl f\u00fcr moderne Augenarztpraxen. <\/p>\n<p>Verbessern Sie Ihre Patientenversorgung und Ihre betriebliche Effizienz mit dem ELITE, das fortschrittliche Funktionen und individuelle Designoptionen bietet, um die einzigartigen Anforderungen Ihrer Augenarztpraxis zu erf\u00fcllen.<\/p>\n","protected":false},"featured_media":2119,"comment_status":"closed","ping_status":"closed","template":"","meta":{"_acf_changed":false},"product_brand":[],"product_cat":[163],"product_tag":[177,179,178],"class_list":{"0":"post-3343","1":"product","2":"type-product","3":"status-publish","4":"has-post-thumbnail","6":"product_cat-refraktionseinheiten","7":"product_tag-elite-refraktionseinheit","8":"product_tag-high-end-augenkliniken","9":"product_tag-hochwertige-ophthalmologische-ausrustung","11":"first","12":"instock","13":"shipping-taxable","14":"product-type-simple"},"acf":[],"gallery_images":[2121,2123,2125,2127],"yoast_head":"<!-- This site is optimized with the Yoast SEO Premium plugin v27.4 (Yoast SEO v27.4) - https:\/\/yoast.com\/product\/yoast-seo-premium-wordpress\/ -->\n<title>Refraktionseinheit Elite - Medinstrus<\/title>\n<meta name=\"description\" content=\"Erleben Sie das Elite Refraktionsger\u00e4t, das erstklassige Funktionen und Design f\u00fcr anspruchsvolle Augenkliniken bietet. Schneiden Sie unsere Produkte auf Ihre Bed\u00fcrfnisse zu.\" \/>\n<meta name=\"robots\" content=\"index, follow, max-snippet:-1, max-image-preview:large, max-video-preview:-1\" \/>\n<link rel=\"canonical\" href=\"https:\/\/medinstrus.lt\/de\/produkt\/elite\/\" \/>\n<meta property=\"og:locale\" content=\"de_DE\" \/>\n<meta property=\"og:type\" content=\"article\" \/>\n<meta property=\"og:title\" content=\"Elite\" \/>\n<meta property=\"og:description\" content=\"Erleben Sie das Elite Refraktionsger\u00e4t, das erstklassige Funktionen und Design f\u00fcr anspruchsvolle Augenkliniken bietet. Schneiden Sie unsere Produkte auf Ihre Bed\u00fcrfnisse zu.\" \/>\n<meta property=\"og:url\" content=\"https:\/\/medinstrus.lt\/de\/produkt\/elite\/\" \/>\n<meta property=\"og:site_name\" content=\"Medinstrus\" \/>\n<meta property=\"article:publisher\" content=\"https:\/\/www.facebook.com\/medinstrus\/\" \/>\n<meta property=\"og:image\" content=\"https:\/\/medinstrus.lt\/wp-content\/uploads\/2024\/07\/website-units-elite-medinstrus-1-scaled.jpg\" \/>\n\t<meta property=\"og:image:width\" content=\"1829\" \/>\n\t<meta property=\"og:image:height\" content=\"2560\" \/>\n\t<meta property=\"og:image:type\" content=\"image\/jpeg\" \/>\n<meta name=\"twitter:card\" content=\"summary_large_image\" \/>\n<meta name=\"twitter:label1\" content=\"Gesch\u00e4tzte Lesezeit\" \/>\n\t<meta name=\"twitter:data1\" content=\"2\u00a0Minuten\" \/>\n<script type=\"application\/ld+json\" class=\"yoast-schema-graph\">{\"@context\":\"https:\\\/\\\/schema.org\",\"@graph\":[{\"@type\":\"WebPage\",\"@id\":\"https:\\\/\\\/medinstrus.lt\\\/de\\\/produkt\\\/elite\\\/\",\"url\":\"https:\\\/\\\/medinstrus.lt\\\/de\\\/produkt\\\/elite\\\/\",\"name\":\"Refraktionseinheit Elite - Medinstrus\",\"isPartOf\":{\"@id\":\"https:\\\/\\\/medinstrus.lt\\\/de\\\/#website\"},\"primaryImageOfPage\":{\"@id\":\"https:\\\/\\\/medinstrus.lt\\\/de\\\/produkt\\\/elite\\\/#primaryimage\"},\"image\":{\"@id\":\"https:\\\/\\\/medinstrus.lt\\\/de\\\/produkt\\\/elite\\\/#primaryimage\"},\"thumbnailUrl\":\"https:\\\/\\\/medinstrus.lt\\\/wp-content\\\/uploads\\\/2024\\\/07\\\/website-units-elite-medinstrus-1-scaled.jpg\",\"datePublished\":\"2024-07-29T16:33:44+00:00\",\"description\":\"Erleben Sie das Elite Refraktionsger\u00e4t, das erstklassige Funktionen und Design f\u00fcr anspruchsvolle Augenkliniken bietet. Schneiden Sie unsere Produkte auf Ihre Bed\u00fcrfnisse zu.\",\"breadcrumb\":{\"@id\":\"https:\\\/\\\/medinstrus.lt\\\/de\\\/produkt\\\/elite\\\/#breadcrumb\"},\"inLanguage\":\"de\",\"potentialAction\":[{\"@type\":\"ReadAction\",\"target\":[\"https:\\\/\\\/medinstrus.lt\\\/de\\\/produkt\\\/elite\\\/\"]}]},{\"@type\":\"ImageObject\",\"inLanguage\":\"de\",\"@id\":\"https:\\\/\\\/medinstrus.lt\\\/de\\\/produkt\\\/elite\\\/#primaryimage\",\"url\":\"https:\\\/\\\/medinstrus.lt\\\/wp-content\\\/uploads\\\/2024\\\/07\\\/website-units-elite-medinstrus-1-scaled.jpg\",\"contentUrl\":\"https:\\\/\\\/medinstrus.lt\\\/wp-content\\\/uploads\\\/2024\\\/07\\\/website-units-elite-medinstrus-1-scaled.jpg\",\"width\":1829,\"height\":2560,\"caption\":\"Elite refraction unit designed for high-end ophthalmic clinics\"},{\"@type\":\"BreadcrumbList\",\"@id\":\"https:\\\/\\\/medinstrus.lt\\\/de\\\/produkt\\\/elite\\\/#breadcrumb\",\"itemListElement\":[{\"@type\":\"ListItem\",\"position\":1,\"name\":\"Home\",\"item\":\"https:\\\/\\\/medinstrus.lt\\\/de\\\/homepage\\\/\"},{\"@type\":\"ListItem\",\"position\":2,\"name\":\"Shop\",\"item\":\"https:\\\/\\\/medinstrus.lt\\\/de\\\/shop\\\/\"},{\"@type\":\"ListItem\",\"position\":3,\"name\":\"Elite\"}]},{\"@type\":\"WebSite\",\"@id\":\"https:\\\/\\\/medinstrus.lt\\\/de\\\/#website\",\"url\":\"https:\\\/\\\/medinstrus.lt\\\/de\\\/\",\"name\":\"https:\\\/\\\/medinstrus.com\\\/\",\"description\":\"Simplicity combined with functionality.\",\"publisher\":{\"@id\":\"https:\\\/\\\/medinstrus.lt\\\/de\\\/#organization\"},\"potentialAction\":[{\"@type\":\"SearchAction\",\"target\":{\"@type\":\"EntryPoint\",\"urlTemplate\":\"https:\\\/\\\/medinstrus.lt\\\/de\\\/?s={search_term_string}\"},\"query-input\":{\"@type\":\"PropertyValueSpecification\",\"valueRequired\":true,\"valueName\":\"search_term_string\"}}],\"inLanguage\":\"de\"},{\"@type\":\"Organization\",\"@id\":\"https:\\\/\\\/medinstrus.lt\\\/de\\\/#organization\",\"name\":\"Medinstrus\",\"url\":\"https:\\\/\\\/medinstrus.lt\\\/de\\\/\",\"logo\":{\"@type\":\"ImageObject\",\"inLanguage\":\"de\",\"@id\":\"https:\\\/\\\/medinstrus.lt\\\/de\\\/#\\\/schema\\\/logo\\\/image\\\/\",\"url\":\"https:\\\/\\\/medinstrus.lt\\\/wp-content\\\/uploads\\\/2025\\\/02\\\/Medinstrus-v1.png\",\"contentUrl\":\"https:\\\/\\\/medinstrus.lt\\\/wp-content\\\/uploads\\\/2025\\\/02\\\/Medinstrus-v1.png\",\"width\":723,\"height\":96,\"caption\":\"Medinstrus\"},\"image\":{\"@id\":\"https:\\\/\\\/medinstrus.lt\\\/de\\\/#\\\/schema\\\/logo\\\/image\\\/\"},\"sameAs\":[\"https:\\\/\\\/www.facebook.com\\\/medinstrus\\\/\",\"https:\\\/\\\/www.instagram.com\\\/Medinstrus\"]}]}<\/script>\n<!-- \/ Yoast SEO Premium plugin. -->","yoast_head_json":{"title":"Refraktionseinheit Elite - Medinstrus","description":"Erleben Sie das Elite Refraktionsger\u00e4t, das erstklassige Funktionen und Design f\u00fcr anspruchsvolle Augenkliniken bietet. Schneiden Sie unsere Produkte auf Ihre Bed\u00fcrfnisse zu.","robots":{"index":"index","follow":"follow","max-snippet":"max-snippet:-1","max-image-preview":"max-image-preview:large","max-video-preview":"max-video-preview:-1"},"canonical":"https:\/\/medinstrus.lt\/de\/produkt\/elite\/","og_locale":"de_DE","og_type":"article","og_title":"Elite","og_description":"Erleben Sie das Elite Refraktionsger\u00e4t, das erstklassige Funktionen und Design f\u00fcr anspruchsvolle Augenkliniken bietet. Schneiden Sie unsere Produkte auf Ihre Bed\u00fcrfnisse zu.","og_url":"https:\/\/medinstrus.lt\/de\/produkt\/elite\/","og_site_name":"Medinstrus","article_publisher":"https:\/\/www.facebook.com\/medinstrus\/","og_image":[{"width":1829,"height":2560,"url":"https:\/\/medinstrus.lt\/wp-content\/uploads\/2024\/07\/website-units-elite-medinstrus-1-scaled.jpg","type":"image\/jpeg"}],"twitter_card":"summary_large_image","twitter_misc":{"Gesch\u00e4tzte Lesezeit":"2\u00a0Minuten"},"schema":{"@context":"https:\/\/schema.org","@graph":[{"@type":"WebPage","@id":"https:\/\/medinstrus.lt\/de\/produkt\/elite\/","url":"https:\/\/medinstrus.lt\/de\/produkt\/elite\/","name":"Refraktionseinheit Elite - Medinstrus","isPartOf":{"@id":"https:\/\/medinstrus.lt\/de\/#website"},"primaryImageOfPage":{"@id":"https:\/\/medinstrus.lt\/de\/produkt\/elite\/#primaryimage"},"image":{"@id":"https:\/\/medinstrus.lt\/de\/produkt\/elite\/#primaryimage"},"thumbnailUrl":"https:\/\/medinstrus.lt\/wp-content\/uploads\/2024\/07\/website-units-elite-medinstrus-1-scaled.jpg","datePublished":"2024-07-29T16:33:44+00:00","description":"Erleben Sie das Elite Refraktionsger\u00e4t, das erstklassige Funktionen und Design f\u00fcr anspruchsvolle Augenkliniken bietet. Schneiden Sie unsere Produkte auf Ihre Bed\u00fcrfnisse zu.","breadcrumb":{"@id":"https:\/\/medinstrus.lt\/de\/produkt\/elite\/#breadcrumb"},"inLanguage":"de","potentialAction":[{"@type":"ReadAction","target":["https:\/\/medinstrus.lt\/de\/produkt\/elite\/"]}]},{"@type":"ImageObject","inLanguage":"de","@id":"https:\/\/medinstrus.lt\/de\/produkt\/elite\/#primaryimage","url":"https:\/\/medinstrus.lt\/wp-content\/uploads\/2024\/07\/website-units-elite-medinstrus-1-scaled.jpg","contentUrl":"https:\/\/medinstrus.lt\/wp-content\/uploads\/2024\/07\/website-units-elite-medinstrus-1-scaled.jpg","width":1829,"height":2560,"caption":"Elite refraction unit designed for high-end ophthalmic clinics"},{"@type":"BreadcrumbList","@id":"https:\/\/medinstrus.lt\/de\/produkt\/elite\/#breadcrumb","itemListElement":[{"@type":"ListItem","position":1,"name":"Home","item":"https:\/\/medinstrus.lt\/de\/homepage\/"},{"@type":"ListItem","position":2,"name":"Shop","item":"https:\/\/medinstrus.lt\/de\/shop\/"},{"@type":"ListItem","position":3,"name":"Elite"}]},{"@type":"WebSite","@id":"https:\/\/medinstrus.lt\/de\/#website","url":"https:\/\/medinstrus.lt\/de\/","name":"https:\/\/medinstrus.com\/","description":"Simplicity combined with functionality.","publisher":{"@id":"https:\/\/medinstrus.lt\/de\/#organization"},"potentialAction":[{"@type":"SearchAction","target":{"@type":"EntryPoint","urlTemplate":"https:\/\/medinstrus.lt\/de\/?s={search_term_string}"},"query-input":{"@type":"PropertyValueSpecification","valueRequired":true,"valueName":"search_term_string"}}],"inLanguage":"de"},{"@type":"Organization","@id":"https:\/\/medinstrus.lt\/de\/#organization","name":"Medinstrus","url":"https:\/\/medinstrus.lt\/de\/","logo":{"@type":"ImageObject","inLanguage":"de","@id":"https:\/\/medinstrus.lt\/de\/#\/schema\/logo\/image\/","url":"https:\/\/medinstrus.lt\/wp-content\/uploads\/2025\/02\/Medinstrus-v1.png","contentUrl":"https:\/\/medinstrus.lt\/wp-content\/uploads\/2025\/02\/Medinstrus-v1.png","width":723,"height":96,"caption":"Medinstrus"},"image":{"@id":"https:\/\/medinstrus.lt\/de\/#\/schema\/logo\/image\/"},"sameAs":["https:\/\/www.facebook.com\/medinstrus\/","https:\/\/www.instagram.com\/Medinstrus"]}]}},"_links":{"self":[{"href":"https:\/\/medinstrus.lt\/de\/wp-json\/wp\/v2\/product\/3343","targetHints":{"allow":["GET"]}}],"collection":[{"href":"https:\/\/medinstrus.lt\/de\/wp-json\/wp\/v2\/product"}],"about":[{"href":"https:\/\/medinstrus.lt\/de\/wp-json\/wp\/v2\/types\/product"}],"replies":[{"embeddable":true,"href":"https:\/\/medinstrus.lt\/de\/wp-json\/wp\/v2\/comments?post=3343"}],"wp:featuredmedia":[{"embeddable":true,"href":"https:\/\/medinstrus.lt\/de\/wp-json\/wp\/v2\/media\/2119"}],"wp:attachment":[{"href":"https:\/\/medinstrus.lt\/de\/wp-json\/wp\/v2\/media?parent=3343"}],"wp:term":[{"taxonomy":"product_brand","embeddable":true,"href":"https:\/\/medinstrus.lt\/de\/wp-json\/wp\/v2\/product_brand?post=3343"},{"taxonomy":"product_cat","embeddable":true,"href":"https:\/\/medinstrus.lt\/de\/wp-json\/wp\/v2\/product_cat?post=3343"},{"taxonomy":"product_tag","embeddable":true,"href":"https:\/\/medinstrus.lt\/de\/wp-json\/wp\/v2\/product_tag?post=3343"}],"curies":[{"name":"wp","href":"https:\/\/api.w.org\/{rel}","templated":true}]}}