{"id":3336,"date":"2024-09-24T11:41:36","date_gmt":"2024-09-24T08:41:36","guid":{"rendered":"https:\/\/medinstrus.lt\/product\/turm-plus\/"},"modified":"2024-09-24T11:41:36","modified_gmt":"2024-09-24T08:41:36","slug":"turm-plus","status":"publish","type":"product","link":"https:\/\/medinstrus.lt\/de\/produkt\/turm-plus\/","title":{"rendered":"Turm PLUS"},"content":{"rendered":"<p><strong>Wichtige Merkmale:<\/strong><\/p>\n<ul>\n<li><strong>Phoropterarm und Projektorhalterung:<\/strong> Wie das Tower-Ger\u00e4t ist auch der Tower PLUS so konzipiert, dass er einen Phoropterarm und einen Projektor integriert und so eine umfassende Untersuchungseinrichtung erm\u00f6glicht.<\/li>\n<li><strong>Verbesserte Kapazit\u00e4t und Kabelmanagement:<\/strong> Der Tower PLUS verf\u00fcgt \u00fcber fortschrittliche L\u00f6sungen f\u00fcr das Kabelmanagement, so dass alle Kabel ordentlich im Ger\u00e4t verstaut werden k\u00f6nnen, was das Durcheinander reduziert und das professionelle Aussehen Ihrer Praxis verbessert.<\/li>\n<li><strong>Platzsparendes Design:<\/strong> Trotz seiner erh\u00f6hten Kapazit\u00e4t ist der Tower PLUS kompakt und eignet sich daher f\u00fcr Praxen mit begrenztem Platzangebot.<\/li>\n<li><strong>Fortschrittliche Ergonomie:<\/strong> Das verbesserte ergonomische Design sorgt daf\u00fcr, dass \u00c4rzte Untersuchungen mit minimaler Belastung durchf\u00fchren k\u00f6nnen, was den Patientenkomfort und die Pflegequalit\u00e4t erh\u00f6ht.<\/li>\n<\/ul>\n<p><strong>Anpassungsm\u00f6glichkeiten:<\/strong><\/p>\n<ul>\n<li><strong>Erweitertes Farbspektrum:<\/strong> Bietet eine breite Palette an Farboptionen f\u00fcr die Metallteile und Tischplatten, die sich nahtlos in jede Praxiseinrichtung integrieren lassen.<\/li>\n<li><strong>Zus\u00e4tzliches Zubeh\u00f6r:<\/strong> Kann mit einer Reihe von zus\u00e4tzlichem Zubeh\u00f6r ausgestattet werden, darunter fortschrittliche Beleuchtungsoptionen, anpassbare Aufbewahrungsl\u00f6sungen und mehr, die auf die besonderen Anforderungen Ihrer Praxis zugeschnitten sind.<\/li>\n<\/ul>\n<p>Sowohl der Tower als auch der Tower PLUS stellen die Spitze der Funktionalit\u00e4t und der individuellen Anpassung dar und gew\u00e4hrleisten, dass Ihre Praxis mit maximaler Effizienz und Stil arbeitet. Das erweiterte Kabelmanagement im Tower PLUS sorgt f\u00fcr einen sauberen und organisierten Arbeitsplatz und unterstreicht das professionelle Erscheinungsbild. <\/p>\n","protected":false},"excerpt":{"rendered":"<p><strong>Turm Refraktionseinheit<\/strong><\/p>\n<p>Die Tower PLUS Refraktionseinheit baut auf dem robusten Design der Tower-Einheit auf und bietet erweiterte Funktionen und gr\u00f6\u00dfere Anpassungsm\u00f6glichkeiten f\u00fcr anspruchsvollere ophthalmologische Umgebungen. Es verf\u00fcgt \u00fcber ein fortschrittliches Kabelmanagement, das es erm\u00f6glicht, alle Kabel ordentlich im Inneren des Ger\u00e4ts zu verstauen und so f\u00fcr ein sauberes und organisiertes Erscheinungsbild zu sorgen. <\/p>\n","protected":false},"featured_media":2854,"comment_status":"closed","ping_status":"closed","template":"","meta":{"_acf_changed":false},"product_brand":[],"product_cat":[163],"product_tag":[327],"class_list":{"0":"post-3336","1":"product","2":"type-product","3":"status-publish","4":"has-post-thumbnail","6":"product_cat-refraktionseinheiten","7":"product_tag-arbeitsplatz-fur-ophthalmologen","9":"first","10":"instock","11":"shipping-taxable","12":"product-type-simple"},"acf":[],"gallery_images":[2856,2858,2860,2862],"yoast_head":"<!-- This site is optimized with the Yoast SEO Premium plugin v27.4 (Yoast SEO v27.4) - https:\/\/yoast.com\/product\/yoast-seo-premium-wordpress\/ -->\n<title>Turm PLUS - Medinstrus<\/title>\n<meta name=\"robots\" content=\"index, follow, max-snippet:-1, max-image-preview:large, max-video-preview:-1\" \/>\n<link rel=\"canonical\" href=\"https:\/\/medinstrus.lt\/de\/produkt\/turm-plus\/\" \/>\n<meta property=\"og:locale\" content=\"de_DE\" \/>\n<meta property=\"og:type\" content=\"article\" \/>\n<meta property=\"og:title\" content=\"Turm PLUS\" \/>\n<meta property=\"og:description\" content=\"Turm Refraktionseinheit Die Tower PLUS Refraktionseinheit baut auf dem robusten Design der Tower-Einheit auf und bietet erweiterte Funktionen und gr\u00f6\u00dfere Anpassungsm\u00f6glichkeiten f\u00fcr anspruchsvollere ophthalmologische Umgebungen. Es verf\u00fcgt \u00fcber ein fortschrittliches Kabelmanagement, das es erm\u00f6glicht, alle Kabel ordentlich im Inneren des Ger\u00e4ts zu verstauen und so f\u00fcr ein sauberes und organisiertes Erscheinungsbild zu sorgen.\" \/>\n<meta property=\"og:url\" content=\"https:\/\/medinstrus.lt\/de\/produkt\/turm-plus\/\" \/>\n<meta property=\"og:site_name\" content=\"Medinstrus\" \/>\n<meta property=\"article:publisher\" content=\"https:\/\/www.facebook.com\/medinstrus\/\" \/>\n<meta property=\"og:image\" content=\"https:\/\/medinstrus.lt\/wp-content\/uploads\/2024\/09\/1-2.png\" \/>\n\t<meta property=\"og:image:width\" content=\"1080\" \/>\n\t<meta property=\"og:image:height\" content=\"1350\" \/>\n\t<meta property=\"og:image:type\" content=\"image\/png\" \/>\n<meta name=\"twitter:card\" content=\"summary_large_image\" \/>\n<meta name=\"twitter:label1\" content=\"Gesch\u00e4tzte Lesezeit\" \/>\n\t<meta name=\"twitter:data1\" content=\"1\u00a0Minute\" \/>\n<script type=\"application\/ld+json\" class=\"yoast-schema-graph\">{\"@context\":\"https:\\\/\\\/schema.org\",\"@graph\":[{\"@type\":\"WebPage\",\"@id\":\"https:\\\/\\\/medinstrus.lt\\\/de\\\/produkt\\\/turm-plus\\\/\",\"url\":\"https:\\\/\\\/medinstrus.lt\\\/de\\\/produkt\\\/turm-plus\\\/\",\"name\":\"Turm PLUS - Medinstrus\",\"isPartOf\":{\"@id\":\"https:\\\/\\\/medinstrus.lt\\\/de\\\/#website\"},\"primaryImageOfPage\":{\"@id\":\"https:\\\/\\\/medinstrus.lt\\\/de\\\/produkt\\\/turm-plus\\\/#primaryimage\"},\"image\":{\"@id\":\"https:\\\/\\\/medinstrus.lt\\\/de\\\/produkt\\\/turm-plus\\\/#primaryimage\"},\"thumbnailUrl\":\"https:\\\/\\\/medinstrus.lt\\\/wp-content\\\/uploads\\\/2024\\\/09\\\/1-2.png\",\"datePublished\":\"2024-09-24T08:41:36+00:00\",\"breadcrumb\":{\"@id\":\"https:\\\/\\\/medinstrus.lt\\\/de\\\/produkt\\\/turm-plus\\\/#breadcrumb\"},\"inLanguage\":\"de\",\"potentialAction\":[{\"@type\":\"ReadAction\",\"target\":[\"https:\\\/\\\/medinstrus.lt\\\/de\\\/produkt\\\/turm-plus\\\/\"]}]},{\"@type\":\"ImageObject\",\"inLanguage\":\"de\",\"@id\":\"https:\\\/\\\/medinstrus.lt\\\/de\\\/produkt\\\/turm-plus\\\/#primaryimage\",\"url\":\"https:\\\/\\\/medinstrus.lt\\\/wp-content\\\/uploads\\\/2024\\\/09\\\/1-2.png\",\"contentUrl\":\"https:\\\/\\\/medinstrus.lt\\\/wp-content\\\/uploads\\\/2024\\\/09\\\/1-2.png\",\"width\":1080,\"height\":1350,\"caption\":\"Tower Plus enhances the Tower model with refined cable routing and cleaner workspace.\"},{\"@type\":\"BreadcrumbList\",\"@id\":\"https:\\\/\\\/medinstrus.lt\\\/de\\\/produkt\\\/turm-plus\\\/#breadcrumb\",\"itemListElement\":[{\"@type\":\"ListItem\",\"position\":1,\"name\":\"Home\",\"item\":\"https:\\\/\\\/medinstrus.lt\\\/de\\\/homepage\\\/\"},{\"@type\":\"ListItem\",\"position\":2,\"name\":\"Shop\",\"item\":\"https:\\\/\\\/medinstrus.lt\\\/de\\\/shop\\\/\"},{\"@type\":\"ListItem\",\"position\":3,\"name\":\"Turm PLUS\"}]},{\"@type\":\"WebSite\",\"@id\":\"https:\\\/\\\/medinstrus.lt\\\/de\\\/#website\",\"url\":\"https:\\\/\\\/medinstrus.lt\\\/de\\\/\",\"name\":\"https:\\\/\\\/medinstrus.com\\\/\",\"description\":\"Simplicity combined with functionality.\",\"publisher\":{\"@id\":\"https:\\\/\\\/medinstrus.lt\\\/de\\\/#organization\"},\"potentialAction\":[{\"@type\":\"SearchAction\",\"target\":{\"@type\":\"EntryPoint\",\"urlTemplate\":\"https:\\\/\\\/medinstrus.lt\\\/de\\\/?s={search_term_string}\"},\"query-input\":{\"@type\":\"PropertyValueSpecification\",\"valueRequired\":true,\"valueName\":\"search_term_string\"}}],\"inLanguage\":\"de\"},{\"@type\":\"Organization\",\"@id\":\"https:\\\/\\\/medinstrus.lt\\\/de\\\/#organization\",\"name\":\"Medinstrus\",\"url\":\"https:\\\/\\\/medinstrus.lt\\\/de\\\/\",\"logo\":{\"@type\":\"ImageObject\",\"inLanguage\":\"de\",\"@id\":\"https:\\\/\\\/medinstrus.lt\\\/de\\\/#\\\/schema\\\/logo\\\/image\\\/\",\"url\":\"https:\\\/\\\/medinstrus.lt\\\/wp-content\\\/uploads\\\/2025\\\/02\\\/Medinstrus-v1.png\",\"contentUrl\":\"https:\\\/\\\/medinstrus.lt\\\/wp-content\\\/uploads\\\/2025\\\/02\\\/Medinstrus-v1.png\",\"width\":723,\"height\":96,\"caption\":\"Medinstrus\"},\"image\":{\"@id\":\"https:\\\/\\\/medinstrus.lt\\\/de\\\/#\\\/schema\\\/logo\\\/image\\\/\"},\"sameAs\":[\"https:\\\/\\\/www.facebook.com\\\/medinstrus\\\/\",\"https:\\\/\\\/www.instagram.com\\\/Medinstrus\"]}]}<\/script>\n<!-- \/ Yoast SEO Premium plugin. -->","yoast_head_json":{"title":"Turm PLUS - Medinstrus","robots":{"index":"index","follow":"follow","max-snippet":"max-snippet:-1","max-image-preview":"max-image-preview:large","max-video-preview":"max-video-preview:-1"},"canonical":"https:\/\/medinstrus.lt\/de\/produkt\/turm-plus\/","og_locale":"de_DE","og_type":"article","og_title":"Turm PLUS","og_description":"Turm Refraktionseinheit Die Tower PLUS Refraktionseinheit baut auf dem robusten Design der Tower-Einheit auf und bietet erweiterte Funktionen und gr\u00f6\u00dfere Anpassungsm\u00f6glichkeiten f\u00fcr anspruchsvollere ophthalmologische Umgebungen. Es verf\u00fcgt \u00fcber ein fortschrittliches Kabelmanagement, das es erm\u00f6glicht, alle Kabel ordentlich im Inneren des Ger\u00e4ts zu verstauen und so f\u00fcr ein sauberes und organisiertes Erscheinungsbild zu sorgen.","og_url":"https:\/\/medinstrus.lt\/de\/produkt\/turm-plus\/","og_site_name":"Medinstrus","article_publisher":"https:\/\/www.facebook.com\/medinstrus\/","og_image":[{"width":1080,"height":1350,"url":"https:\/\/medinstrus.lt\/wp-content\/uploads\/2024\/09\/1-2.png","type":"image\/png"}],"twitter_card":"summary_large_image","twitter_misc":{"Gesch\u00e4tzte Lesezeit":"1\u00a0Minute"},"schema":{"@context":"https:\/\/schema.org","@graph":[{"@type":"WebPage","@id":"https:\/\/medinstrus.lt\/de\/produkt\/turm-plus\/","url":"https:\/\/medinstrus.lt\/de\/produkt\/turm-plus\/","name":"Turm PLUS - Medinstrus","isPartOf":{"@id":"https:\/\/medinstrus.lt\/de\/#website"},"primaryImageOfPage":{"@id":"https:\/\/medinstrus.lt\/de\/produkt\/turm-plus\/#primaryimage"},"image":{"@id":"https:\/\/medinstrus.lt\/de\/produkt\/turm-plus\/#primaryimage"},"thumbnailUrl":"https:\/\/medinstrus.lt\/wp-content\/uploads\/2024\/09\/1-2.png","datePublished":"2024-09-24T08:41:36+00:00","breadcrumb":{"@id":"https:\/\/medinstrus.lt\/de\/produkt\/turm-plus\/#breadcrumb"},"inLanguage":"de","potentialAction":[{"@type":"ReadAction","target":["https:\/\/medinstrus.lt\/de\/produkt\/turm-plus\/"]}]},{"@type":"ImageObject","inLanguage":"de","@id":"https:\/\/medinstrus.lt\/de\/produkt\/turm-plus\/#primaryimage","url":"https:\/\/medinstrus.lt\/wp-content\/uploads\/2024\/09\/1-2.png","contentUrl":"https:\/\/medinstrus.lt\/wp-content\/uploads\/2024\/09\/1-2.png","width":1080,"height":1350,"caption":"Tower Plus enhances the Tower model with refined cable routing and cleaner workspace."},{"@type":"BreadcrumbList","@id":"https:\/\/medinstrus.lt\/de\/produkt\/turm-plus\/#breadcrumb","itemListElement":[{"@type":"ListItem","position":1,"name":"Home","item":"https:\/\/medinstrus.lt\/de\/homepage\/"},{"@type":"ListItem","position":2,"name":"Shop","item":"https:\/\/medinstrus.lt\/de\/shop\/"},{"@type":"ListItem","position":3,"name":"Turm PLUS"}]},{"@type":"WebSite","@id":"https:\/\/medinstrus.lt\/de\/#website","url":"https:\/\/medinstrus.lt\/de\/","name":"https:\/\/medinstrus.com\/","description":"Simplicity combined with functionality.","publisher":{"@id":"https:\/\/medinstrus.lt\/de\/#organization"},"potentialAction":[{"@type":"SearchAction","target":{"@type":"EntryPoint","urlTemplate":"https:\/\/medinstrus.lt\/de\/?s={search_term_string}"},"query-input":{"@type":"PropertyValueSpecification","valueRequired":true,"valueName":"search_term_string"}}],"inLanguage":"de"},{"@type":"Organization","@id":"https:\/\/medinstrus.lt\/de\/#organization","name":"Medinstrus","url":"https:\/\/medinstrus.lt\/de\/","logo":{"@type":"ImageObject","inLanguage":"de","@id":"https:\/\/medinstrus.lt\/de\/#\/schema\/logo\/image\/","url":"https:\/\/medinstrus.lt\/wp-content\/uploads\/2025\/02\/Medinstrus-v1.png","contentUrl":"https:\/\/medinstrus.lt\/wp-content\/uploads\/2025\/02\/Medinstrus-v1.png","width":723,"height":96,"caption":"Medinstrus"},"image":{"@id":"https:\/\/medinstrus.lt\/de\/#\/schema\/logo\/image\/"},"sameAs":["https:\/\/www.facebook.com\/medinstrus\/","https:\/\/www.instagram.com\/Medinstrus"]}]}},"_links":{"self":[{"href":"https:\/\/medinstrus.lt\/de\/wp-json\/wp\/v2\/product\/3336","targetHints":{"allow":["GET"]}}],"collection":[{"href":"https:\/\/medinstrus.lt\/de\/wp-json\/wp\/v2\/product"}],"about":[{"href":"https:\/\/medinstrus.lt\/de\/wp-json\/wp\/v2\/types\/product"}],"replies":[{"embeddable":true,"href":"https:\/\/medinstrus.lt\/de\/wp-json\/wp\/v2\/comments?post=3336"}],"wp:featuredmedia":[{"embeddable":true,"href":"https:\/\/medinstrus.lt\/de\/wp-json\/wp\/v2\/media\/2854"}],"wp:attachment":[{"href":"https:\/\/medinstrus.lt\/de\/wp-json\/wp\/v2\/media?parent=3336"}],"wp:term":[{"taxonomy":"product_brand","embeddable":true,"href":"https:\/\/medinstrus.lt\/de\/wp-json\/wp\/v2\/product_brand?post=3336"},{"taxonomy":"product_cat","embeddable":true,"href":"https:\/\/medinstrus.lt\/de\/wp-json\/wp\/v2\/product_cat?post=3336"},{"taxonomy":"product_tag","embeddable":true,"href":"https:\/\/medinstrus.lt\/de\/wp-json\/wp\/v2\/product_tag?post=3336"}],"curies":[{"name":"wp","href":"https:\/\/api.w.org\/{rel}","templated":true}]}}