{"id":3598,"date":"2024-04-16T13:24:35","date_gmt":"2024-04-16T10:24:35","guid":{"rendered":"https:\/\/medinstrus.lt\/werden-sie-partner\/"},"modified":"2024-04-16T13:24:35","modified_gmt":"2024-04-16T10:24:35","slug":"werden-sie-partner","status":"publish","type":"page","link":"https:\/\/medinstrus.lt\/de\/werden-sie-partner\/","title":{"rendered":"Werden Sie Partner"},"content":{"rendered":"<h5 style=\"font-weight: 400;\"><span style=\"color: #828b8b;\">Werden Sie Partner<\/span><\/h5>\n<h2>In unserem Unternehmen legen wir gro\u00dfen Wert auf die Pflege dauerhafter Partnerschaften mit jedem unserer Vertriebspartner.<\/h2>\n<p>Wir haben es uns zur Aufgabe gemacht, das Wachstum und die Prosperit\u00e4t ihrer Unternehmen zu f\u00f6rdern. Unser Ansatz geht \u00fcber die blo\u00dfe Lieferung von erstklassigen Produkten und Zubeh\u00f6r hinaus. Wir legen auch Wert darauf, unsere Partner mit dem n\u00f6tigen R\u00fcstzeug f\u00fcr den Erfolg auszustatten. Dazu geh\u00f6rt auch, dass wir hochkar\u00e4tige Werbematerialien zur Verf\u00fcgung stellen und sie \u00fcber verschiedene Kan\u00e4le unerm\u00fcdlich unterst\u00fctzen.  <\/p>\n<p>Ob durch die pers\u00f6nliche Unterst\u00fctzung unseres kompetenten Kundendienstteams, die Bequemlichkeit unserer benutzerfreundlichen Smartphone-Anwendung oder die M\u00f6glichkeiten zur Einbindung auf unseren lebendigen Social-Media-Plattformen &#8211; wir sind bestrebt, unsere H\u00e4ndler bei jedem Schritt zu unterst\u00fctzen. Durch die F\u00f6rderung solcher kooperativen Beziehungen gew\u00e4hrleisten wir gegenseitiges Wachstum und Erfolg in der dynamischen Landschaft des Handels. <\/p>\n","protected":false},"excerpt":{"rendered":"<p>Werden Sie Partner In unserem Unternehmen legen wir gro\u00dfen Wert auf die Pflege dauerhafter Partnerschaften mit jedem unserer Vertriebspartner. Wir haben es uns zur Aufgabe gemacht, das Wachstum und die Prosperit\u00e4t ihrer Unternehmen zu f\u00f6rdern. Unser Ansatz geht \u00fcber die blo\u00dfe Lieferung von erstklassigen Produkten und Zubeh\u00f6r hinaus. Wir legen auch Wert darauf, unsere Partner mit dem n\u00f6tigen R\u00fcstzeug f\u00fcr den Erfolg auszustatten. Dazu geh\u00f6rt auch, dass wir hochkar\u00e4tige Werbematerialien zur Verf\u00fcgung stellen und sie \u00fcber verschiedene Kan\u00e4le unerm\u00fcdlich unterst\u00fctzen&#8230;.<\/p>\n","protected":false},"author":1,"featured_media":0,"parent":0,"menu_order":0,"comment_status":"closed","ping_status":"closed","template":"page-templates\/b2b.php","meta":{"_acf_changed":false,"footnotes":""},"class_list":["post-3598","page","type-page","status-publish","hentry"],"acf":[],"yoast_head":"<!-- This site is optimized with the Yoast SEO Premium plugin v27.4 (Yoast SEO v27.4) - https:\/\/yoast.com\/product\/yoast-seo-premium-wordpress\/ -->\n<title>Werden Sie Partner - Medinstrus<\/title>\n<meta name=\"robots\" content=\"index, follow, max-snippet:-1, max-image-preview:large, max-video-preview:-1\" \/>\n<link rel=\"canonical\" href=\"https:\/\/medinstrus.lt\/de\/werden-sie-partner\/\" \/>\n<meta property=\"og:locale\" content=\"de_DE\" \/>\n<meta property=\"og:type\" content=\"article\" \/>\n<meta property=\"og:title\" content=\"Werden Sie Partner\" \/>\n<meta property=\"og:description\" content=\"Werden Sie Partner In unserem Unternehmen legen wir gro\u00dfen Wert auf die Pflege dauerhafter Partnerschaften mit jedem unserer Vertriebspartner. Wir haben es uns zur Aufgabe gemacht, das Wachstum und die Prosperit\u00e4t ihrer Unternehmen zu f\u00f6rdern. Unser Ansatz geht \u00fcber die blo\u00dfe Lieferung von erstklassigen Produkten und Zubeh\u00f6r hinaus. Wir legen auch Wert darauf, unsere Partner mit dem n\u00f6tigen R\u00fcstzeug f\u00fcr den Erfolg auszustatten. Dazu geh\u00f6rt auch, dass wir hochkar\u00e4tige Werbematerialien zur Verf\u00fcgung stellen und sie \u00fcber verschiedene Kan\u00e4le unerm\u00fcdlich unterst\u00fctzen....\" \/>\n<meta property=\"og:url\" content=\"https:\/\/medinstrus.lt\/de\/werden-sie-partner\/\" \/>\n<meta property=\"og:site_name\" content=\"Medinstrus\" \/>\n<meta property=\"article:publisher\" content=\"https:\/\/www.facebook.com\/medinstrus\/\" \/>\n<meta name=\"twitter:card\" content=\"summary_large_image\" \/>\n<meta name=\"twitter:label1\" content=\"Gesch\u00e4tzte Lesezeit\" \/>\n\t<meta name=\"twitter:data1\" content=\"1\u00a0Minute\" \/>\n<script type=\"application\/ld+json\" class=\"yoast-schema-graph\">{\"@context\":\"https:\\\/\\\/schema.org\",\"@graph\":[{\"@type\":\"WebPage\",\"@id\":\"https:\\\/\\\/medinstrus.lt\\\/de\\\/werden-sie-partner\\\/\",\"url\":\"https:\\\/\\\/medinstrus.lt\\\/de\\\/werden-sie-partner\\\/\",\"name\":\"Werden Sie Partner - Medinstrus\",\"isPartOf\":{\"@id\":\"https:\\\/\\\/medinstrus.lt\\\/de\\\/#website\"},\"datePublished\":\"2024-04-16T10:24:35+00:00\",\"breadcrumb\":{\"@id\":\"https:\\\/\\\/medinstrus.lt\\\/de\\\/werden-sie-partner\\\/#breadcrumb\"},\"inLanguage\":\"de\",\"potentialAction\":[{\"@type\":\"ReadAction\",\"target\":[\"https:\\\/\\\/medinstrus.lt\\\/de\\\/werden-sie-partner\\\/\"]}]},{\"@type\":\"BreadcrumbList\",\"@id\":\"https:\\\/\\\/medinstrus.lt\\\/de\\\/werden-sie-partner\\\/#breadcrumb\",\"itemListElement\":[{\"@type\":\"ListItem\",\"position\":1,\"name\":\"Home\",\"item\":\"https:\\\/\\\/medinstrus.lt\\\/de\\\/homepage\\\/\"},{\"@type\":\"ListItem\",\"position\":2,\"name\":\"Werden Sie Partner\"}]},{\"@type\":\"WebSite\",\"@id\":\"https:\\\/\\\/medinstrus.lt\\\/de\\\/#website\",\"url\":\"https:\\\/\\\/medinstrus.lt\\\/de\\\/\",\"name\":\"https:\\\/\\\/medinstrus.com\\\/\",\"description\":\"Simplicity combined with functionality.\",\"publisher\":{\"@id\":\"https:\\\/\\\/medinstrus.lt\\\/de\\\/#organization\"},\"potentialAction\":[{\"@type\":\"SearchAction\",\"target\":{\"@type\":\"EntryPoint\",\"urlTemplate\":\"https:\\\/\\\/medinstrus.lt\\\/de\\\/?s={search_term_string}\"},\"query-input\":{\"@type\":\"PropertyValueSpecification\",\"valueRequired\":true,\"valueName\":\"search_term_string\"}}],\"inLanguage\":\"de\"},{\"@type\":\"Organization\",\"@id\":\"https:\\\/\\\/medinstrus.lt\\\/de\\\/#organization\",\"name\":\"Medinstrus\",\"url\":\"https:\\\/\\\/medinstrus.lt\\\/de\\\/\",\"logo\":{\"@type\":\"ImageObject\",\"inLanguage\":\"de\",\"@id\":\"https:\\\/\\\/medinstrus.lt\\\/de\\\/#\\\/schema\\\/logo\\\/image\\\/\",\"url\":\"https:\\\/\\\/medinstrus.lt\\\/wp-content\\\/uploads\\\/2025\\\/02\\\/Medinstrus-v1.png\",\"contentUrl\":\"https:\\\/\\\/medinstrus.lt\\\/wp-content\\\/uploads\\\/2025\\\/02\\\/Medinstrus-v1.png\",\"width\":723,\"height\":96,\"caption\":\"Medinstrus\"},\"image\":{\"@id\":\"https:\\\/\\\/medinstrus.lt\\\/de\\\/#\\\/schema\\\/logo\\\/image\\\/\"},\"sameAs\":[\"https:\\\/\\\/www.facebook.com\\\/medinstrus\\\/\",\"https:\\\/\\\/www.instagram.com\\\/Medinstrus\"]}]}<\/script>\n<!-- \/ Yoast SEO Premium plugin. -->","yoast_head_json":{"title":"Werden Sie Partner - Medinstrus","robots":{"index":"index","follow":"follow","max-snippet":"max-snippet:-1","max-image-preview":"max-image-preview:large","max-video-preview":"max-video-preview:-1"},"canonical":"https:\/\/medinstrus.lt\/de\/werden-sie-partner\/","og_locale":"de_DE","og_type":"article","og_title":"Werden Sie Partner","og_description":"Werden Sie Partner In unserem Unternehmen legen wir gro\u00dfen Wert auf die Pflege dauerhafter Partnerschaften mit jedem unserer Vertriebspartner. Wir haben es uns zur Aufgabe gemacht, das Wachstum und die Prosperit\u00e4t ihrer Unternehmen zu f\u00f6rdern. Unser Ansatz geht \u00fcber die blo\u00dfe Lieferung von erstklassigen Produkten und Zubeh\u00f6r hinaus. Wir legen auch Wert darauf, unsere Partner mit dem n\u00f6tigen R\u00fcstzeug f\u00fcr den Erfolg auszustatten. Dazu geh\u00f6rt auch, dass wir hochkar\u00e4tige Werbematerialien zur Verf\u00fcgung stellen und sie \u00fcber verschiedene Kan\u00e4le unerm\u00fcdlich unterst\u00fctzen....","og_url":"https:\/\/medinstrus.lt\/de\/werden-sie-partner\/","og_site_name":"Medinstrus","article_publisher":"https:\/\/www.facebook.com\/medinstrus\/","twitter_card":"summary_large_image","twitter_misc":{"Gesch\u00e4tzte Lesezeit":"1\u00a0Minute"},"schema":{"@context":"https:\/\/schema.org","@graph":[{"@type":"WebPage","@id":"https:\/\/medinstrus.lt\/de\/werden-sie-partner\/","url":"https:\/\/medinstrus.lt\/de\/werden-sie-partner\/","name":"Werden Sie Partner - Medinstrus","isPartOf":{"@id":"https:\/\/medinstrus.lt\/de\/#website"},"datePublished":"2024-04-16T10:24:35+00:00","breadcrumb":{"@id":"https:\/\/medinstrus.lt\/de\/werden-sie-partner\/#breadcrumb"},"inLanguage":"de","potentialAction":[{"@type":"ReadAction","target":["https:\/\/medinstrus.lt\/de\/werden-sie-partner\/"]}]},{"@type":"BreadcrumbList","@id":"https:\/\/medinstrus.lt\/de\/werden-sie-partner\/#breadcrumb","itemListElement":[{"@type":"ListItem","position":1,"name":"Home","item":"https:\/\/medinstrus.lt\/de\/homepage\/"},{"@type":"ListItem","position":2,"name":"Werden Sie Partner"}]},{"@type":"WebSite","@id":"https:\/\/medinstrus.lt\/de\/#website","url":"https:\/\/medinstrus.lt\/de\/","name":"https:\/\/medinstrus.com\/","description":"Simplicity combined with functionality.","publisher":{"@id":"https:\/\/medinstrus.lt\/de\/#organization"},"potentialAction":[{"@type":"SearchAction","target":{"@type":"EntryPoint","urlTemplate":"https:\/\/medinstrus.lt\/de\/?s={search_term_string}"},"query-input":{"@type":"PropertyValueSpecification","valueRequired":true,"valueName":"search_term_string"}}],"inLanguage":"de"},{"@type":"Organization","@id":"https:\/\/medinstrus.lt\/de\/#organization","name":"Medinstrus","url":"https:\/\/medinstrus.lt\/de\/","logo":{"@type":"ImageObject","inLanguage":"de","@id":"https:\/\/medinstrus.lt\/de\/#\/schema\/logo\/image\/","url":"https:\/\/medinstrus.lt\/wp-content\/uploads\/2025\/02\/Medinstrus-v1.png","contentUrl":"https:\/\/medinstrus.lt\/wp-content\/uploads\/2025\/02\/Medinstrus-v1.png","width":723,"height":96,"caption":"Medinstrus"},"image":{"@id":"https:\/\/medinstrus.lt\/de\/#\/schema\/logo\/image\/"},"sameAs":["https:\/\/www.facebook.com\/medinstrus\/","https:\/\/www.instagram.com\/Medinstrus"]}]}},"_links":{"self":[{"href":"https:\/\/medinstrus.lt\/de\/wp-json\/wp\/v2\/pages\/3598","targetHints":{"allow":["GET"]}}],"collection":[{"href":"https:\/\/medinstrus.lt\/de\/wp-json\/wp\/v2\/pages"}],"about":[{"href":"https:\/\/medinstrus.lt\/de\/wp-json\/wp\/v2\/types\/page"}],"author":[{"embeddable":true,"href":"https:\/\/medinstrus.lt\/de\/wp-json\/wp\/v2\/users\/1"}],"replies":[{"embeddable":true,"href":"https:\/\/medinstrus.lt\/de\/wp-json\/wp\/v2\/comments?post=3598"}],"version-history":[{"count":0,"href":"https:\/\/medinstrus.lt\/de\/wp-json\/wp\/v2\/pages\/3598\/revisions"}],"wp:attachment":[{"href":"https:\/\/medinstrus.lt\/de\/wp-json\/wp\/v2\/media?parent=3598"}],"curies":[{"name":"wp","href":"https:\/\/api.w.org\/{rel}","templated":true}]}}