{"id":3466,"date":"2024-11-13T12:39:19","date_gmt":"2024-11-13T10:39:19","guid":{"rendered":"https:\/\/medinstrus.lt\/erklaerung-zum-datenschutz-ca\/"},"modified":"2024-11-13T12:39:19","modified_gmt":"2024-11-13T10:39:19","slug":"erklaerung-zum-datenschutz-ca","status":"publish","type":"page","link":"https:\/\/medinstrus.lt\/de\/erklaerung-zum-datenschutz-ca\/","title":{"rendered":"Erkl\u00e4rung zum Datenschutz (CA)"},"content":{"rendered":"\n<!-- Legal document generated by Complianz | GDPR\/CCPA Cookie Consent https:\/\/wordpress.org\/plugins\/complianz-gdpr -->\n<div id=\"cmplz-document\" class=\"cmplz-document privacy-statement cmplz-document-ca\"><p><i>Diese Datenschutzerkl\u00e4rung wurde zuletzt am 13. November 2024 ge\u00e4ndert, am 13. November 2024 \u00fcberpr\u00fcft und gilt f\u00fcr B\u00fcrger, sowie rechtm\u00e4\u00dfige st\u00e4ndige Einwohner Kanadas.<\/i><br \/><br \/><\/p><p>In dieser Datenschutzerkl\u00e4rung erkl\u00e4ren wir, was wir mit den Daten, die wir \u00fcber dich via <a href=\"https:\/\/medinstrus.lt\/de\/\">https:\/\/medinstrus.lt\/de\/<\/a> gesammelt haben, tun. Wir empfehlen dir, dieses Dokument sorgf\u00e4ltig zu lesen. W\u00e4hrend unserer Verarbeitung entsprechen wir den gesetzlichen Anforderungen. Dies bedeutet unter anderem:<ul>\n                <li>Wir geben klar die Zwecke f\u00fcr die wir pers\u00f6nliche Daten verarbeiten, an. Dies geschieht durch diese Datenschutzerkl\u00e4rung.<\/li>\n                <li>Wir zielen darauf ab, unsere Sammlung von pers\u00f6nlichen Daten auf jene pers\u00f6nliche Daten zu beschr\u00e4nken, die aus legitimen Gr\u00fcnden ben\u00f6tigt werden.<\/li>\n                <li>Wir werden zun\u00e4chst dein explizites Einverst\u00e4ndnis einholen, wenn dies notwendig sein sollte, um deine pers\u00f6nlichen Daten zu verarbeiten.<\/li>\n                <li>Wir unternehmen angemessene Sicherheitsma\u00dfnahmen um deine pers\u00f6nlichen Daten zu sch\u00fctzen und verlangen dies ebenso von Parteien, die pers\u00f6nliche Daten in unserem Auftrag verarbeiten.<\/li>\n                <li>Wir respektieren dein Recht auf Einsichtnahme, Berichtigung oder L\u00f6schung deiner personenbezogenen Daten.<\/li>\n            <\/ul><\/p>Wenn du Fragen hast oder wissen m\u00f6chtest, welche pers\u00f6nlichen Daten wir \u00fcber dich haben, kontaktiere uns bitte.<h2>1. Zweck und Kategorien von Daten<\/h2><p>Wir k\u00f6nnen personenbezogene Daten f\u00fcr eine Reihe von Zwecken im Zusammenhang mit unserer Gesch\u00e4ftst\u00e4tigkeit sammeln oder erhalten, darunter die folgenden: (zum Vergr\u00f6\u00dfern anklicken)<\/b><\/p><details class=\"cmplz-dropdown dropdown-privacy-statement\"><summary><div><h3>1.1 Kontakt - per Telefon, Post, E-Mail und\/oder Webformate<\/h3><\/div><\/summary><p class=\"cmplz-subtitle\">Die folgenden Datenkategorien werden erfasst<\/p><p><ul><li>Ein Vor- und Nachname<\/li><li>Eine E-Mail-Adresse<\/li><li>Eine Telefonnummer<\/li><li>Ein Zuhause oder andere physische Adresse, einschlie\u00dflich Stra\u00dfenname und Name der Stadt\/Ort<\/li><li>Name oder Pseudonym des Kontos<\/li><\/ul><\/p><p class=\"cmplz-subtitle\">Bewahrungsfrist<\/p><p>Wir speichern diese Daten bis zur Beendigung des Dienstes.<\/p><\/details><details class=\"cmplz-dropdown dropdown-privacy-statement\"><summary><div><h3>1.2 Rundschreiben<\/h3><\/div><\/summary><p class=\"cmplz-subtitle\">Die folgenden Datenkategorien werden erfasst<\/p><p><ul><li>Eine E-Mail-Adresse<\/li><\/ul><\/p><p class=\"cmplz-subtitle\">Bewahrungsfrist<\/p><p>Wir speichern diese Daten bis zur Beendigung des Dienstes.<\/p><\/details><details class=\"cmplz-dropdown dropdown-privacy-statement\"><summary><div><h3>1.3 Zur Unterst\u00fctzung von Dienstleistungen oder Produkten, die ein Kunde kaufen m\u00f6chte oder gekauft hat<\/h3><\/div><\/summary><p class=\"cmplz-subtitle\">Die folgenden Datenkategorien werden erfasst<\/p><p><ul><li>Ein Vor- und Nachname<\/li><li>Name oder Pseudonym des Kontos<\/li><li>Ein Zuhause oder andere physische Adresse, einschlie\u00dflich Stra\u00dfenname und Name der Stadt\/Ort<\/li><li>Eine E-Mail-Adresse<\/li><li>Eine Telefonnummer<\/li><\/ul><\/p><p class=\"cmplz-subtitle\">Bewahrungsfrist<\/p><p>Wir speichern diese Daten bis zur Beendigung des Dienstes.<\/p><\/details><details class=\"cmplz-dropdown dropdown-privacy-statement\"><summary><div><h3>1.4 Erstellung und Analyse von Statistiken zur Verbesserung der Website.<\/h3><\/div><\/summary><p class=\"cmplz-subtitle\">Die folgenden Datenkategorien werden erfasst<\/p><p><ul><li>Geolokalisierungsdaten<\/li><li>Geschlecht<\/li><li>Informationen \u00fcber Internetaktivit\u00e4ten, einschlie\u00dflich, aber nicht ausschlie\u00dflich, Browserverlauf, Suchverlauf und Informationen \u00fcber die Interaktionen des Kunden mit einer Internetseite, einem Programm oder einer Werbung<\/li><li>Geburtsdatum<\/li><li>IP-Adresse<\/li><\/ul><\/p><p class=\"cmplz-subtitle\">Bewahrungsfrist<\/p><p>Wir speichern diese Daten bis zur Beendigung des Dienstes.<\/p><\/details><h2>2. Gemeinsame Nutzung mit anderen Parteien<\/h2><p>Wir geben diese Daten nur zu den folgenden Zwecken an andere Empf\u00e4nger weiter:<\/p><h2>3. Offenlegungspraktiken<\/h2><p><p>Wir legen personenbezogene Daten offen, wenn wir gesetzlich oder per Gerichtsbeschluss dazu verpflichtet sind, z. B. auf Anforderung einer Strafverfolgungsbeh\u00f6rde, soweit dies im Rahmen der gesetzlichen Bestimmungen zul\u00e4ssig ist, um Ausk\u00fcnfte zu erteilen, oder f\u00fcr eine Untersuchung in einer Angelegenheit, die die \u00f6ffentliche Sicherheit betrifft.<\/p><p>Wenn unsere Website oder unser Unternehmen im Rahmen einer Fusion oder \u00dcbernahme \u00fcbernommen oder verkauft wird, k\u00f6nnen deinen Daten unseren Beratern und potenziellen K\u00e4ufern offengelegt und an die neuen Eigent\u00fcmer \u00fcbermittelt werden.<\/p><\/p><h2>4. Wie wir auf &quot;Nicht verfolgen&quot;-Signale und &quot;Globale Datenschutzkontrolle&quot; reagieren<\/h2><p>Unsere Website reagiert nicht auf das DNT-Header-Anforderungsfeld (DNT = Do Not Track) und unterst\u00fctzt dieses nicht.<\/p><h2>5. Cookies<\/h2><p>Unsere Website benutzt Cookies. F\u00fcr mehr Informationen \u00fcber Cookies schaue bitte unter unseren <a href=\"https:\/\/medinstrus.lt\/de\/cookie-richtlinie-ca\/\">Cookie-Richtlinien<\/a> nach.&nbsp;<\/p><p>Wir verf\u00fcgen \u00fcber eine Datenverarbeitungsvereinbarung mit Google.<\/p><p>Google darf die Daten nicht f\u00fcr andere Google-Dienste verwenden.<\/p><p>Die Einbeziehung der vollst\u00e4ndigen IP-Adresse ist von uns blockiert.<\/p><h2>6. Sicherheit<\/h2><p>Wir sind der Sicherheit pers\u00f6nlicher Daten verpflichtet. Wir unternehmen angemessene Sicherheitsma\u00dfnahmen um Missbrauch von und unauthorisierten Zugriff auf pers\u00f6nliche Daten zu begrenzen. Dies stellt sicher, dass nur notwendige Personen Zugriff auf deine Daten erhalten, dieser Zugriff gesch\u00fctzt ist und dass unsere Sicherheitsma\u00dfnahmen regelm\u00e4\u00dfig gepr\u00fcft werden.<\/p><h2>7. Website von Drittparteien<\/h2><p>Diese Datenschutzerkl\u00e4rung gilt nicht f\u00fcr Websites von Drittparteien, die durch Links auf unserer Website verbunden sind. Wir k\u00f6nnen nicht garantieren, dass diese Drittanbieter deine pers\u00f6nlichen Daten in verl\u00e4sslicher oder sicherer Weise behandeln. Wir empfehlen dir die Datenschutzerkl\u00e4rungen dieser Websites vor deren Nutzung zu lesen.<\/p><h2>8. Erg\u00e4nzungen zu dieser Datenschutzerkl\u00e4rung<\/h2><p>Wir behalten uns das Recht vor, \u00c4nderungen an dieser Datenschutzerkl\u00e4rung vorzunehmen. Es wird empfohlen, diese Datenschutzerkl\u00e4rung regelm\u00e4\u00dfig zu lesen, um sich \u00fcber \u00c4nderungen zu informieren. Dar\u00fcber hinaus informieren wir dich wo immer m\u00f6glich.<\/p><h2>9. Zugriff und Bearbeitung deiner Daten<\/h2><p>Wenn du Fragen hast oder wissen m\u00f6chtest, welche personenbezogenen Daten wir \u00fcber dich haben, wende dich bitte an uns. Bitte gib immer deutlich an, wer du bist, damit wir sicher sein k\u00f6nnen, dass wir keine Daten der falschen Person \u00e4ndern oder l\u00f6schen. Wir werden die angeforderten Informationen erst nach Eingang einer \u00fcberpr\u00fcfbaren Verbraucheranfrage bereitstellen. Du kannst uns mittels der unten angegebenen Informationen kontaktieren.<\/p><p class=\"cmplz-subtitle\">9.1 Du hast in Bezug auf deine pers\u00f6nlichen Daten die folgenden Rechte<\/p><ol class=\"alphabetic\">\n                        <li>Du kannst einen Antrag auf Zugang zu den Daten stellen, die wir \u00fcber dich verarbeiten.<\/li>\n                        <li>Du kannst eine \u00dcbersicht, in einem h\u00e4ufig verwendeten Format \u00fcber die Daten anfordern, die wir \u00fcber dich verarbeiten.<\/li>\n                        <li>Du kannst die Berichtigung oder L\u00f6schung der Daten verlangen, wenn diese unrichtig oder nicht mehr relevant sind. Gegebenenfalls werden die ge\u00e4nderten Informationen an Dritte weitergegeben, die Zugang zu den betreffenden Informationen haben.<\/li>\n                        <li>Du hast das Recht, die Einwilligung jederzeit vorbehaltlich rechtlicher oder vertraglicher Beschr\u00e4nkungen und einer angemessenen K\u00fcndigungsfrist zu widerrufen. Du wirst \u00fcber die Auswirkungen eines solchen R\u00fccktritts informiert.<\/li>\n                        <li>Du hast das Recht, eine Klage wegen Nichteinhaltung von PIPEDA an unsere Organisation und falls das Problem nicht gel\u00f6st wird, an das B\u00fcro des kanadischen Datenschutzbeauftragten zu richten.<\/li>\n                        <li>Wir gew\u00e4hren einer Person mit einer sensorischen Behinderung Zugang zu personenbezogenen Informationen in einem alternativen Format, sofern sie ein Anrecht auf Zugang personenbezogener Informationen gem\u00e4\u00df den PIPEDA-Bestimmungen hat und deren \u00dcbermittlung f\u00fcr ein alternatives Format beantragt, wenn (a) eine Version der Informationen bereits in diesem Format vorliegt; oder (b) seine Umwandlung in dieses Format angemessen und notwendig ist, damit das Individuum seine Rechte aus\u00fcben kann.<\/li>\n                      <\/ol><h2>10. Kinder<\/h2><p>Unsere Website ist nicht darauf ausgerichtet Kinder anzulocken, und es ist nicht unsere Absicht, pers\u00f6nliche Daten von Kindern zu sammeln, die in ihrem Wohnsitzland noch nicht vollj\u00e4hrig sind. Wir bitten daher darum, dass Kinder unter der Vollj\u00e4hrigkeit keine personenbezogenen Daten an uns \u00fcbermitteln.<\/p><h2>11. Kontaktdaten<\/h2><p>UAB Medinstrus<br \/>\n        Kruci\u0173 g. 9, Kruci\u0173 k. Ma\u017eeiki\u0173 r., LT-89327<br \/>\n        Litauen<br \/>\n        Website: <a href=\"https:\/\/medinstrus.lt\/de\/\">https:\/\/medinstrus.lt\/de\/<\/a> <br \/>\n        E-Mail: <span class=\"cmplz-obfuscate\">&#105;&#110;fo@<span class=\"cmplz-fmail-domain\">&#101;&#120;.&#099;o&#109;<\/span>&#109;ed&#105;n&#115;&#116;r&#117;&#115;&#046;l&#116;<\/span> <br \/>\n        Toll free phone number: +370 699 58589<br \/>\n        Telefonnummer: +370 699 58589<\/p><h2>12. Datenanfrage<\/h2><p>F\u00fcr die am h\u00e4ufigsten gestellten Anfragen bieten wir auch die M\u00f6glichkeit, unser Datenanfrageformular zu nutzen<br \/>\t\t\t<div class=\"cmplz-datarequest cmplz-alert\">\n\t\t\t\t<span class=\"cmplz-close\">&times;<\/span>\n\t\t\t\t<span id=\"cmplz-message\"><\/span>\n\t\t\t<\/div>\n\t\t\t<form id=\"cmplz-datarequest-form\">\n\t\t\t\t<input type=\"hidden\" required value=\"ca\" name=\"cmplz_datarequest_region\" id=\"cmplz_datarequest_region\">\n\n\t\t\t\t<label for=\"cmplz_datarequest_firstname\" class=\"cmplz-first-name\">Name\t\t\t\t\t<input type=\"search\" class=\"datarequest-firstname\" value=\"\" placeholder=\"your first name\" id=\"cmplz_datarequest_firstname\" name=\"cmplz_datarequest_firstname\">\n\t\t\t\t<\/label>\n\t\t\t\t<div>\n\t\t\t\t\t<label for=\"cmplz_datarequest_name\">Name<\/label>\n\t\t\t\t\t<input type=\"text\" required value=\"\" placeholder=\"Dein Name\" id=\"cmplz_datarequest_name\" name=\"cmplz_datarequest_name\">\n\t\t\t\t<\/div>\n\t\t\t\t<div>\n\t\t\t\t\t<label for=\"cmplz_datarequest_email\">E-Mail<\/label>\n\t\t\t\t\t<input type=\"email\" required value=\"\" placeholder=\"email@email.com\" id=\"cmplz_datarequest_email\" name=\"cmplz_datarequest_email\">\n\t\t\t\t<\/div>\n\t\t\t\t\t\t\t\t\t\t<div class=\"cmplz_datarequest cmplz_datarequest_request_for_access\">\n\t\t\t\t\t\t\t<label for=\"cmplz_datarequest_request_for_access\">\n\t\t\t\t\t\t\t\t<input type=\"checkbox\" value=\"1\" name=\"cmplz_datarequest_request_for_access\" id=\"cmplz_datarequest_request_for_access\" \/>\n\t\t\t\t\t\t\t\tStelle einen Antrag auf Zugang zu den Daten, die wir \u00fcber dich verarbeiten.\t\t\t\t\t\t\t<\/label>\n\t\t\t\t\t\t<\/div>\n\t\t\t\t\t\t\t\t\t\t<div class=\"cmplz_datarequest cmplz_datarequest_right_to_be_forgotten\">\n\t\t\t\t\t\t\t<label for=\"cmplz_datarequest_right_to_be_forgotten\">\n\t\t\t\t\t\t\t\t<input type=\"checkbox\" value=\"1\" name=\"cmplz_datarequest_right_to_be_forgotten\" id=\"cmplz_datarequest_right_to_be_forgotten\" \/>\n\t\t\t\t\t\t\t\tStelle einen Antrag auf L\u00f6schung der Daten, wenn sie nicht mehr relevant sind.\t\t\t\t\t\t\t<\/label>\n\t\t\t\t\t\t<\/div>\n\t\t\t\t\t\t\t\t\t\t<div class=\"cmplz_datarequest cmplz_datarequest_right_to_data_portability\">\n\t\t\t\t\t\t\t<label for=\"cmplz_datarequest_right_to_data_portability\">\n\t\t\t\t\t\t\t\t<input type=\"checkbox\" value=\"1\" name=\"cmplz_datarequest_right_to_data_portability\" id=\"cmplz_datarequest_right_to_data_portability\" \/>\n\t\t\t\t\t\t\t\tStelle einen Antrag auf eine Exportdatei der Daten, die wir \u00fcber dich verarbeiten.\t\t\t\t\t\t\t<\/label>\n\t\t\t\t\t\t<\/div>\n\t\t\t\t\t\t\t\t<input type=\"button\" id=\"cmplz-datarequest-submit\" value=\"Senden\">\n\t\t\t<\/form>\n\n\t\t\t<style>\n\t\t\t\t\/* first-name is honeypot *\/\n\t\t\t\t.cmplz-first-name {\n\t\t\t\t\tposition: absolute !important;\n\t\t\t\t\tleft: -5000px !important;\n\t\t\t\t}\n\t\t\t<\/style>\n\t\t\t<\/p><p>Wir haben eine Kontaktperson f\u00fcr die Richtlinien und Praktiken der Organisation ernannt, an die Beschwerden oder Anfragen weitergeleitet werden k\u00f6nnen:<br \/>Tadas Bal\u010dytis<br \/>Kruci\u0173 g. 9, Kruci\u0173 k. Ma\u017eeiki\u0173 r., LT-89327<\/p><\/div>\n","protected":false},"excerpt":{"rendered":"","protected":false},"author":2,"featured_media":0,"parent":0,"menu_order":0,"comment_status":"closed","ping_status":"closed","template":"","meta":{"_acf_changed":false,"footnotes":""},"class_list":["post-3466","page","type-page","status-publish","hentry"],"acf":[],"yoast_head":"<!-- This site is optimized with the Yoast SEO Premium plugin v27.1 (Yoast SEO v27.3) - https:\/\/yoast.com\/product\/yoast-seo-premium-wordpress\/ -->\n<title>Erkl\u00e4rung zum Datenschutz (CA) - Medinstrus<\/title>\n<meta name=\"robots\" content=\"index, follow, max-snippet:-1, max-image-preview:large, max-video-preview:-1\" \/>\n<link rel=\"canonical\" href=\"https:\/\/medinstrus.lt\/de\/erklaerung-zum-datenschutz-ca\/\" \/>\n<meta property=\"og:locale\" content=\"de_DE\" \/>\n<meta property=\"og:type\" content=\"article\" \/>\n<meta property=\"og:title\" content=\"Erkl\u00e4rung zum Datenschutz (CA)\" \/>\n<meta property=\"og:url\" content=\"https:\/\/medinstrus.lt\/de\/erklaerung-zum-datenschutz-ca\/\" \/>\n<meta property=\"og:site_name\" content=\"Medinstrus\" \/>\n<meta property=\"article:publisher\" content=\"https:\/\/www.facebook.com\/medinstrus\/\" \/>\n<meta name=\"twitter:card\" content=\"summary_large_image\" \/>\n<script type=\"application\/ld+json\" class=\"yoast-schema-graph\">{\"@context\":\"https:\\\/\\\/schema.org\",\"@graph\":[{\"@type\":\"WebPage\",\"@id\":\"https:\\\/\\\/medinstrus.lt\\\/de\\\/erklaerung-zum-datenschutz-ca\\\/\",\"url\":\"https:\\\/\\\/medinstrus.lt\\\/de\\\/erklaerung-zum-datenschutz-ca\\\/\",\"name\":\"Erkl\u00e4rung zum Datenschutz (CA) - Medinstrus\",\"isPartOf\":{\"@id\":\"https:\\\/\\\/medinstrus.lt\\\/de\\\/#website\"},\"datePublished\":\"2024-11-13T10:39:19+00:00\",\"breadcrumb\":{\"@id\":\"https:\\\/\\\/medinstrus.lt\\\/de\\\/erklaerung-zum-datenschutz-ca\\\/#breadcrumb\"},\"inLanguage\":\"de\",\"potentialAction\":[{\"@type\":\"ReadAction\",\"target\":[\"https:\\\/\\\/medinstrus.lt\\\/de\\\/erklaerung-zum-datenschutz-ca\\\/\"]}]},{\"@type\":\"BreadcrumbList\",\"@id\":\"https:\\\/\\\/medinstrus.lt\\\/de\\\/erklaerung-zum-datenschutz-ca\\\/#breadcrumb\",\"itemListElement\":[{\"@type\":\"ListItem\",\"position\":1,\"name\":\"Home\",\"item\":\"https:\\\/\\\/medinstrus.lt\\\/de\\\/homepage\\\/\"},{\"@type\":\"ListItem\",\"position\":2,\"name\":\"Erkl\u00e4rung zum Datenschutz (CA)\"}]},{\"@type\":\"WebSite\",\"@id\":\"https:\\\/\\\/medinstrus.lt\\\/de\\\/#website\",\"url\":\"https:\\\/\\\/medinstrus.lt\\\/de\\\/\",\"name\":\"https:\\\/\\\/medinstrus.com\\\/\",\"description\":\"Simplicity combined with functionality.\",\"publisher\":{\"@id\":\"https:\\\/\\\/medinstrus.lt\\\/de\\\/#organization\"},\"potentialAction\":[{\"@type\":\"SearchAction\",\"target\":{\"@type\":\"EntryPoint\",\"urlTemplate\":\"https:\\\/\\\/medinstrus.lt\\\/de\\\/?s={search_term_string}\"},\"query-input\":{\"@type\":\"PropertyValueSpecification\",\"valueRequired\":true,\"valueName\":\"search_term_string\"}}],\"inLanguage\":\"de\"},{\"@type\":\"Organization\",\"@id\":\"https:\\\/\\\/medinstrus.lt\\\/de\\\/#organization\",\"name\":\"Medinstrus\",\"url\":\"https:\\\/\\\/medinstrus.lt\\\/de\\\/\",\"logo\":{\"@type\":\"ImageObject\",\"inLanguage\":\"de\",\"@id\":\"https:\\\/\\\/medinstrus.lt\\\/de\\\/#\\\/schema\\\/logo\\\/image\\\/\",\"url\":\"https:\\\/\\\/medinstrus.lt\\\/wp-content\\\/uploads\\\/2025\\\/02\\\/Medinstrus-v1.png\",\"contentUrl\":\"https:\\\/\\\/medinstrus.lt\\\/wp-content\\\/uploads\\\/2025\\\/02\\\/Medinstrus-v1.png\",\"width\":723,\"height\":96,\"caption\":\"Medinstrus\"},\"image\":{\"@id\":\"https:\\\/\\\/medinstrus.lt\\\/de\\\/#\\\/schema\\\/logo\\\/image\\\/\"},\"sameAs\":[\"https:\\\/\\\/www.facebook.com\\\/medinstrus\\\/\",\"https:\\\/\\\/www.instagram.com\\\/Medinstrus\"]}]}<\/script>\n<!-- \/ Yoast SEO Premium plugin. -->","yoast_head_json":{"title":"Erkl\u00e4rung zum Datenschutz (CA) - Medinstrus","robots":{"index":"index","follow":"follow","max-snippet":"max-snippet:-1","max-image-preview":"max-image-preview:large","max-video-preview":"max-video-preview:-1"},"canonical":"https:\/\/medinstrus.lt\/de\/erklaerung-zum-datenschutz-ca\/","og_locale":"de_DE","og_type":"article","og_title":"Erkl\u00e4rung zum Datenschutz (CA)","og_url":"https:\/\/medinstrus.lt\/de\/erklaerung-zum-datenschutz-ca\/","og_site_name":"Medinstrus","article_publisher":"https:\/\/www.facebook.com\/medinstrus\/","twitter_card":"summary_large_image","schema":{"@context":"https:\/\/schema.org","@graph":[{"@type":"WebPage","@id":"https:\/\/medinstrus.lt\/de\/erklaerung-zum-datenschutz-ca\/","url":"https:\/\/medinstrus.lt\/de\/erklaerung-zum-datenschutz-ca\/","name":"Erkl\u00e4rung zum Datenschutz (CA) - Medinstrus","isPartOf":{"@id":"https:\/\/medinstrus.lt\/de\/#website"},"datePublished":"2024-11-13T10:39:19+00:00","breadcrumb":{"@id":"https:\/\/medinstrus.lt\/de\/erklaerung-zum-datenschutz-ca\/#breadcrumb"},"inLanguage":"de","potentialAction":[{"@type":"ReadAction","target":["https:\/\/medinstrus.lt\/de\/erklaerung-zum-datenschutz-ca\/"]}]},{"@type":"BreadcrumbList","@id":"https:\/\/medinstrus.lt\/de\/erklaerung-zum-datenschutz-ca\/#breadcrumb","itemListElement":[{"@type":"ListItem","position":1,"name":"Home","item":"https:\/\/medinstrus.lt\/de\/homepage\/"},{"@type":"ListItem","position":2,"name":"Erkl\u00e4rung zum Datenschutz (CA)"}]},{"@type":"WebSite","@id":"https:\/\/medinstrus.lt\/de\/#website","url":"https:\/\/medinstrus.lt\/de\/","name":"https:\/\/medinstrus.com\/","description":"Simplicity combined with functionality.","publisher":{"@id":"https:\/\/medinstrus.lt\/de\/#organization"},"potentialAction":[{"@type":"SearchAction","target":{"@type":"EntryPoint","urlTemplate":"https:\/\/medinstrus.lt\/de\/?s={search_term_string}"},"query-input":{"@type":"PropertyValueSpecification","valueRequired":true,"valueName":"search_term_string"}}],"inLanguage":"de"},{"@type":"Organization","@id":"https:\/\/medinstrus.lt\/de\/#organization","name":"Medinstrus","url":"https:\/\/medinstrus.lt\/de\/","logo":{"@type":"ImageObject","inLanguage":"de","@id":"https:\/\/medinstrus.lt\/de\/#\/schema\/logo\/image\/","url":"https:\/\/medinstrus.lt\/wp-content\/uploads\/2025\/02\/Medinstrus-v1.png","contentUrl":"https:\/\/medinstrus.lt\/wp-content\/uploads\/2025\/02\/Medinstrus-v1.png","width":723,"height":96,"caption":"Medinstrus"},"image":{"@id":"https:\/\/medinstrus.lt\/de\/#\/schema\/logo\/image\/"},"sameAs":["https:\/\/www.facebook.com\/medinstrus\/","https:\/\/www.instagram.com\/Medinstrus"]}]}},"_links":{"self":[{"href":"https:\/\/medinstrus.lt\/de\/wp-json\/wp\/v2\/pages\/3466","targetHints":{"allow":["GET"]}}],"collection":[{"href":"https:\/\/medinstrus.lt\/de\/wp-json\/wp\/v2\/pages"}],"about":[{"href":"https:\/\/medinstrus.lt\/de\/wp-json\/wp\/v2\/types\/page"}],"author":[{"embeddable":true,"href":"https:\/\/medinstrus.lt\/de\/wp-json\/wp\/v2\/users\/2"}],"replies":[{"embeddable":true,"href":"https:\/\/medinstrus.lt\/de\/wp-json\/wp\/v2\/comments?post=3466"}],"version-history":[{"count":0,"href":"https:\/\/medinstrus.lt\/de\/wp-json\/wp\/v2\/pages\/3466\/revisions"}],"wp:attachment":[{"href":"https:\/\/medinstrus.lt\/de\/wp-json\/wp\/v2\/media?parent=3466"}],"curies":[{"name":"wp","href":"https:\/\/api.w.org\/{rel}","templated":true}]}}