{"id":3461,"date":"2024-10-30T19:49:58","date_gmt":"2024-10-30T17:49:58","guid":{"rendered":"https:\/\/medinstrus.lt\/qualitaetspolitik\/"},"modified":"2024-10-30T19:49:58","modified_gmt":"2024-10-30T17:49:58","slug":"qualitaetspolitik","status":"publish","type":"page","link":"https:\/\/medinstrus.lt\/de\/qualitaetspolitik\/","title":{"rendered":"Qualit\u00e4tspolitik"},"content":{"rendered":"<p><strong>Medinstrus<\/strong> &#8211; Hersteller von professionellen medizinischen Ger\u00e4ten, seit 2001. Unsere Hauptt\u00e4tigkeit &#8211; Herstellung, Installation und Wartung von ophthalmologischen Ger\u00e4ten und M\u00f6beln. <\/p>\n<p><strong>Mission Medinstrus<\/strong><\/p>\n<p>Wir bieten st\u00e4ndig Innovationen auf dem Gebiet der ophthalmologischen Ausr\u00fcstung an, um zu einer fortschrittlichen und hochqualifizierten Gesundheitsversorgung beizutragen.<\/p>\n<p><strong>Medinstrus Vision<\/strong><\/p>\n<p>Europas f\u00fchrender und renommierter Hersteller von ophthalmologischen Ger\u00e4ten und M\u00f6beln, der sich durch seine hohe Qualit\u00e4t, Zuverl\u00e4ssigkeit und Langlebigkeit auszeichnet.<\/p>\n<p><strong>Funktionsprinzipien<\/strong><\/p>\n<p><strong>ANRUFEN<\/strong><br \/><strong>Rufen Sie uns einfach an<\/strong> &#8211; wir sind immer da und bereit, alle Ihre Aufgaben zu l\u00f6sen.<\/p>\n<p><strong>TRUST<\/strong><br \/><strong>Wir halten unser Wort<\/strong> &#8211; wir \u00fcbernehmen die pers\u00f6nliche Verantwortung f\u00fcr unsere Arbeit von Anfang bis Ende.<\/p>\n<p><strong>DONE<\/strong><br \/><strong>Wir sind flexibel<\/strong> &#8211; wir gehen auf die individuellen Bed\u00fcrfnisse unserer Kunden ein, h\u00f6ren auf ihre Angebote und Erwartungen.<br \/><strong>Innovationen &#8211; unser t\u00e4gliches Leben<\/strong>. Jede Minute denken wir dar\u00fcber nach, welche Innovationen wir schaffen k\u00f6nnen, was wir besser machen k\u00f6nnen, wie wir bestehende Produkte verbessern k\u00f6nnen. <\/p>\n<p>Um die Erwartungen der interessierten Parteien zu erf\u00fcllen, haben wir ein Qualit\u00e4tsmanagementsystem eingef\u00fchrt, das die Anforderungen der ISO 9001 erf\u00fcllt. In Anbetracht dessen verpflichten wir uns zu: <\/p>\n<ul>\n<li>Wenden Sie diese Qualit\u00e4tspolitik innerhalb und au\u00dferhalb des Unternehmens an;<\/li>\n<li>Entwickeln Sie langfristige und f\u00fcr beide Seiten vorteilhafte Beziehungen zu Kunden;<\/li>\n<li>Kontinuierliche Verbesserung des Qualit\u00e4tsmanagementsystems.<\/li>\n<\/ul>\n<p>Die Qualit\u00e4tspolitik wird st\u00e4ndig \u00fcberpr\u00fcft, ist allen interessierten Parteien zug\u00e4nglich und wird von allen Mitarbeitern und Personen, die im Auftrag des Unternehmens arbeiten, gekannt und verstanden.<\/p>\n","protected":false},"excerpt":{"rendered":"<p>Medinstrus &#8211; Hersteller von professionellen medizinischen Ger\u00e4ten, seit 2001. Unsere Hauptt\u00e4tigkeit &#8211; Herstellung, Installation und Wartung von ophthalmologischen Ger\u00e4ten und M\u00f6beln. Mission Medinstrus Wir bieten st\u00e4ndig Innovationen auf dem Gebiet der ophthalmologischen Ausr\u00fcstung an, um zu einer fortschrittlichen und hochqualifizierten Gesundheitsversorgung beizutragen. Medinstrus Vision Europas f\u00fchrender und renommierter Hersteller von ophthalmologischen Ger\u00e4ten und M\u00f6beln, der sich durch seine hohe Qualit\u00e4t, Zuverl\u00e4ssigkeit und Langlebigkeit auszeichnet. Funktionsprinzipien ANRUFENRufen Sie uns einfach an &#8211; wir sind immer da und bereit, alle Ihre Aufgaben&#8230;<\/p>\n","protected":false},"author":2,"featured_media":0,"parent":0,"menu_order":0,"comment_status":"closed","ping_status":"closed","template":"","meta":{"_acf_changed":false,"footnotes":""},"class_list":["post-3461","page","type-page","status-publish","hentry"],"acf":[],"yoast_head":"<!-- This site is optimized with the Yoast SEO Premium plugin v27.4 (Yoast SEO v27.4) - https:\/\/yoast.com\/product\/yoast-seo-premium-wordpress\/ -->\n<title>Qualit\u00e4tspolitik - Medinstrus<\/title>\n<meta name=\"robots\" content=\"index, follow, max-snippet:-1, max-image-preview:large, max-video-preview:-1\" \/>\n<link rel=\"canonical\" href=\"https:\/\/medinstrus.lt\/de\/qualitaetspolitik\/\" \/>\n<meta property=\"og:locale\" content=\"de_DE\" \/>\n<meta property=\"og:type\" content=\"article\" \/>\n<meta property=\"og:title\" content=\"Qualit\u00e4tspolitik\" \/>\n<meta property=\"og:description\" content=\"Medinstrus &#8211; Hersteller von professionellen medizinischen Ger\u00e4ten, seit 2001. Unsere Hauptt\u00e4tigkeit &#8211; Herstellung, Installation und Wartung von ophthalmologischen Ger\u00e4ten und M\u00f6beln. Mission Medinstrus Wir bieten st\u00e4ndig Innovationen auf dem Gebiet der ophthalmologischen Ausr\u00fcstung an, um zu einer fortschrittlichen und hochqualifizierten Gesundheitsversorgung beizutragen. Medinstrus Vision Europas f\u00fchrender und renommierter Hersteller von ophthalmologischen Ger\u00e4ten und M\u00f6beln, der sich durch seine hohe Qualit\u00e4t, Zuverl\u00e4ssigkeit und Langlebigkeit auszeichnet. Funktionsprinzipien ANRUFENRufen Sie uns einfach an &#8211; wir sind immer da und bereit, alle Ihre Aufgaben...\" \/>\n<meta property=\"og:url\" content=\"https:\/\/medinstrus.lt\/de\/qualitaetspolitik\/\" \/>\n<meta property=\"og:site_name\" content=\"Medinstrus\" \/>\n<meta property=\"article:publisher\" content=\"https:\/\/www.facebook.com\/medinstrus\/\" \/>\n<meta name=\"twitter:card\" content=\"summary_large_image\" \/>\n<meta name=\"twitter:label1\" content=\"Gesch\u00e4tzte Lesezeit\" \/>\n\t<meta name=\"twitter:data1\" content=\"1\u00a0Minute\" \/>\n<script type=\"application\/ld+json\" class=\"yoast-schema-graph\">{\"@context\":\"https:\\\/\\\/schema.org\",\"@graph\":[{\"@type\":\"WebPage\",\"@id\":\"https:\\\/\\\/medinstrus.lt\\\/de\\\/qualitaetspolitik\\\/\",\"url\":\"https:\\\/\\\/medinstrus.lt\\\/de\\\/qualitaetspolitik\\\/\",\"name\":\"Qualit\u00e4tspolitik - Medinstrus\",\"isPartOf\":{\"@id\":\"https:\\\/\\\/medinstrus.lt\\\/de\\\/#website\"},\"datePublished\":\"2024-10-30T17:49:58+00:00\",\"breadcrumb\":{\"@id\":\"https:\\\/\\\/medinstrus.lt\\\/de\\\/qualitaetspolitik\\\/#breadcrumb\"},\"inLanguage\":\"de\",\"potentialAction\":[{\"@type\":\"ReadAction\",\"target\":[\"https:\\\/\\\/medinstrus.lt\\\/de\\\/qualitaetspolitik\\\/\"]}]},{\"@type\":\"BreadcrumbList\",\"@id\":\"https:\\\/\\\/medinstrus.lt\\\/de\\\/qualitaetspolitik\\\/#breadcrumb\",\"itemListElement\":[{\"@type\":\"ListItem\",\"position\":1,\"name\":\"Home\",\"item\":\"https:\\\/\\\/medinstrus.lt\\\/de\\\/homepage\\\/\"},{\"@type\":\"ListItem\",\"position\":2,\"name\":\"Qualit\u00e4tspolitik\"}]},{\"@type\":\"WebSite\",\"@id\":\"https:\\\/\\\/medinstrus.lt\\\/de\\\/#website\",\"url\":\"https:\\\/\\\/medinstrus.lt\\\/de\\\/\",\"name\":\"https:\\\/\\\/medinstrus.com\\\/\",\"description\":\"Simplicity combined with functionality.\",\"publisher\":{\"@id\":\"https:\\\/\\\/medinstrus.lt\\\/de\\\/#organization\"},\"potentialAction\":[{\"@type\":\"SearchAction\",\"target\":{\"@type\":\"EntryPoint\",\"urlTemplate\":\"https:\\\/\\\/medinstrus.lt\\\/de\\\/?s={search_term_string}\"},\"query-input\":{\"@type\":\"PropertyValueSpecification\",\"valueRequired\":true,\"valueName\":\"search_term_string\"}}],\"inLanguage\":\"de\"},{\"@type\":\"Organization\",\"@id\":\"https:\\\/\\\/medinstrus.lt\\\/de\\\/#organization\",\"name\":\"Medinstrus\",\"url\":\"https:\\\/\\\/medinstrus.lt\\\/de\\\/\",\"logo\":{\"@type\":\"ImageObject\",\"inLanguage\":\"de\",\"@id\":\"https:\\\/\\\/medinstrus.lt\\\/de\\\/#\\\/schema\\\/logo\\\/image\\\/\",\"url\":\"https:\\\/\\\/medinstrus.lt\\\/wp-content\\\/uploads\\\/2025\\\/02\\\/Medinstrus-v1.png\",\"contentUrl\":\"https:\\\/\\\/medinstrus.lt\\\/wp-content\\\/uploads\\\/2025\\\/02\\\/Medinstrus-v1.png\",\"width\":723,\"height\":96,\"caption\":\"Medinstrus\"},\"image\":{\"@id\":\"https:\\\/\\\/medinstrus.lt\\\/de\\\/#\\\/schema\\\/logo\\\/image\\\/\"},\"sameAs\":[\"https:\\\/\\\/www.facebook.com\\\/medinstrus\\\/\",\"https:\\\/\\\/www.instagram.com\\\/Medinstrus\"]}]}<\/script>\n<!-- \/ Yoast SEO Premium plugin. -->","yoast_head_json":{"title":"Qualit\u00e4tspolitik - Medinstrus","robots":{"index":"index","follow":"follow","max-snippet":"max-snippet:-1","max-image-preview":"max-image-preview:large","max-video-preview":"max-video-preview:-1"},"canonical":"https:\/\/medinstrus.lt\/de\/qualitaetspolitik\/","og_locale":"de_DE","og_type":"article","og_title":"Qualit\u00e4tspolitik","og_description":"Medinstrus &#8211; Hersteller von professionellen medizinischen Ger\u00e4ten, seit 2001. Unsere Hauptt\u00e4tigkeit &#8211; Herstellung, Installation und Wartung von ophthalmologischen Ger\u00e4ten und M\u00f6beln. Mission Medinstrus Wir bieten st\u00e4ndig Innovationen auf dem Gebiet der ophthalmologischen Ausr\u00fcstung an, um zu einer fortschrittlichen und hochqualifizierten Gesundheitsversorgung beizutragen. Medinstrus Vision Europas f\u00fchrender und renommierter Hersteller von ophthalmologischen Ger\u00e4ten und M\u00f6beln, der sich durch seine hohe Qualit\u00e4t, Zuverl\u00e4ssigkeit und Langlebigkeit auszeichnet. Funktionsprinzipien ANRUFENRufen Sie uns einfach an &#8211; wir sind immer da und bereit, alle Ihre Aufgaben...","og_url":"https:\/\/medinstrus.lt\/de\/qualitaetspolitik\/","og_site_name":"Medinstrus","article_publisher":"https:\/\/www.facebook.com\/medinstrus\/","twitter_card":"summary_large_image","twitter_misc":{"Gesch\u00e4tzte Lesezeit":"1\u00a0Minute"},"schema":{"@context":"https:\/\/schema.org","@graph":[{"@type":"WebPage","@id":"https:\/\/medinstrus.lt\/de\/qualitaetspolitik\/","url":"https:\/\/medinstrus.lt\/de\/qualitaetspolitik\/","name":"Qualit\u00e4tspolitik - Medinstrus","isPartOf":{"@id":"https:\/\/medinstrus.lt\/de\/#website"},"datePublished":"2024-10-30T17:49:58+00:00","breadcrumb":{"@id":"https:\/\/medinstrus.lt\/de\/qualitaetspolitik\/#breadcrumb"},"inLanguage":"de","potentialAction":[{"@type":"ReadAction","target":["https:\/\/medinstrus.lt\/de\/qualitaetspolitik\/"]}]},{"@type":"BreadcrumbList","@id":"https:\/\/medinstrus.lt\/de\/qualitaetspolitik\/#breadcrumb","itemListElement":[{"@type":"ListItem","position":1,"name":"Home","item":"https:\/\/medinstrus.lt\/de\/homepage\/"},{"@type":"ListItem","position":2,"name":"Qualit\u00e4tspolitik"}]},{"@type":"WebSite","@id":"https:\/\/medinstrus.lt\/de\/#website","url":"https:\/\/medinstrus.lt\/de\/","name":"https:\/\/medinstrus.com\/","description":"Simplicity combined with functionality.","publisher":{"@id":"https:\/\/medinstrus.lt\/de\/#organization"},"potentialAction":[{"@type":"SearchAction","target":{"@type":"EntryPoint","urlTemplate":"https:\/\/medinstrus.lt\/de\/?s={search_term_string}"},"query-input":{"@type":"PropertyValueSpecification","valueRequired":true,"valueName":"search_term_string"}}],"inLanguage":"de"},{"@type":"Organization","@id":"https:\/\/medinstrus.lt\/de\/#organization","name":"Medinstrus","url":"https:\/\/medinstrus.lt\/de\/","logo":{"@type":"ImageObject","inLanguage":"de","@id":"https:\/\/medinstrus.lt\/de\/#\/schema\/logo\/image\/","url":"https:\/\/medinstrus.lt\/wp-content\/uploads\/2025\/02\/Medinstrus-v1.png","contentUrl":"https:\/\/medinstrus.lt\/wp-content\/uploads\/2025\/02\/Medinstrus-v1.png","width":723,"height":96,"caption":"Medinstrus"},"image":{"@id":"https:\/\/medinstrus.lt\/de\/#\/schema\/logo\/image\/"},"sameAs":["https:\/\/www.facebook.com\/medinstrus\/","https:\/\/www.instagram.com\/Medinstrus"]}]}},"_links":{"self":[{"href":"https:\/\/medinstrus.lt\/de\/wp-json\/wp\/v2\/pages\/3461","targetHints":{"allow":["GET"]}}],"collection":[{"href":"https:\/\/medinstrus.lt\/de\/wp-json\/wp\/v2\/pages"}],"about":[{"href":"https:\/\/medinstrus.lt\/de\/wp-json\/wp\/v2\/types\/page"}],"author":[{"embeddable":true,"href":"https:\/\/medinstrus.lt\/de\/wp-json\/wp\/v2\/users\/2"}],"replies":[{"embeddable":true,"href":"https:\/\/medinstrus.lt\/de\/wp-json\/wp\/v2\/comments?post=3461"}],"version-history":[{"count":0,"href":"https:\/\/medinstrus.lt\/de\/wp-json\/wp\/v2\/pages\/3461\/revisions"}],"wp:attachment":[{"href":"https:\/\/medinstrus.lt\/de\/wp-json\/wp\/v2\/media?parent=3461"}],"curies":[{"name":"wp","href":"https:\/\/api.w.org\/{rel}","templated":true}]}}