{"id":3458,"date":"2024-10-30T20:04:52","date_gmt":"2024-10-30T18:04:52","guid":{"rendered":"https:\/\/medinstrus.lt\/das-projekt-wird-von-der-republik-litauen-unterstuetzt\/"},"modified":"2024-10-30T20:04:52","modified_gmt":"2024-10-30T18:04:52","slug":"das-projekt-wird-von-der-republik-litauen-unterstuetzt","status":"publish","type":"page","link":"https:\/\/medinstrus.lt\/de\/das-projekt-wird-von-der-republik-litauen-unterstuetzt\/","title":{"rendered":"Das Projekt wird von der Republik Litauen unterst\u00fctzt."},"content":{"rendered":"<p>Projekt\u0105 remia Lietuvos Respublika<\/p>\n<p><strong>Gamybos proces\u0173 modernizavimas siekiant didinti na\u0161um\u0105 \u012fmon\u0117je.<\/strong><\/p>\n<p>  Pagrindin\u0117 \u012fmon\u0117s veikla yra oftalmologin\u0117s \u012frangos gamyba, montavimas ir techninis aptarnavimas. UAB &#8222;Medinstrus&#8220; kuria profesionali\u0105, individualius klient\u0173 poreikius atitinkan\u010di\u0105 medicinos \u012frang\u0105 ir baldus, nuolat si\u016blo naujoves oftalmolog\u0173 \u012frangos srityje, prisidedant prie pa\u017eangios, auk\u0161to lygio sveikatos prie\u017ei\u016bros. Vietos projekto \u012fgyvendinimo metu planuojama \u012fsigyti \u012frang\u0105 &#8211; suvirinimo stot\u012f su robotu, kuri naudojama metalo suvirinimo darbams. \u012esigijus \u012frang\u0105 i\u0161auga darbo na\u0161umas, nes naudojant robotus detali\u0173 suvirinimo proceso greitis didesnis nuo 3 iki 5 kart\u0173, negu nuolat virinan\u010dio \u017emogaus. Iki 15 proc. suma\u017e\u0117ja suvirinimo med\u017eiag\u0173 ir komplektuot\u0117s (t\u016btos, antgaliukai ir t.t.) s\u0105naudos, lyginant su rankiniu suvirinimu. Robotizuoto suvirinimo pritaikymas stabilizuoja vis\u0105 gamybos proces\u0105 ir jo kontrol\u0119.      <\/p>\n<p>Projekto metu bus ple\u010diamas verslas, sukurtos naujos darbo vietos (etatai), prisidedant prie regiono gyvybingumo ir konkurencingumo palaikymo. I\u0161laikytos ir naujos darbo vietos kaimo vietov\u0117je prisid\u0117s prie skurdo ma\u017einimo. Investicijos stiprins ekonomin\u012f Ma\u017eeiki\u0173 rajono kaimi\u0161k\u0173j\u0173 vietovi\u0173 kapital\u0105.  <\/p>\n<p><img loading=\"lazy\" decoding=\"async\" class=\"aligncenter wp-image-1132 size-full\" src=\"https:\/\/medinstrus.lt\/wp-content\/uploads\/2024\/10\/logo-parama-sugrupuoti.001.jpeg\" alt=\"\" width=\"600\" height=\"400\" srcset=\"https:\/\/medinstrus.lt\/wp-content\/uploads\/2024\/10\/logo-parama-sugrupuoti.001.jpeg 600w, https:\/\/medinstrus.lt\/wp-content\/uploads\/2024\/10\/logo-parama-sugrupuoti.001-300x200.jpeg 300w\" sizes=\"auto, (max-width: 600px) 100vw, 600px\" \/> <\/p>\n","protected":false},"excerpt":{"rendered":"<p>Projekt\u0105 remia Lietuvos Respublika Gamybos proces\u0173 modernizavimas siekiant didinti na\u0161um\u0105 \u012fmon\u0117je. Pagrindin\u0117 \u012fmon\u0117s veikla yra oftalmologin\u0117s \u012frangos gamyba, montavimas ir techninis aptarnavimas. UAB &#8222;Medinstrus&#8220; kuria profesionali\u0105, individualius klient\u0173 poreikius atitinkan\u010di\u0105 medicinos \u012frang\u0105 ir baldus, nuolat si\u016blo naujoves oftalmolog\u0173 \u012frangos srityje, prisidedant prie pa\u017eangios, auk\u0161to lygio sveikatos prie\u017ei\u016bros. Vietos projekto \u012fgyvendinimo metu planuojama \u012fsigyti \u012frang\u0105 &#8211; suvirinimo stot\u012f su robotu, kuri naudojama metalo suvirinimo darbams. \u012esigijus \u012frang\u0105 i\u0161auga darbo na\u0161umas, nes naudojant robotus detali\u0173 suvirinimo proceso greitis didesnis nuo 3 iki&#8230;<\/p>\n","protected":false},"author":2,"featured_media":0,"parent":0,"menu_order":0,"comment_status":"closed","ping_status":"closed","template":"","meta":{"_acf_changed":false,"footnotes":""},"class_list":["post-3458","page","type-page","status-publish","hentry"],"acf":[],"yoast_head":"<!-- This site is optimized with the Yoast SEO Premium plugin v27.4 (Yoast SEO v27.4) - https:\/\/yoast.com\/product\/yoast-seo-premium-wordpress\/ -->\n<title>Das Projekt wird von der Republik Litauen unterst\u00fctzt. - Medinstrus<\/title>\n<meta name=\"robots\" content=\"index, follow, max-snippet:-1, max-image-preview:large, max-video-preview:-1\" \/>\n<link rel=\"canonical\" href=\"https:\/\/medinstrus.lt\/de\/das-projekt-wird-von-der-republik-litauen-unterstuetzt\/\" \/>\n<meta property=\"og:locale\" content=\"de_DE\" \/>\n<meta property=\"og:type\" content=\"article\" \/>\n<meta property=\"og:title\" content=\"Das Projekt wird von der Republik Litauen unterst\u00fctzt.\" \/>\n<meta property=\"og:description\" content=\"Projekt\u0105 remia Lietuvos Respublika Gamybos proces\u0173 modernizavimas siekiant didinti na\u0161um\u0105 \u012fmon\u0117je. Pagrindin\u0117 \u012fmon\u0117s veikla yra oftalmologin\u0117s \u012frangos gamyba, montavimas ir techninis aptarnavimas. UAB &#8222;Medinstrus&#8220; kuria profesionali\u0105, individualius klient\u0173 poreikius atitinkan\u010di\u0105 medicinos \u012frang\u0105 ir baldus, nuolat si\u016blo naujoves oftalmolog\u0173 \u012frangos srityje, prisidedant prie pa\u017eangios, auk\u0161to lygio sveikatos prie\u017ei\u016bros. Vietos projekto \u012fgyvendinimo metu planuojama \u012fsigyti \u012frang\u0105 &#8211; suvirinimo stot\u012f su robotu, kuri naudojama metalo suvirinimo darbams. \u012esigijus \u012frang\u0105 i\u0161auga darbo na\u0161umas, nes naudojant robotus detali\u0173 suvirinimo proceso greitis didesnis nuo 3 iki...\" \/>\n<meta property=\"og:url\" content=\"https:\/\/medinstrus.lt\/de\/das-projekt-wird-von-der-republik-litauen-unterstuetzt\/\" \/>\n<meta property=\"og:site_name\" content=\"Medinstrus\" \/>\n<meta property=\"article:publisher\" content=\"https:\/\/www.facebook.com\/medinstrus\/\" \/>\n<meta property=\"og:image\" content=\"https:\/\/medinstrus.lt\/wp-content\/uploads\/2024\/10\/logo-parama-sugrupuoti.001.jpeg\" \/>\n\t<meta property=\"og:image:width\" content=\"600\" \/>\n\t<meta property=\"og:image:height\" content=\"400\" \/>\n\t<meta property=\"og:image:type\" content=\"image\/jpeg\" \/>\n<meta name=\"twitter:card\" content=\"summary_large_image\" \/>\n<meta name=\"twitter:label1\" content=\"Gesch\u00e4tzte Lesezeit\" \/>\n\t<meta name=\"twitter:data1\" content=\"1\u00a0Minute\" \/>\n<script type=\"application\/ld+json\" class=\"yoast-schema-graph\">{\"@context\":\"https:\\\/\\\/schema.org\",\"@graph\":[{\"@type\":\"WebPage\",\"@id\":\"https:\\\/\\\/medinstrus.lt\\\/de\\\/das-projekt-wird-von-der-republik-litauen-unterstuetzt\\\/\",\"url\":\"https:\\\/\\\/medinstrus.lt\\\/de\\\/das-projekt-wird-von-der-republik-litauen-unterstuetzt\\\/\",\"name\":\"Das Projekt wird von der Republik Litauen unterst\u00fctzt. - Medinstrus\",\"isPartOf\":{\"@id\":\"https:\\\/\\\/medinstrus.lt\\\/de\\\/#website\"},\"primaryImageOfPage\":{\"@id\":\"https:\\\/\\\/medinstrus.lt\\\/de\\\/das-projekt-wird-von-der-republik-litauen-unterstuetzt\\\/#primaryimage\"},\"image\":{\"@id\":\"https:\\\/\\\/medinstrus.lt\\\/de\\\/das-projekt-wird-von-der-republik-litauen-unterstuetzt\\\/#primaryimage\"},\"thumbnailUrl\":\"https:\\\/\\\/medinstrus.lt\\\/wp-content\\\/uploads\\\/2024\\\/10\\\/logo-parama-sugrupuoti.001.jpeg\",\"datePublished\":\"2024-10-30T18:04:52+00:00\",\"breadcrumb\":{\"@id\":\"https:\\\/\\\/medinstrus.lt\\\/de\\\/das-projekt-wird-von-der-republik-litauen-unterstuetzt\\\/#breadcrumb\"},\"inLanguage\":\"de\",\"potentialAction\":[{\"@type\":\"ReadAction\",\"target\":[\"https:\\\/\\\/medinstrus.lt\\\/de\\\/das-projekt-wird-von-der-republik-litauen-unterstuetzt\\\/\"]}]},{\"@type\":\"ImageObject\",\"inLanguage\":\"de\",\"@id\":\"https:\\\/\\\/medinstrus.lt\\\/de\\\/das-projekt-wird-von-der-republik-litauen-unterstuetzt\\\/#primaryimage\",\"url\":\"https:\\\/\\\/medinstrus.lt\\\/wp-content\\\/uploads\\\/2024\\\/10\\\/logo-parama-sugrupuoti.001.jpeg\",\"contentUrl\":\"https:\\\/\\\/medinstrus.lt\\\/wp-content\\\/uploads\\\/2024\\\/10\\\/logo-parama-sugrupuoti.001.jpeg\"},{\"@type\":\"BreadcrumbList\",\"@id\":\"https:\\\/\\\/medinstrus.lt\\\/de\\\/das-projekt-wird-von-der-republik-litauen-unterstuetzt\\\/#breadcrumb\",\"itemListElement\":[{\"@type\":\"ListItem\",\"position\":1,\"name\":\"Home\",\"item\":\"https:\\\/\\\/medinstrus.lt\\\/de\\\/homepage\\\/\"},{\"@type\":\"ListItem\",\"position\":2,\"name\":\"Das Projekt wird von der Republik Litauen unterst\u00fctzt.\"}]},{\"@type\":\"WebSite\",\"@id\":\"https:\\\/\\\/medinstrus.lt\\\/de\\\/#website\",\"url\":\"https:\\\/\\\/medinstrus.lt\\\/de\\\/\",\"name\":\"https:\\\/\\\/medinstrus.com\\\/\",\"description\":\"Simplicity combined with functionality.\",\"publisher\":{\"@id\":\"https:\\\/\\\/medinstrus.lt\\\/de\\\/#organization\"},\"potentialAction\":[{\"@type\":\"SearchAction\",\"target\":{\"@type\":\"EntryPoint\",\"urlTemplate\":\"https:\\\/\\\/medinstrus.lt\\\/de\\\/?s={search_term_string}\"},\"query-input\":{\"@type\":\"PropertyValueSpecification\",\"valueRequired\":true,\"valueName\":\"search_term_string\"}}],\"inLanguage\":\"de\"},{\"@type\":\"Organization\",\"@id\":\"https:\\\/\\\/medinstrus.lt\\\/de\\\/#organization\",\"name\":\"Medinstrus\",\"url\":\"https:\\\/\\\/medinstrus.lt\\\/de\\\/\",\"logo\":{\"@type\":\"ImageObject\",\"inLanguage\":\"de\",\"@id\":\"https:\\\/\\\/medinstrus.lt\\\/de\\\/#\\\/schema\\\/logo\\\/image\\\/\",\"url\":\"https:\\\/\\\/medinstrus.lt\\\/wp-content\\\/uploads\\\/2025\\\/02\\\/Medinstrus-v1.png\",\"contentUrl\":\"https:\\\/\\\/medinstrus.lt\\\/wp-content\\\/uploads\\\/2025\\\/02\\\/Medinstrus-v1.png\",\"width\":723,\"height\":96,\"caption\":\"Medinstrus\"},\"image\":{\"@id\":\"https:\\\/\\\/medinstrus.lt\\\/de\\\/#\\\/schema\\\/logo\\\/image\\\/\"},\"sameAs\":[\"https:\\\/\\\/www.facebook.com\\\/medinstrus\\\/\",\"https:\\\/\\\/www.instagram.com\\\/Medinstrus\"]}]}<\/script>\n<!-- \/ Yoast SEO Premium plugin. -->","yoast_head_json":{"title":"Das Projekt wird von der Republik Litauen unterst\u00fctzt. - Medinstrus","robots":{"index":"index","follow":"follow","max-snippet":"max-snippet:-1","max-image-preview":"max-image-preview:large","max-video-preview":"max-video-preview:-1"},"canonical":"https:\/\/medinstrus.lt\/de\/das-projekt-wird-von-der-republik-litauen-unterstuetzt\/","og_locale":"de_DE","og_type":"article","og_title":"Das Projekt wird von der Republik Litauen unterst\u00fctzt.","og_description":"Projekt\u0105 remia Lietuvos Respublika Gamybos proces\u0173 modernizavimas siekiant didinti na\u0161um\u0105 \u012fmon\u0117je. Pagrindin\u0117 \u012fmon\u0117s veikla yra oftalmologin\u0117s \u012frangos gamyba, montavimas ir techninis aptarnavimas. UAB &#8222;Medinstrus&#8220; kuria profesionali\u0105, individualius klient\u0173 poreikius atitinkan\u010di\u0105 medicinos \u012frang\u0105 ir baldus, nuolat si\u016blo naujoves oftalmolog\u0173 \u012frangos srityje, prisidedant prie pa\u017eangios, auk\u0161to lygio sveikatos prie\u017ei\u016bros. Vietos projekto \u012fgyvendinimo metu planuojama \u012fsigyti \u012frang\u0105 &#8211; suvirinimo stot\u012f su robotu, kuri naudojama metalo suvirinimo darbams. \u012esigijus \u012frang\u0105 i\u0161auga darbo na\u0161umas, nes naudojant robotus detali\u0173 suvirinimo proceso greitis didesnis nuo 3 iki...","og_url":"https:\/\/medinstrus.lt\/de\/das-projekt-wird-von-der-republik-litauen-unterstuetzt\/","og_site_name":"Medinstrus","article_publisher":"https:\/\/www.facebook.com\/medinstrus\/","og_image":[{"width":600,"height":400,"url":"https:\/\/medinstrus.lt\/wp-content\/uploads\/2024\/10\/logo-parama-sugrupuoti.001.jpeg","type":"image\/jpeg"}],"twitter_card":"summary_large_image","twitter_misc":{"Gesch\u00e4tzte Lesezeit":"1\u00a0Minute"},"schema":{"@context":"https:\/\/schema.org","@graph":[{"@type":"WebPage","@id":"https:\/\/medinstrus.lt\/de\/das-projekt-wird-von-der-republik-litauen-unterstuetzt\/","url":"https:\/\/medinstrus.lt\/de\/das-projekt-wird-von-der-republik-litauen-unterstuetzt\/","name":"Das Projekt wird von der Republik Litauen unterst\u00fctzt. - Medinstrus","isPartOf":{"@id":"https:\/\/medinstrus.lt\/de\/#website"},"primaryImageOfPage":{"@id":"https:\/\/medinstrus.lt\/de\/das-projekt-wird-von-der-republik-litauen-unterstuetzt\/#primaryimage"},"image":{"@id":"https:\/\/medinstrus.lt\/de\/das-projekt-wird-von-der-republik-litauen-unterstuetzt\/#primaryimage"},"thumbnailUrl":"https:\/\/medinstrus.lt\/wp-content\/uploads\/2024\/10\/logo-parama-sugrupuoti.001.jpeg","datePublished":"2024-10-30T18:04:52+00:00","breadcrumb":{"@id":"https:\/\/medinstrus.lt\/de\/das-projekt-wird-von-der-republik-litauen-unterstuetzt\/#breadcrumb"},"inLanguage":"de","potentialAction":[{"@type":"ReadAction","target":["https:\/\/medinstrus.lt\/de\/das-projekt-wird-von-der-republik-litauen-unterstuetzt\/"]}]},{"@type":"ImageObject","inLanguage":"de","@id":"https:\/\/medinstrus.lt\/de\/das-projekt-wird-von-der-republik-litauen-unterstuetzt\/#primaryimage","url":"https:\/\/medinstrus.lt\/wp-content\/uploads\/2024\/10\/logo-parama-sugrupuoti.001.jpeg","contentUrl":"https:\/\/medinstrus.lt\/wp-content\/uploads\/2024\/10\/logo-parama-sugrupuoti.001.jpeg"},{"@type":"BreadcrumbList","@id":"https:\/\/medinstrus.lt\/de\/das-projekt-wird-von-der-republik-litauen-unterstuetzt\/#breadcrumb","itemListElement":[{"@type":"ListItem","position":1,"name":"Home","item":"https:\/\/medinstrus.lt\/de\/homepage\/"},{"@type":"ListItem","position":2,"name":"Das Projekt wird von der Republik Litauen unterst\u00fctzt."}]},{"@type":"WebSite","@id":"https:\/\/medinstrus.lt\/de\/#website","url":"https:\/\/medinstrus.lt\/de\/","name":"https:\/\/medinstrus.com\/","description":"Simplicity combined with functionality.","publisher":{"@id":"https:\/\/medinstrus.lt\/de\/#organization"},"potentialAction":[{"@type":"SearchAction","target":{"@type":"EntryPoint","urlTemplate":"https:\/\/medinstrus.lt\/de\/?s={search_term_string}"},"query-input":{"@type":"PropertyValueSpecification","valueRequired":true,"valueName":"search_term_string"}}],"inLanguage":"de"},{"@type":"Organization","@id":"https:\/\/medinstrus.lt\/de\/#organization","name":"Medinstrus","url":"https:\/\/medinstrus.lt\/de\/","logo":{"@type":"ImageObject","inLanguage":"de","@id":"https:\/\/medinstrus.lt\/de\/#\/schema\/logo\/image\/","url":"https:\/\/medinstrus.lt\/wp-content\/uploads\/2025\/02\/Medinstrus-v1.png","contentUrl":"https:\/\/medinstrus.lt\/wp-content\/uploads\/2025\/02\/Medinstrus-v1.png","width":723,"height":96,"caption":"Medinstrus"},"image":{"@id":"https:\/\/medinstrus.lt\/de\/#\/schema\/logo\/image\/"},"sameAs":["https:\/\/www.facebook.com\/medinstrus\/","https:\/\/www.instagram.com\/Medinstrus"]}]}},"_links":{"self":[{"href":"https:\/\/medinstrus.lt\/de\/wp-json\/wp\/v2\/pages\/3458","targetHints":{"allow":["GET"]}}],"collection":[{"href":"https:\/\/medinstrus.lt\/de\/wp-json\/wp\/v2\/pages"}],"about":[{"href":"https:\/\/medinstrus.lt\/de\/wp-json\/wp\/v2\/types\/page"}],"author":[{"embeddable":true,"href":"https:\/\/medinstrus.lt\/de\/wp-json\/wp\/v2\/users\/2"}],"replies":[{"embeddable":true,"href":"https:\/\/medinstrus.lt\/de\/wp-json\/wp\/v2\/comments?post=3458"}],"version-history":[{"count":0,"href":"https:\/\/medinstrus.lt\/de\/wp-json\/wp\/v2\/pages\/3458\/revisions"}],"wp:attachment":[{"href":"https:\/\/medinstrus.lt\/de\/wp-json\/wp\/v2\/media?parent=3458"}],"curies":[{"name":"wp","href":"https:\/\/api.w.org\/{rel}","templated":true}]}}