{"id":3452,"date":"2024-10-30T19:56:11","date_gmt":"2024-10-30T17:56:11","guid":{"rendered":"https:\/\/medinstrus.lt\/eu-projekt\/"},"modified":"2024-10-30T19:56:11","modified_gmt":"2024-10-30T17:56:11","slug":"eu-projekt","status":"publish","type":"page","link":"https:\/\/medinstrus.lt\/de\/eu-projekt\/","title":{"rendered":"EU-Projekt"},"content":{"rendered":"<p><img loading=\"lazy\" decoding=\"async\" class=\"alignnone size-medium wp-image-1078\" src=\"https:\/\/medinstrus.lt\/wp-content\/uploads\/2024\/10\/es-parama-Picture-1-300x63.jpg\" alt=\"\" width=\"300\" height=\"63\" srcset=\"https:\/\/medinstrus.lt\/wp-content\/uploads\/2024\/10\/es-parama-Picture-1-300x63.jpg 300w, https:\/\/medinstrus.lt\/wp-content\/uploads\/2024\/10\/es-parama-Picture-1-1024x217.jpg 1024w, https:\/\/medinstrus.lt\/wp-content\/uploads\/2024\/10\/es-parama-Picture-1-768x162.jpg 768w, https:\/\/medinstrus.lt\/wp-content\/uploads\/2024\/10\/es-parama-Picture-1.jpg 1300w\" sizes=\"auto, (max-width: 300px) 100vw, 300px\" \/><\/p>\n<p>UAB &#8222;Medinstrus&#8220; \u012fgyvendina projekt\u0105 &#8222;UAB &#8222;Medinstrus&#8220; eksporto rink\u0173 pl\u0117tra dalyvaujant parodose ir sertifikuojant produkcij\u0105&#8220;. Projekto veiklos nukreiptos UAB &#8222;Medinstrus&#8220; produkcijos eksporto skatinimui, nauj\u0173 eksporto rink\u0173 paie\u0161kai ir jau esam\u0173 rink\u0173 pl\u0117trai, \u012fmon\u0117s konkurencingumo didinimui. <\/p>\n<p>Projektas \u012fgyvendinamas pagal 2022-2030 met\u0173 pl\u0117tros programos valdytojos Lietuvos Respublikos Ekonomikos ir inovacij\u0173 ministerijos Ekonomikos transformacijos ir konkurencingumo pl\u0117tros programos pa\u017eangos priemon\u0117s Nr. 05-001-01-11-04 &#8222;\u012egyvendinti eksporto konkurencingumo augim\u0105 skatinan\u010dias priemones&#8220; veikl\u0105 &#8222;MV\u012e veiklos tarptauti\u0161kumo ir nauj\u0173 eksporto rink\u0173 identifikavimo veikl\u0173 skatinimas (Vidurio ir vakar\u0173 Lietuvos regionas)&#8220;<\/p>\n<p>Bendra projekto vert\u0117 148 376 Eur, i\u0161 kuri\u0173 74 188 Eur skirta i\u0161 Europos regionin\u0117s pl\u0117tros fondo.<\/p>\n<p>Projekto veikl\u0173 \u012fgyvendinimo trukm\u0117 nuo 2024 sausio iki 2026 spalio.<\/p>\n<p>Daugiau informacijos: www.esinvesticijos.lt<\/p>\n","protected":false},"excerpt":{"rendered":"<p>UAB &#8222;Medinstrus&#8220; \u012fgyvendina projekt\u0105 &#8222;UAB &#8222;Medinstrus&#8220; eksporto rink\u0173 pl\u0117tra dalyvaujant parodose ir sertifikuojant produkcij\u0105&#8220;. Projekto veiklos nukreiptos UAB &#8222;Medinstrus&#8220; produkcijos eksporto skatinimui, nauj\u0173 eksporto rink\u0173 paie\u0161kai ir jau esam\u0173 rink\u0173 pl\u0117trai, \u012fmon\u0117s konkurencingumo didinimui. Projektas \u012fgyvendinamas pagal 2022-2030 met\u0173 pl\u0117tros programos valdytojos Lietuvos Respublikos Ekonomikos ir inovacij\u0173 ministerijos Ekonomikos transformacijos ir konkurencingumo pl\u0117tros programos pa\u017eangos priemon\u0117s Nr. 05-001-01-11-04 &#8222;\u012egyvendinti eksporto konkurencingumo augim\u0105 skatinan\u010dias priemones&#8220; veikl\u0105 &#8222;MV\u012e veiklos tarptauti\u0161kumo ir nauj\u0173 eksporto rink\u0173 identifikavimo veikl\u0173 skatinimas (Vidurio ir vakar\u0173 Lietuvos regionas)&#8220;&#8230;<\/p>\n","protected":false},"author":2,"featured_media":0,"parent":0,"menu_order":0,"comment_status":"closed","ping_status":"closed","template":"","meta":{"_acf_changed":false,"footnotes":""},"class_list":["post-3452","page","type-page","status-publish","hentry"],"acf":[],"yoast_head":"<!-- This site is optimized with the Yoast SEO Premium plugin v27.4 (Yoast SEO v27.4) - https:\/\/yoast.com\/product\/yoast-seo-premium-wordpress\/ -->\n<title>EU-Projekt - Medinstrus<\/title>\n<meta name=\"robots\" content=\"index, follow, max-snippet:-1, max-image-preview:large, max-video-preview:-1\" \/>\n<link rel=\"canonical\" href=\"https:\/\/medinstrus.lt\/de\/eu-projekt\/\" \/>\n<meta property=\"og:locale\" content=\"de_DE\" \/>\n<meta property=\"og:type\" content=\"article\" \/>\n<meta property=\"og:title\" content=\"EU-Projekt\" \/>\n<meta property=\"og:description\" content=\"UAB &#8222;Medinstrus&#8220; \u012fgyvendina projekt\u0105 &#8222;UAB &#8222;Medinstrus&#8220; eksporto rink\u0173 pl\u0117tra dalyvaujant parodose ir sertifikuojant produkcij\u0105&#8220;. Projekto veiklos nukreiptos UAB &#8222;Medinstrus&#8220; produkcijos eksporto skatinimui, nauj\u0173 eksporto rink\u0173 paie\u0161kai ir jau esam\u0173 rink\u0173 pl\u0117trai, \u012fmon\u0117s konkurencingumo didinimui. Projektas \u012fgyvendinamas pagal 2022-2030 met\u0173 pl\u0117tros programos valdytojos Lietuvos Respublikos Ekonomikos ir inovacij\u0173 ministerijos Ekonomikos transformacijos ir konkurencingumo pl\u0117tros programos pa\u017eangos priemon\u0117s Nr. 05-001-01-11-04 &#8222;\u012egyvendinti eksporto konkurencingumo augim\u0105 skatinan\u010dias priemones&#8220; veikl\u0105 &#8222;MV\u012e veiklos tarptauti\u0161kumo ir nauj\u0173 eksporto rink\u0173 identifikavimo veikl\u0173 skatinimas (Vidurio ir vakar\u0173 Lietuvos regionas)&#8220;...\" \/>\n<meta property=\"og:url\" content=\"https:\/\/medinstrus.lt\/de\/eu-projekt\/\" \/>\n<meta property=\"og:site_name\" content=\"Medinstrus\" \/>\n<meta property=\"article:publisher\" content=\"https:\/\/www.facebook.com\/medinstrus\/\" \/>\n<meta property=\"og:image\" content=\"https:\/\/medinstrus.lt\/wp-content\/uploads\/2024\/10\/es-parama-Picture-1.jpg\" \/>\n\t<meta property=\"og:image:width\" content=\"1300\" \/>\n\t<meta property=\"og:image:height\" content=\"275\" \/>\n\t<meta property=\"og:image:type\" content=\"image\/jpeg\" \/>\n<meta name=\"twitter:card\" content=\"summary_large_image\" \/>\n<meta name=\"twitter:label1\" content=\"Gesch\u00e4tzte Lesezeit\" \/>\n\t<meta name=\"twitter:data1\" content=\"1\u00a0Minute\" \/>\n<script type=\"application\/ld+json\" class=\"yoast-schema-graph\">{\"@context\":\"https:\\\/\\\/schema.org\",\"@graph\":[{\"@type\":\"WebPage\",\"@id\":\"https:\\\/\\\/medinstrus.lt\\\/de\\\/eu-projekt\\\/\",\"url\":\"https:\\\/\\\/medinstrus.lt\\\/de\\\/eu-projekt\\\/\",\"name\":\"EU-Projekt - Medinstrus\",\"isPartOf\":{\"@id\":\"https:\\\/\\\/medinstrus.lt\\\/de\\\/#website\"},\"primaryImageOfPage\":{\"@id\":\"https:\\\/\\\/medinstrus.lt\\\/de\\\/eu-projekt\\\/#primaryimage\"},\"image\":{\"@id\":\"https:\\\/\\\/medinstrus.lt\\\/de\\\/eu-projekt\\\/#primaryimage\"},\"thumbnailUrl\":\"https:\\\/\\\/medinstrus.lt\\\/wp-content\\\/uploads\\\/2024\\\/10\\\/es-parama-Picture-1-300x63.jpg\",\"datePublished\":\"2024-10-30T17:56:11+00:00\",\"breadcrumb\":{\"@id\":\"https:\\\/\\\/medinstrus.lt\\\/de\\\/eu-projekt\\\/#breadcrumb\"},\"inLanguage\":\"de\",\"potentialAction\":[{\"@type\":\"ReadAction\",\"target\":[\"https:\\\/\\\/medinstrus.lt\\\/de\\\/eu-projekt\\\/\"]}]},{\"@type\":\"ImageObject\",\"inLanguage\":\"de\",\"@id\":\"https:\\\/\\\/medinstrus.lt\\\/de\\\/eu-projekt\\\/#primaryimage\",\"url\":\"https:\\\/\\\/medinstrus.lt\\\/wp-content\\\/uploads\\\/2024\\\/10\\\/es-parama-Picture-1-300x63.jpg\",\"contentUrl\":\"https:\\\/\\\/medinstrus.lt\\\/wp-content\\\/uploads\\\/2024\\\/10\\\/es-parama-Picture-1-300x63.jpg\"},{\"@type\":\"BreadcrumbList\",\"@id\":\"https:\\\/\\\/medinstrus.lt\\\/de\\\/eu-projekt\\\/#breadcrumb\",\"itemListElement\":[{\"@type\":\"ListItem\",\"position\":1,\"name\":\"Home\",\"item\":\"https:\\\/\\\/medinstrus.lt\\\/de\\\/homepage\\\/\"},{\"@type\":\"ListItem\",\"position\":2,\"name\":\"EU-Projekt\"}]},{\"@type\":\"WebSite\",\"@id\":\"https:\\\/\\\/medinstrus.lt\\\/de\\\/#website\",\"url\":\"https:\\\/\\\/medinstrus.lt\\\/de\\\/\",\"name\":\"https:\\\/\\\/medinstrus.com\\\/\",\"description\":\"Simplicity combined with functionality.\",\"publisher\":{\"@id\":\"https:\\\/\\\/medinstrus.lt\\\/de\\\/#organization\"},\"potentialAction\":[{\"@type\":\"SearchAction\",\"target\":{\"@type\":\"EntryPoint\",\"urlTemplate\":\"https:\\\/\\\/medinstrus.lt\\\/de\\\/?s={search_term_string}\"},\"query-input\":{\"@type\":\"PropertyValueSpecification\",\"valueRequired\":true,\"valueName\":\"search_term_string\"}}],\"inLanguage\":\"de\"},{\"@type\":\"Organization\",\"@id\":\"https:\\\/\\\/medinstrus.lt\\\/de\\\/#organization\",\"name\":\"Medinstrus\",\"url\":\"https:\\\/\\\/medinstrus.lt\\\/de\\\/\",\"logo\":{\"@type\":\"ImageObject\",\"inLanguage\":\"de\",\"@id\":\"https:\\\/\\\/medinstrus.lt\\\/de\\\/#\\\/schema\\\/logo\\\/image\\\/\",\"url\":\"https:\\\/\\\/medinstrus.lt\\\/wp-content\\\/uploads\\\/2025\\\/02\\\/Medinstrus-v1.png\",\"contentUrl\":\"https:\\\/\\\/medinstrus.lt\\\/wp-content\\\/uploads\\\/2025\\\/02\\\/Medinstrus-v1.png\",\"width\":723,\"height\":96,\"caption\":\"Medinstrus\"},\"image\":{\"@id\":\"https:\\\/\\\/medinstrus.lt\\\/de\\\/#\\\/schema\\\/logo\\\/image\\\/\"},\"sameAs\":[\"https:\\\/\\\/www.facebook.com\\\/medinstrus\\\/\",\"https:\\\/\\\/www.instagram.com\\\/Medinstrus\"]}]}<\/script>\n<!-- \/ Yoast SEO Premium plugin. -->","yoast_head_json":{"title":"EU-Projekt - Medinstrus","robots":{"index":"index","follow":"follow","max-snippet":"max-snippet:-1","max-image-preview":"max-image-preview:large","max-video-preview":"max-video-preview:-1"},"canonical":"https:\/\/medinstrus.lt\/de\/eu-projekt\/","og_locale":"de_DE","og_type":"article","og_title":"EU-Projekt","og_description":"UAB &#8222;Medinstrus&#8220; \u012fgyvendina projekt\u0105 &#8222;UAB &#8222;Medinstrus&#8220; eksporto rink\u0173 pl\u0117tra dalyvaujant parodose ir sertifikuojant produkcij\u0105&#8220;. Projekto veiklos nukreiptos UAB &#8222;Medinstrus&#8220; produkcijos eksporto skatinimui, nauj\u0173 eksporto rink\u0173 paie\u0161kai ir jau esam\u0173 rink\u0173 pl\u0117trai, \u012fmon\u0117s konkurencingumo didinimui. Projektas \u012fgyvendinamas pagal 2022-2030 met\u0173 pl\u0117tros programos valdytojos Lietuvos Respublikos Ekonomikos ir inovacij\u0173 ministerijos Ekonomikos transformacijos ir konkurencingumo pl\u0117tros programos pa\u017eangos priemon\u0117s Nr. 05-001-01-11-04 &#8222;\u012egyvendinti eksporto konkurencingumo augim\u0105 skatinan\u010dias priemones&#8220; veikl\u0105 &#8222;MV\u012e veiklos tarptauti\u0161kumo ir nauj\u0173 eksporto rink\u0173 identifikavimo veikl\u0173 skatinimas (Vidurio ir vakar\u0173 Lietuvos regionas)&#8220;...","og_url":"https:\/\/medinstrus.lt\/de\/eu-projekt\/","og_site_name":"Medinstrus","article_publisher":"https:\/\/www.facebook.com\/medinstrus\/","og_image":[{"width":1300,"height":275,"url":"https:\/\/medinstrus.lt\/wp-content\/uploads\/2024\/10\/es-parama-Picture-1.jpg","type":"image\/jpeg"}],"twitter_card":"summary_large_image","twitter_misc":{"Gesch\u00e4tzte Lesezeit":"1\u00a0Minute"},"schema":{"@context":"https:\/\/schema.org","@graph":[{"@type":"WebPage","@id":"https:\/\/medinstrus.lt\/de\/eu-projekt\/","url":"https:\/\/medinstrus.lt\/de\/eu-projekt\/","name":"EU-Projekt - Medinstrus","isPartOf":{"@id":"https:\/\/medinstrus.lt\/de\/#website"},"primaryImageOfPage":{"@id":"https:\/\/medinstrus.lt\/de\/eu-projekt\/#primaryimage"},"image":{"@id":"https:\/\/medinstrus.lt\/de\/eu-projekt\/#primaryimage"},"thumbnailUrl":"https:\/\/medinstrus.lt\/wp-content\/uploads\/2024\/10\/es-parama-Picture-1-300x63.jpg","datePublished":"2024-10-30T17:56:11+00:00","breadcrumb":{"@id":"https:\/\/medinstrus.lt\/de\/eu-projekt\/#breadcrumb"},"inLanguage":"de","potentialAction":[{"@type":"ReadAction","target":["https:\/\/medinstrus.lt\/de\/eu-projekt\/"]}]},{"@type":"ImageObject","inLanguage":"de","@id":"https:\/\/medinstrus.lt\/de\/eu-projekt\/#primaryimage","url":"https:\/\/medinstrus.lt\/wp-content\/uploads\/2024\/10\/es-parama-Picture-1-300x63.jpg","contentUrl":"https:\/\/medinstrus.lt\/wp-content\/uploads\/2024\/10\/es-parama-Picture-1-300x63.jpg"},{"@type":"BreadcrumbList","@id":"https:\/\/medinstrus.lt\/de\/eu-projekt\/#breadcrumb","itemListElement":[{"@type":"ListItem","position":1,"name":"Home","item":"https:\/\/medinstrus.lt\/de\/homepage\/"},{"@type":"ListItem","position":2,"name":"EU-Projekt"}]},{"@type":"WebSite","@id":"https:\/\/medinstrus.lt\/de\/#website","url":"https:\/\/medinstrus.lt\/de\/","name":"https:\/\/medinstrus.com\/","description":"Simplicity combined with functionality.","publisher":{"@id":"https:\/\/medinstrus.lt\/de\/#organization"},"potentialAction":[{"@type":"SearchAction","target":{"@type":"EntryPoint","urlTemplate":"https:\/\/medinstrus.lt\/de\/?s={search_term_string}"},"query-input":{"@type":"PropertyValueSpecification","valueRequired":true,"valueName":"search_term_string"}}],"inLanguage":"de"},{"@type":"Organization","@id":"https:\/\/medinstrus.lt\/de\/#organization","name":"Medinstrus","url":"https:\/\/medinstrus.lt\/de\/","logo":{"@type":"ImageObject","inLanguage":"de","@id":"https:\/\/medinstrus.lt\/de\/#\/schema\/logo\/image\/","url":"https:\/\/medinstrus.lt\/wp-content\/uploads\/2025\/02\/Medinstrus-v1.png","contentUrl":"https:\/\/medinstrus.lt\/wp-content\/uploads\/2025\/02\/Medinstrus-v1.png","width":723,"height":96,"caption":"Medinstrus"},"image":{"@id":"https:\/\/medinstrus.lt\/de\/#\/schema\/logo\/image\/"},"sameAs":["https:\/\/www.facebook.com\/medinstrus\/","https:\/\/www.instagram.com\/Medinstrus"]}]}},"_links":{"self":[{"href":"https:\/\/medinstrus.lt\/de\/wp-json\/wp\/v2\/pages\/3452","targetHints":{"allow":["GET"]}}],"collection":[{"href":"https:\/\/medinstrus.lt\/de\/wp-json\/wp\/v2\/pages"}],"about":[{"href":"https:\/\/medinstrus.lt\/de\/wp-json\/wp\/v2\/types\/page"}],"author":[{"embeddable":true,"href":"https:\/\/medinstrus.lt\/de\/wp-json\/wp\/v2\/users\/2"}],"replies":[{"embeddable":true,"href":"https:\/\/medinstrus.lt\/de\/wp-json\/wp\/v2\/comments?post=3452"}],"version-history":[{"count":0,"href":"https:\/\/medinstrus.lt\/de\/wp-json\/wp\/v2\/pages\/3452\/revisions"}],"wp:attachment":[{"href":"https:\/\/medinstrus.lt\/de\/wp-json\/wp\/v2\/media?parent=3452"}],"curies":[{"name":"wp","href":"https:\/\/api.w.org\/{rel}","templated":true}]}}